{"id":45311,"date":"2025-08-13T11:37:12","date_gmt":"2025-08-13T09:37:12","guid":{"rendered":"https:\/\/pawz.rs\/?post_type=product&#038;p=45311"},"modified":"2025-08-13T16:58:32","modified_gmt":"2025-08-13T14:58:32","slug":"schesir-hrana-za-macke-tuna-i-incun-u-corbi","status":"publish","type":"product","link":"https:\/\/pawz.rs\/en\/schesir-hrana-za-macke-tuna-i-incun-u-corbi\/","title":{"rendered":"Schesir Hrana za Ma\u010dke Tuna i In\u0107un u \u010corbi 85g"},"content":{"rendered":"<p><strong>Schesir Hrana za Ma\u010dke Tuna i In\u0107un u \u010corbi<\/strong><\/p>\n<p>Minimalna kupovina 12 komada<\/p>\n<p>Svakodnevno stavljamo zdravlje na\u0161ih \u010detvorono\u017enih prijatelja na prvo mesto. Kreiramo recepte i formate koji odgovaraju fiziolo\u0161kim karakteristikama i specifi\u010dnim nutritivnim potrebama va\u0161e ma\u010dke, a da nikada ne zanemarimo njene prirodne instinkte.<\/p>\n<p><strong>Sastav: <\/strong>tuna 51%, bele ribe 4%, pirina\u010d 1,5%<\/p>\n<p><strong>Analytical composition: <\/strong>proteini 12%, sirove masti 0,2%, sirova vlakna 0,1%, sirovi pepeo 1,2%, vlaga 83%<\/p>\n<p><strong>Uputstvo za hranjenje:<\/strong><\/p>\n<p>Ma\u010dke te\u017eine 4 kg: 3 konzerve dnevno<br \/>\nMa\u010dke te\u017eine 6kg: 4 + \u00bd konzerve dnevno<br \/>\nMa\u010dke te\u017eine 8kg: 6 konzervi dnevno<\/p>\n<p>Servirati na sobnoj temperaturi. Nakon otvaranja dr\u017eati u fri\u017eideru i upotrebiti u roku od 48h<\/p>\n<p>Proizvo\u0111a\u010d: AGRAS DELIC S.P.A<br \/>\nZemlja porekla: Italija<\/p>\n<p><strong>\u00a0<\/strong><\/p>\n\n    <div class=\"xs_social_share_widget xs_share_url after_content \t\tmain_content  wslu-style-1 wslu-share-box-shaped wslu-fill-colored wslu-none wslu-share-horizontal wslu-theme-font-no wslu-main_content\">\n\n\t\t\n        <ul>\n\t\t\t        <\/ul>\n    <\/div>","protected":false},"excerpt":{"rendered":"<p>Schesir Hrana za Ma\u010dke Tuna i In\u0107un u \u010corbi<\/p>","protected":false},"featured_media":45312,"comment_status":"open","ping_status":"closed","template":"","meta":{"_acf_changed":false},"pwb-brand":[330,331],"product_cat":[23,21,150],"product_tag":[],"class_list":{"0":"post-45311","1":"product","2":"type-product","3":"status-publish","4":"has-post-thumbnail","6":"pwb-brand-schesir","7":"pwb-brand-schesir-hrana-za-macke","8":"product_cat-macke","9":"product_cat-hrana-za-macke","10":"product_cat-vlazna-hrana-za-macke","12":"first","13":"instock","14":"taxable","15":"shipping-taxable","16":"purchasable","17":"product-type-simple"},"acf":[],"brands":[{"id":330,"name":"Schesir","slug":"schesir"},{"id":331,"name":"Schesir Cat Food","slug":"schesir-hrana-za-macke"}],"_links":{"self":[{"href":"https:\/\/pawz.rs\/en\/wp-json\/wp\/v2\/product\/45311","targetHints":{"allow":["GET"]}}],"collection":[{"href":"https:\/\/pawz.rs\/en\/wp-json\/wp\/v2\/product"}],"about":[{"href":"https:\/\/pawz.rs\/en\/wp-json\/wp\/v2\/types\/product"}],"replies":[{"embeddable":true,"href":"https:\/\/pawz.rs\/en\/wp-json\/wp\/v2\/comments?post=45311"}],"wp:featuredmedia":[{"embeddable":true,"href":"https:\/\/pawz.rs\/en\/wp-json\/wp\/v2\/media\/45312"}],"wp:attachment":[{"href":"https:\/\/pawz.rs\/en\/wp-json\/wp\/v2\/media?parent=45311"}],"wp:term":[{"taxonomy":"pwb-brand","embeddable":true,"href":"https:\/\/pawz.rs\/en\/wp-json\/wp\/v2\/pwb-brand?post=45311"},{"taxonomy":"product_cat","embeddable":true,"href":"https:\/\/pawz.rs\/en\/wp-json\/wp\/v2\/product_cat?post=45311"},{"taxonomy":"product_tag","embeddable":true,"href":"https:\/\/pawz.rs\/en\/wp-json\/wp\/v2\/product_tag?post=45311"}],"curies":[{"name":"wp","href":"https:\/\/api.w.org\/{rel}","templated":true}]}}