{"id":45343,"date":"2025-08-13T12:58:53","date_gmt":"2025-08-13T10:58:53","guid":{"rendered":"https:\/\/pawz.rs\/?post_type=product&#038;p=45343"},"modified":"2025-08-14T10:18:11","modified_gmt":"2025-08-14T08:18:11","slug":"schesir-hrana-za-macke-tunjevina-i-losos-u-zeleu-85g","status":"publish","type":"product","link":"https:\/\/pawz.rs\/en\/schesir-hrana-za-macke-tunjevina-i-losos-u-zeleu-85g\/","title":{"rendered":"Schesir Hrana za Ma\u010dke Tunjevina i Losos u \u017deleu 85g"},"content":{"rendered":"<p><strong>Schesir Hrana za Ma\u010dke Tunjevina i Losos u \u017deleu<\/strong><\/p>\n<p>Minimalna kupovina 12 komada<\/p>\n<p>Schesir unapre\u0111uje prirodnu ishranu sa vla\u017enom konzerviranom hranom koja kombinacijom visoko kvalitetnih sastojaka predstavlja kompletnu i balansiranu hranu. Svaki recept je bogat vitaminima, mineralima i taurinom, esencijalnim elementima za zdravlje i vitalnost a koji su napravljeni tako da pru\u017ee sve neophodne nutrijente koji su neophodni ma\u010dkama, dok u isto vreme imaju neodoljiv ukus koji zadovoljava i najizbirljivije ma\u010dke.<\/p>\n<ul>\n<li>Tuna sa otvorenog mora<\/li>\n<li>Nekoliko jednostavnih i prirodnih sastojaka<\/li>\n<li>Visok sadr\u017eaj proteina i nisak sadr\u017eaj ugljenih hidrata<\/li>\n<li>Potpoma\u017ee hidrataciju<\/li>\n<li>U finom \u017eeleu<\/li>\n<\/ul>\n<p><strong>Sastav:\u00a0<\/strong>Tuna 51%, losos 4%, pirina\u010d 1,5%, rafinisano suncokretovo ulje 2%, minerali<\/p>\n<p><strong>Analytical composition:\u00a0<\/strong>Proteini 13%, sirove masti 1,5%, sirova vlakna 0,1% sirovi pepeo 1%, vlaga 84%<\/p>\n<p><strong>Uputstvo za hranjenje:<\/strong><\/p>\n<p>Ma\u010dke te\u017eine 4kg: 3 preliva dnevno<br \/>\nMa\u010dke te\u017eine 6kg: 4 + 1\/2 preliva dnevno<br \/>\nMa\u010dke te\u017eine 8kg: 6 preliva dnevno<\/p>\n<p>Servirati na sobnoj temperaturi. Nakon otvaranja dr\u017eati u fri\u017eideru i upotrebiti u roku od 48h<\/p>\n<p>Proizvo\u0111a\u010d: AGRAS DELIC S.P.A<br \/>\nZemlja porekla: Italija<\/p>\n<p><strong>\u00a0<\/strong><\/p>\n\n    <div class=\"xs_social_share_widget xs_share_url after_content \t\tmain_content  wslu-style-1 wslu-share-box-shaped wslu-fill-colored wslu-none wslu-share-horizontal wslu-theme-font-no wslu-main_content\">\n\n\t\t\n        <ul>\n\t\t\t        <\/ul>\n    <\/div>","protected":false},"excerpt":{"rendered":"<p>Schesir Hrana za Ma\u010dke Tunjevina i Losos u \u017deleu<\/p>","protected":false},"featured_media":45344,"comment_status":"open","ping_status":"closed","template":"","meta":{"_acf_changed":false},"pwb-brand":[330,331],"product_cat":[21,23,150],"product_tag":[],"class_list":{"0":"post-45343","1":"product","2":"type-product","3":"status-publish","4":"has-post-thumbnail","6":"pwb-brand-schesir","7":"pwb-brand-schesir-hrana-za-macke","8":"product_cat-hrana-za-macke","9":"product_cat-macke","10":"product_cat-vlazna-hrana-za-macke","12":"first","13":"instock","14":"taxable","15":"shipping-taxable","16":"purchasable","17":"product-type-simple"},"acf":[],"brands":[{"id":330,"name":"Schesir","slug":"schesir"},{"id":331,"name":"Schesir Cat Food","slug":"schesir-hrana-za-macke"}],"_links":{"self":[{"href":"https:\/\/pawz.rs\/en\/wp-json\/wp\/v2\/product\/45343","targetHints":{"allow":["GET"]}}],"collection":[{"href":"https:\/\/pawz.rs\/en\/wp-json\/wp\/v2\/product"}],"about":[{"href":"https:\/\/pawz.rs\/en\/wp-json\/wp\/v2\/types\/product"}],"replies":[{"embeddable":true,"href":"https:\/\/pawz.rs\/en\/wp-json\/wp\/v2\/comments?post=45343"}],"wp:featuredmedia":[{"embeddable":true,"href":"https:\/\/pawz.rs\/en\/wp-json\/wp\/v2\/media\/45344"}],"wp:attachment":[{"href":"https:\/\/pawz.rs\/en\/wp-json\/wp\/v2\/media?parent=45343"}],"wp:term":[{"taxonomy":"pwb-brand","embeddable":true,"href":"https:\/\/pawz.rs\/en\/wp-json\/wp\/v2\/pwb-brand?post=45343"},{"taxonomy":"product_cat","embeddable":true,"href":"https:\/\/pawz.rs\/en\/wp-json\/wp\/v2\/product_cat?post=45343"},{"taxonomy":"product_tag","embeddable":true,"href":"https:\/\/pawz.rs\/en\/wp-json\/wp\/v2\/product_tag?post=45343"}],"curies":[{"name":"wp","href":"https:\/\/api.w.org\/{rel}","templated":true}]}}