{"id":4536,"date":"2023-02-28T16:34:30","date_gmt":"2023-02-28T15:34:30","guid":{"rendered":"https:\/\/pawz.rs\/?post_type=product&#038;p=4536"},"modified":"2023-06-01T14:02:47","modified_gmt":"2023-06-01T12:02:47","slug":"nd-prime-lamb-blueberry-medium-maxi","status":"publish","type":"product","link":"https:\/\/pawz.rs\/en\/nd-prime-lamb-blueberry-medium-maxi\/","title":{"rendered":"N&#038;D Prime Lamb &#038; Blueberry Medium\/Maxi"},"content":{"rendered":"<p><strong>N&amp;D Prime Lamb &amp; Blueberry Medium\/Maxi<\/strong><\/p>\n<div class=\"intro\">\n<p>Piletina i nar. Kompletna hrana za odrasle pse.<\/p>\n<\/div>\n<p><strong>SASTAV<\/strong><br \/>\nSve\u017ee pile\u0107e meso bez kostiju (26%), dehidrirano pile\u0107e meso (25%), krompir, pile\u0107a mast, jaja u prahu, sve\u017ea haringa, dihidrirana haringa, riblje ulje (haringe), biljna vlakna gra\u0161ka, osu\u0161ena \u0161argarepa, osu\u0161ena lucerka, inulin, fruktooligosaharidi, ekstrakt kvasca (izvor manan-oligosaharida), osu\u0161eni nar (0,5%), osu\u0161ena jabuka, osu\u0161eni spana\u0107, psilijum (0,3%), osu\u0161ena slatka pomorand\u017ea, osu\u0161ena borovnica, natrijum hlorid, suvi pivski kvasac, koren kurkume (0,2%), glukozamin, hondroitin sulfat.<\/p>\n<p><strong>NUTRITIVNI SASTOJCI ADITIVI PO KG<\/strong><br \/>\nDodaci po kg &#8211; hranljivi dodaci: Vitamin A 15000 IJ; Vitamin D3 1500 IJ; Vitamin E 600 mg; Vitamin C 150 mg; nijacin 37,5 mg; pantotenska kiselina 15 mg; Vitamin B2 7,5 mg; Vitamin B6 6 mg; Vitamin B1 4,5 mg; Vitamin H 0,38 mg; folna kiselina 0,45 mg; Vitamin B12 0,1 mg; holin hlorid 2500 mg; Beta-karoten 1,5 mg; cink helat analog metionin hidroksilaze 910 mg; mangan helat analog metionin hidroksilaze 380 mg; gvo\u017e\u0111e helat glicin hidrata 250 mg; bakar helat analog metionin hidroksilaze 88 mg; selenizovani inaktivisani kvasac 0,4 mg; DL-metionin 4000 mg; taurin 1000 mg; L-karnitin 300 mg. Organolepti\u010dki dodaci: ekstrakt aloe vere 1000 mg; ekstrakt zelenog \u010daja 100 mg; ekstrakt ruzmarina. Antiokidant: tokoferolom bogati ekstrakti iz prirodnih izvora.<\/p>\n<p>ANALITI\u010cKI SASTAV<br \/>\nSirovi proteini 37 %; sirova ulja i masti 18 %; sirova vlakna 2,6%; vlaga 9%; sirovi pepeo 7,8%; Kalcijum 1,3%; Fosfor 0,9%; Omega-6 3,3%; Omega-3 0,9%; DHA 0,5%; EPA 0,3%; Glukozamin 1200 mg\/kg; Hondroitin sulfat 900 mg\/kg.<\/p>\n<p><strong>ENERGETSKA VREDNOST<\/strong><br \/>\nEM Kcal\/Kg 3999 &#8211; Mj\/Kg 16,73<\/p>\n<p>Serve food in dry form with available fresh water.<br \/>\nFor your pet&#039;s health, consult a veterinarian regularly.<\/p>\n<p>Store the product in a dry, dark and cool place.<\/p>\n<p>Proizvo\u0111a\u010d: Farmina Pet Foods, In\u0111ija, Srbija<br \/>\nZemlja porekla: Srbija<\/p>\n\n    <div class=\"xs_social_share_widget xs_share_url after_content \t\tmain_content  wslu-style-1 wslu-share-box-shaped wslu-fill-colored wslu-none wslu-share-horizontal wslu-theme-font-no wslu-main_content\">\n\n\t\t\n        <ul>\n\t\t\t        <\/ul>\n    <\/div>","protected":false},"excerpt":{"rendered":"<p>N&amp;D Prime Lamb &amp; Blueberry Medium\/Maxi &#8211; Piletina i nar. Kompletna hrana za odrasle pse.<\/p>","protected":false},"featured_media":4533,"comment_status":"open","ping_status":"closed","template":"","meta":{"_acf_changed":false},"pwb-brand":[309,311],"product_cat":[49,48,47],"product_tag":[],"class_list":{"0":"post-4536","1":"product","2":"type-product","3":"status-publish","4":"has-post-thumbnail","6":"pwb-brand-nd-natural-delicious","7":"pwb-brand-nd-natural-delicious-hrana-za-pse","8":"product_cat-granule-za-pse","9":"product_cat-hrana-za-pse","10":"product_cat-psi","12":"first","13":"instock","14":"taxable","15":"shipping-taxable","16":"purchasable","17":"product-type-variable","18":"has-default-attributes"},"acf":[],"brands":[{"id":309,"name":"N&amp;D - Natural &amp; Delicious","slug":"nd-natural-delicious"},{"id":311,"name":"N&amp;D \u2013 Natural &amp; Delicious Dog Food","slug":"nd-natural-delicious-hrana-za-pse"}],"_links":{"self":[{"href":"https:\/\/pawz.rs\/en\/wp-json\/wp\/v2\/product\/4536","targetHints":{"allow":["GET"]}}],"collection":[{"href":"https:\/\/pawz.rs\/en\/wp-json\/wp\/v2\/product"}],"about":[{"href":"https:\/\/pawz.rs\/en\/wp-json\/wp\/v2\/types\/product"}],"replies":[{"embeddable":true,"href":"https:\/\/pawz.rs\/en\/wp-json\/wp\/v2\/comments?post=4536"}],"wp:featuredmedia":[{"embeddable":true,"href":"https:\/\/pawz.rs\/en\/wp-json\/wp\/v2\/media\/4533"}],"wp:attachment":[{"href":"https:\/\/pawz.rs\/en\/wp-json\/wp\/v2\/media?parent=4536"}],"wp:term":[{"taxonomy":"pwb-brand","embeddable":true,"href":"https:\/\/pawz.rs\/en\/wp-json\/wp\/v2\/pwb-brand?post=4536"},{"taxonomy":"product_cat","embeddable":true,"href":"https:\/\/pawz.rs\/en\/wp-json\/wp\/v2\/product_cat?post=4536"},{"taxonomy":"product_tag","embeddable":true,"href":"https:\/\/pawz.rs\/en\/wp-json\/wp\/v2\/product_tag?post=4536"}],"curies":[{"name":"wp","href":"https:\/\/api.w.org\/{rel}","templated":true}]}}