{"id":45367,"date":"2025-08-13T14:39:46","date_gmt":"2025-08-13T12:39:46","guid":{"rendered":"https:\/\/pawz.rs\/?post_type=product&#038;p=45367"},"modified":"2025-08-14T11:52:45","modified_gmt":"2025-08-14T09:52:45","slug":"schesir-hrana-za-macke-prelivi-piletina-u-zeleu-70g","status":"publish","type":"product","link":"https:\/\/pawz.rs\/en\/schesir-hrana-za-macke-prelivi-piletina-u-zeleu-70g\/","title":{"rendered":"Schesir Hrana za Ma\u010dke Prelivi Piletina u \u017deleu 70g"},"content":{"rendered":"<p><strong>Schesir Hrana za Ma\u010dke Prelivi Piletina u \u017deleu 70g<\/strong><\/p>\n<p>Minimalna kupovina 12 komada<\/p>\n<p>Schesir je najbolji izbor ukoliko \u017eelite savr\u0161enu ishranu za Va\u0161u ma\u010dku. Mi uvek stavljamo zdravlje Va\u0161eg \u010detvorono\u017enog prijatelja na prvo mesto. Stvaramo recepte i formate koji zadovoljavaju fiziolo\u0161ke karakteristike i specfi\u010dne nutritivne porebe Va\u0161e ma\u010dke ne ignori\u0161u\u0107i njegove prirodne instikte.<\/p>\n<ul>\n<li>Premijum fileti piletine<\/li>\n<li>Nekoliko jednostavnih i prirodnih sastojaka<\/li>\n<li>Visok sadr\u017eaj proteina i nisak sadr\u017eaj ugljenih hidrata<\/li>\n<li>Potpoma\u017ee hidrataciju<\/li>\n<li>U finom \u017eeleu<\/li>\n<\/ul>\n<p><strong>Sastav:\u00a0<\/strong>Fileti piletine 62%, pirina\u010d 1,5%<\/p>\n<p><strong>Analytical composition:\u00a0<\/strong>Proteini 15%, sirove masti 1%, sirova vlakna 1% sirovi pepeo 2%, vlaga 85%<\/p>\n<p><strong>Uputstvo za hranjenje:<\/strong><\/p>\n<p>Ova hrana je dodatak uobi\u010dajenoj ishrani ma\u010daka. Mo\u017eete je davati zasebno ili kao dodatak kompletnoj i balansiranoj hrani za ma\u010dke.<\/p>\n<p>Maksimum 2 preliva dnevno<\/p>\n<p>Servirati na sobnoj temperaturi. Nakon otvaranja dr\u017eati u fri\u017eideru i upotrebiti u roku od 48h<\/p>\n<p>Proizvo\u0111a\u010d: AGRAS DELIC S.P.A<br \/>\nZemlja porekla: Italija<\/p>\n<p><strong>\u00a0<\/strong><\/p>\n\n    <div class=\"xs_social_share_widget xs_share_url after_content \t\tmain_content  wslu-style-1 wslu-share-box-shaped wslu-fill-colored wslu-none wslu-share-horizontal wslu-theme-font-no wslu-main_content\">\n\n\t\t\n        <ul>\n\t\t\t        <\/ul>\n    <\/div>","protected":false},"excerpt":{"rendered":"<p>Schesir Hrana za Ma\u010dke Prelivi Piletina u \u017deleu 70g<\/p>","protected":false},"featured_media":45369,"comment_status":"open","ping_status":"closed","template":"","meta":{"_acf_changed":false},"pwb-brand":[330,331],"product_cat":[23,21,150],"product_tag":[],"class_list":{"0":"post-45367","1":"product","2":"type-product","3":"status-publish","4":"has-post-thumbnail","6":"pwb-brand-schesir","7":"pwb-brand-schesir-hrana-za-macke","8":"product_cat-macke","9":"product_cat-hrana-za-macke","10":"product_cat-vlazna-hrana-za-macke","12":"first","13":"instock","14":"taxable","15":"shipping-taxable","16":"purchasable","17":"product-type-simple"},"acf":[],"brands":[{"id":330,"name":"Schesir","slug":"schesir"},{"id":331,"name":"Schesir Cat Food","slug":"schesir-hrana-za-macke"}],"_links":{"self":[{"href":"https:\/\/pawz.rs\/en\/wp-json\/wp\/v2\/product\/45367","targetHints":{"allow":["GET"]}}],"collection":[{"href":"https:\/\/pawz.rs\/en\/wp-json\/wp\/v2\/product"}],"about":[{"href":"https:\/\/pawz.rs\/en\/wp-json\/wp\/v2\/types\/product"}],"replies":[{"embeddable":true,"href":"https:\/\/pawz.rs\/en\/wp-json\/wp\/v2\/comments?post=45367"}],"wp:featuredmedia":[{"embeddable":true,"href":"https:\/\/pawz.rs\/en\/wp-json\/wp\/v2\/media\/45369"}],"wp:attachment":[{"href":"https:\/\/pawz.rs\/en\/wp-json\/wp\/v2\/media?parent=45367"}],"wp:term":[{"taxonomy":"pwb-brand","embeddable":true,"href":"https:\/\/pawz.rs\/en\/wp-json\/wp\/v2\/pwb-brand?post=45367"},{"taxonomy":"product_cat","embeddable":true,"href":"https:\/\/pawz.rs\/en\/wp-json\/wp\/v2\/product_cat?post=45367"},{"taxonomy":"product_tag","embeddable":true,"href":"https:\/\/pawz.rs\/en\/wp-json\/wp\/v2\/product_tag?post=45367"}],"curies":[{"name":"wp","href":"https:\/\/api.w.org\/{rel}","templated":true}]}}