{"id":45480,"date":"2025-08-14T18:52:26","date_gmt":"2025-08-14T16:52:26","guid":{"rendered":"https:\/\/pawz.rs\/?post_type=product&#038;p=45480"},"modified":"2025-09-21T19:27:17","modified_gmt":"2025-09-21T17:27:17","slug":"trixie-grebalica-baena-postolje-69cm-puder-roze","status":"publish","type":"product","link":"https:\/\/pawz.rs\/en\/trixie-grebalica-baena-postolje-69cm-puder-roze\/","title":{"rendered":"Trixie Grebalica Baena Postolje 69cm Puder Roze"},"content":{"rendered":"<p><strong>Trixie Grebalica Baena Postolje 69cm Puder Roze<\/strong><\/p>\n<p>Originalna Trixie grebalica za ma\u010dke, koju \u0107e va\u0161a ma\u010dka zavoleti prvi put kada je isprobate. Stubi\u0107 sa kvadratnom osnovom i povr\u0161inom za odmor je dizajnirana za grebanje i opu\u0161tanje. Stubi\u0107 je obmotan sisal vlaknima te\u017eine 280 g\/m\u00b2.<\/p>\n<p>Prednosti BEANA TRIXIE stubi\u0107a:<\/p>\n<ul>\n<li>grebalica sa povr\u0161inom za odmor<\/li>\n<li>bez potrebe za velikim prostorom<\/li>\n<li>za grebanje i opu\u0161tanje<\/li>\n<li>Veli\u010dina osnove: 380 x 380 mm<\/li>\n<li>Veli\u010dina stubi\u0107a: 690 x 90 mm (visina x pre\u010dnik)<\/li>\n<li>Vlakna od jute: 6 mm (280 g\/m\u00b2)<\/li>\n<li>Materijal: sisal, pli\u0161 (sa dezenom)<\/li>\n<\/ul>\n<p>Proizvo\u0111a\u010d: TRIXIE Pet Products, Inc<br \/>\nZemlja Porekla: Nema\u010dka<\/p>\n\n    <div class=\"xs_social_share_widget xs_share_url after_content \t\tmain_content  wslu-style-1 wslu-share-box-shaped wslu-fill-colored wslu-none wslu-share-horizontal wslu-theme-font-no wslu-main_content\">\n\n\t\t\n        <ul>\n\t\t\t        <\/ul>\n    <\/div>","protected":false},"excerpt":{"rendered":"<p>Trixie Grebalica Baena Postolje 69cm Puder Roze<\/p>","protected":false},"featured_media":45552,"comment_status":"open","ping_status":"closed","template":"","meta":{"_acf_changed":false},"pwb-brand":[465],"product_cat":[1525,23,765,767],"product_tag":[],"class_list":{"0":"post-45480","1":"product","2":"type-product","3":"status-publish","4":"has-post-thumbnail","6":"pwb-brand-trixie","7":"product_cat-grebalice-penjalice-za-macke","8":"product_cat-macke","9":"product_cat-oprema-za-macke","10":"product_cat-igracke-za-macke","12":"first","13":"instock","14":"taxable","15":"shipping-taxable","16":"purchasable","17":"product-type-simple"},"acf":[],"brands":[{"id":465,"name":"Trixie","slug":"trixie"}],"_links":{"self":[{"href":"https:\/\/pawz.rs\/en\/wp-json\/wp\/v2\/product\/45480","targetHints":{"allow":["GET"]}}],"collection":[{"href":"https:\/\/pawz.rs\/en\/wp-json\/wp\/v2\/product"}],"about":[{"href":"https:\/\/pawz.rs\/en\/wp-json\/wp\/v2\/types\/product"}],"replies":[{"embeddable":true,"href":"https:\/\/pawz.rs\/en\/wp-json\/wp\/v2\/comments?post=45480"}],"wp:featuredmedia":[{"embeddable":true,"href":"https:\/\/pawz.rs\/en\/wp-json\/wp\/v2\/media\/45552"}],"wp:attachment":[{"href":"https:\/\/pawz.rs\/en\/wp-json\/wp\/v2\/media?parent=45480"}],"wp:term":[{"taxonomy":"pwb-brand","embeddable":true,"href":"https:\/\/pawz.rs\/en\/wp-json\/wp\/v2\/pwb-brand?post=45480"},{"taxonomy":"product_cat","embeddable":true,"href":"https:\/\/pawz.rs\/en\/wp-json\/wp\/v2\/product_cat?post=45480"},{"taxonomy":"product_tag","embeddable":true,"href":"https:\/\/pawz.rs\/en\/wp-json\/wp\/v2\/product_tag?post=45480"}],"curies":[{"name":"wp","href":"https:\/\/api.w.org\/{rel}","templated":true}]}}