{"id":45774,"date":"2025-08-17T22:10:24","date_gmt":"2025-08-17T20:10:24","guid":{"rendered":"https:\/\/pawz.rs\/?post_type=product&#038;p=45774"},"modified":"2025-08-17T22:50:42","modified_gmt":"2025-08-17T20:50:42","slug":"freedog-transporter-fly-crveni-40x20x26cm","status":"publish","type":"product","link":"https:\/\/pawz.rs\/en\/freedog-transporter-fly-crveni-40x20x26cm\/","title":{"rendered":"Freedog Transporter Fly Crveni 40x20x26cm"},"content":{"rendered":"<p><strong>Freedog Transporter Fly Crveni 40x20x26cm<\/strong><\/p>\n<p>Transporter, torba za kuc\u0301ne ljubimce. Veoma otporan i lagan. Unutra\u0161njost podstavljena tako da va\u0161i ljubimci putuju sa najvec\u0301om moguc\u0301om udobno\u0161c\u0301u i dobro za\u0161tic\u0301eni.<\/p>\n<ul>\n<li>Mre\u017easti sistem za bolju ventilaciju<\/li>\n<li>Sadr\u017ei dvostruku ru\u010dku i podesivi remen za no\u0161enje preko ramena<\/li>\n<li>Sistem pojaseva omoguc\u0301ava da se transporter dr\u017ei u bilo kom vozilu<\/li>\n<li>Materijal: 90% poliester, 10% PVC.<\/li>\n<\/ul>\n<p>Proizvo\u0111a\u010d: Freedog<br \/>\nZemlja Porekla: USA<\/p>\n\n    <div class=\"xs_social_share_widget xs_share_url after_content \t\tmain_content  wslu-style-1 wslu-share-box-shaped wslu-fill-colored wslu-none wslu-share-horizontal wslu-theme-font-no wslu-main_content\">\n\n\t\t\n        <ul>\n\t\t\t        <\/ul>\n    <\/div>","protected":false},"excerpt":{"rendered":"<p>Freedog Transporter Fly Crveni 40x20x26cm<\/p>","protected":false},"featured_media":45775,"comment_status":"open","ping_status":"closed","template":"","meta":{"_acf_changed":false},"pwb-brand":[1399],"product_cat":[763,47,202],"product_tag":[],"class_list":{"0":"post-45774","1":"product","2":"type-product","3":"status-publish","4":"has-post-thumbnail","6":"pwb-brand-freedog","7":"product_cat-krevetici-i-transporteri","8":"product_cat-psi","9":"product_cat-oprema-za-pse","11":"first","12":"outofstock","13":"taxable","14":"shipping-taxable","15":"purchasable","16":"product-type-simple"},"acf":[],"brands":[{"id":1399,"name":"Freedog","slug":"freedog"}],"_links":{"self":[{"href":"https:\/\/pawz.rs\/en\/wp-json\/wp\/v2\/product\/45774","targetHints":{"allow":["GET"]}}],"collection":[{"href":"https:\/\/pawz.rs\/en\/wp-json\/wp\/v2\/product"}],"about":[{"href":"https:\/\/pawz.rs\/en\/wp-json\/wp\/v2\/types\/product"}],"replies":[{"embeddable":true,"href":"https:\/\/pawz.rs\/en\/wp-json\/wp\/v2\/comments?post=45774"}],"wp:featuredmedia":[{"embeddable":true,"href":"https:\/\/pawz.rs\/en\/wp-json\/wp\/v2\/media\/45775"}],"wp:attachment":[{"href":"https:\/\/pawz.rs\/en\/wp-json\/wp\/v2\/media?parent=45774"}],"wp:term":[{"taxonomy":"pwb-brand","embeddable":true,"href":"https:\/\/pawz.rs\/en\/wp-json\/wp\/v2\/pwb-brand?post=45774"},{"taxonomy":"product_cat","embeddable":true,"href":"https:\/\/pawz.rs\/en\/wp-json\/wp\/v2\/product_cat?post=45774"},{"taxonomy":"product_tag","embeddable":true,"href":"https:\/\/pawz.rs\/en\/wp-json\/wp\/v2\/product_tag?post=45774"}],"curies":[{"name":"wp","href":"https:\/\/api.w.org\/{rel}","templated":true}]}}