{"id":45778,"date":"2025-08-17T22:10:32","date_gmt":"2025-08-17T20:10:32","guid":{"rendered":"https:\/\/pawz.rs\/?post_type=product&#038;p=45778"},"modified":"2025-08-17T23:02:15","modified_gmt":"2025-08-17T21:02:15","slug":"freedog-ranac-beta-plavi-35x30x42cm","status":"publish","type":"product","link":"https:\/\/pawz.rs\/en\/freedog-ranac-beta-plavi-35x30x42cm\/","title":{"rendered":"Freedog Ranac Beta Plavi 35x30x42cm"},"content":{"rendered":"<p><strong>Freedog Ranac Beta Plavi 35x30x42cm<\/strong><\/p>\n<p>Ranac Beta je namenjen malim psima i ma\u010dkama. Veoma otporan i lagan ranac za transport va\u0161ih ljubimaca. Napravljen od visokokvalitetnog Oksford 300D najlona. Ovaj ranac vam pru\u017ea fleksibilniju i lak\u0161u alternativu standardnim nosa\u010dima koje koristite kada vodite svog ljubimca veterinaru ili na tretman za negu.<\/p>\n<ul>\n<li>Prednji rajsfer\u0161lus omogu\u0107ava lak pristup unutra\u0161njosti ranca kada je to potrebno.<\/li>\n<li>Poseduje dva kai\u0161a\u00a0tako da ga mo\u017eete udobno nositi na le\u0111ima, dok se sa unutra\u0161nje strane nalazi karabin za pri\u010dvr\u0161c\u0301ivanje ogrlice ili pojasa va\u0161eg ljubimca kako biste spre\u010dili da pobegne tokom putovanja.<\/li>\n<li>Sa svih strana (prednja, bo\u010dna i gornja strana) postoji providni PVC koji omoguc\u0301ava va\u0161em ljubimcu da bude svestan svog okru\u017eenja, tako da se osec\u0301a sigurnije i mirnije tokom boravka u rancu.<\/li>\n<\/ul>\n<p><strong>Maksimalna nosivost<\/strong>: za pse te\u017eine do 8 kg<br \/>\n<strong>Dimenzije<\/strong>: 35 x 30 x 42 cm<br \/>\n<strong>Materijal<\/strong>: 90% poliester &#8211; 10% PVC<\/p>\n<p>Proizvo\u0111a\u010d: Freedog<br \/>\nZemlja Porekla: USA<\/p>\n\n    <div class=\"xs_social_share_widget xs_share_url after_content \t\tmain_content  wslu-style-1 wslu-share-box-shaped wslu-fill-colored wslu-none wslu-share-horizontal wslu-theme-font-no wslu-main_content\">\n\n\t\t\n        <ul>\n\t\t\t        <\/ul>\n    <\/div>","protected":false},"excerpt":{"rendered":"<p>Freedog Ranac Beta Plavi 35x30x42cm<\/p>","protected":false},"featured_media":45779,"comment_status":"open","ping_status":"closed","template":"","meta":{"_acf_changed":false},"pwb-brand":[1399],"product_cat":[763,47,202],"product_tag":[],"class_list":{"0":"post-45778","1":"product","2":"type-product","3":"status-publish","4":"has-post-thumbnail","6":"pwb-brand-freedog","7":"product_cat-krevetici-i-transporteri","8":"product_cat-psi","9":"product_cat-oprema-za-pse","11":"first","12":"outofstock","13":"taxable","14":"shipping-taxable","15":"purchasable","16":"product-type-simple"},"acf":[],"brands":[{"id":1399,"name":"Freedog","slug":"freedog"}],"_links":{"self":[{"href":"https:\/\/pawz.rs\/en\/wp-json\/wp\/v2\/product\/45778","targetHints":{"allow":["GET"]}}],"collection":[{"href":"https:\/\/pawz.rs\/en\/wp-json\/wp\/v2\/product"}],"about":[{"href":"https:\/\/pawz.rs\/en\/wp-json\/wp\/v2\/types\/product"}],"replies":[{"embeddable":true,"href":"https:\/\/pawz.rs\/en\/wp-json\/wp\/v2\/comments?post=45778"}],"wp:featuredmedia":[{"embeddable":true,"href":"https:\/\/pawz.rs\/en\/wp-json\/wp\/v2\/media\/45779"}],"wp:attachment":[{"href":"https:\/\/pawz.rs\/en\/wp-json\/wp\/v2\/media?parent=45778"}],"wp:term":[{"taxonomy":"pwb-brand","embeddable":true,"href":"https:\/\/pawz.rs\/en\/wp-json\/wp\/v2\/pwb-brand?post=45778"},{"taxonomy":"product_cat","embeddable":true,"href":"https:\/\/pawz.rs\/en\/wp-json\/wp\/v2\/product_cat?post=45778"},{"taxonomy":"product_tag","embeddable":true,"href":"https:\/\/pawz.rs\/en\/wp-json\/wp\/v2\/product_tag?post=45778"}],"curies":[{"name":"wp","href":"https:\/\/api.w.org\/{rel}","templated":true}]}}