{"id":45999,"date":"2025-08-25T21:00:59","date_gmt":"2025-08-25T19:00:59","guid":{"rendered":"https:\/\/pawz.rs\/?post_type=product&#038;p=45999"},"modified":"2025-08-25T21:00:59","modified_gmt":"2025-08-25T19:00:59","slug":"trixie-kucica-za-mace-sa-balkonom-od-drveta-45x65x45cm-sivo-bela","status":"publish","type":"product","link":"https:\/\/pawz.rs\/en\/trixie-kucica-za-mace-sa-balkonom-od-drveta-45x65x45cm-sivo-bela\/","title":{"rendered":"Trixie Ku\u0107ica za Ma\u010de sa Balkonom od Drveta 45x65x45cm Sivo\/Bela"},"content":{"rendered":"<p><strong>Trixie Ku\u0107ica za Ma\u010de sa Balkonom od Drveta 45x65x45cm Sivo\/BelaSOFT verzija<\/strong><\/p>\n<ul>\n<li>za unutra\u0161nju i spolja\u0161nju upotrebu (za\u0161ticeno od ki\u0161e)<\/li>\n<li>od borovine, zastakljeno<\/li>\n<li>noge sa zemlje \u0161tite od vlage i hladnoce i obezbedjuju dobru cirkulaciju vazduha ispod ku\u0107ice\n<p>Va\u0161 ku\u0107ica za ma\u010dke je tretirana netoksi\u010dnom glazurom i za\u0161ticena od svih vremenskih uslova. Da biste odr\u017eali ovu za\u0161titu, preporu\u010dujemo farbanje drveta svake 1-3 godine netoksi\u010dnom glazurom za drvo ili bojom (na vodenoj bazi, pogodnoj za spolja\u0161nju upotrebu).<\/p>\n<p>Redovno proveravajte da li iznutra u ku\u0107ici postoje znakovi grickanja i po potrebi ih popravite, tako da ce va\u0161 ljubimac i dalje biti dobro za\u0161ticen i be\u017ebedan.<\/li>\n<\/ul>\n<p>Proizvo\u0111a\u010d: TRIXIE Pet Products, Inc<br \/>\nZemlja Porekla: Nema\u010dka<\/p>\n\n    <div class=\"xs_social_share_widget xs_share_url after_content \t\tmain_content  wslu-style-1 wslu-share-box-shaped wslu-fill-colored wslu-none wslu-share-horizontal wslu-theme-font-no wslu-main_content\">\n\n\t\t\n        <ul>\n\t\t\t        <\/ul>\n    <\/div>","protected":false},"excerpt":{"rendered":"<p>Trixie Ku\u0107ica za Ma\u010de sa Balkonom od Drveta 45x65x45cm Sivo\/BelaSOFT verzija<\/p>","protected":false},"featured_media":46000,"comment_status":"open","ping_status":"closed","template":"","meta":{"_acf_changed":false},"pwb-brand":[465],"product_cat":[23,765,769],"product_tag":[],"class_list":{"0":"post-45999","1":"product","2":"type-product","3":"status-publish","4":"has-post-thumbnail","6":"pwb-brand-trixie","7":"product_cat-macke","8":"product_cat-oprema-za-macke","9":"product_cat-krevetici-i-transporteri-macke","11":"first","12":"instock","13":"taxable","14":"shipping-taxable","15":"purchasable","16":"product-type-simple"},"acf":[],"brands":[{"id":465,"name":"Trixie","slug":"trixie"}],"_links":{"self":[{"href":"https:\/\/pawz.rs\/en\/wp-json\/wp\/v2\/product\/45999","targetHints":{"allow":["GET"]}}],"collection":[{"href":"https:\/\/pawz.rs\/en\/wp-json\/wp\/v2\/product"}],"about":[{"href":"https:\/\/pawz.rs\/en\/wp-json\/wp\/v2\/types\/product"}],"replies":[{"embeddable":true,"href":"https:\/\/pawz.rs\/en\/wp-json\/wp\/v2\/comments?post=45999"}],"wp:featuredmedia":[{"embeddable":true,"href":"https:\/\/pawz.rs\/en\/wp-json\/wp\/v2\/media\/46000"}],"wp:attachment":[{"href":"https:\/\/pawz.rs\/en\/wp-json\/wp\/v2\/media?parent=45999"}],"wp:term":[{"taxonomy":"pwb-brand","embeddable":true,"href":"https:\/\/pawz.rs\/en\/wp-json\/wp\/v2\/pwb-brand?post=45999"},{"taxonomy":"product_cat","embeddable":true,"href":"https:\/\/pawz.rs\/en\/wp-json\/wp\/v2\/product_cat?post=45999"},{"taxonomy":"product_tag","embeddable":true,"href":"https:\/\/pawz.rs\/en\/wp-json\/wp\/v2\/product_tag?post=45999"}],"curies":[{"name":"wp","href":"https:\/\/api.w.org\/{rel}","templated":true}]}}