{"id":46016,"date":"2025-08-25T16:49:29","date_gmt":"2025-08-25T14:49:29","guid":{"rendered":"https:\/\/pawz.rs\/?post_type=product&#038;p=46016"},"modified":"2025-08-25T21:03:31","modified_gmt":"2025-08-25T19:03:31","slug":"trixie-kucica-za-mace-zidna-montaza-40x40x31cm","status":"publish","type":"product","link":"https:\/\/pawz.rs\/en\/trixie-kucica-za-mace-zidna-montaza-40x40x31cm\/","title":{"rendered":"Trixie Ku\u0107ica za Mace Zidna Monta\u017ea 40x40x31cm"},"content":{"rendered":"<p><strong>Trixie Ku\u0107ica za Mace Zidna Monta\u017ea 40x40x31cm<\/strong><\/p>\n<ul>\n<li>na drvenoj osnovnoj plo\u010di (MDF)<\/li>\n<li>od jute: \u00f8 3 mm\/strukturirani meki pli\u0161 (od poliestera): 250 g\/m\u00b2<\/li>\n<li>pe\u0107ina opremljena flisom (poliesterom)<\/li>\n<li>Boja: kremArtikal br.: 44414, Povr\u0161ina: \u00f8 36 cm, Visina: 84 cm<\/li>\n<\/ul>\n<p>Proizvo\u0111a\u010d: TRIXIE Pet Products, Inc<br \/>\nZemlja Porekla: Nema\u010dka<\/p>\n\n    <div class=\"xs_social_share_widget xs_share_url after_content \t\tmain_content  wslu-style-1 wslu-share-box-shaped wslu-fill-colored wslu-none wslu-share-horizontal wslu-theme-font-no wslu-main_content\">\n\n\t\t\n        <ul>\n\t\t\t        <\/ul>\n    <\/div>","protected":false},"excerpt":{"rendered":"<p>Trixie Ku\u0107ica za Mace Zidna Monta\u017ea 40x40x31cm<\/p>","protected":false},"featured_media":46017,"comment_status":"open","ping_status":"closed","template":"","meta":{"_acf_changed":false},"pwb-brand":[465],"product_cat":[23,765,769],"product_tag":[],"class_list":{"0":"post-46016","1":"product","2":"type-product","3":"status-publish","4":"has-post-thumbnail","6":"pwb-brand-trixie","7":"product_cat-macke","8":"product_cat-oprema-za-macke","9":"product_cat-krevetici-i-transporteri-macke","11":"first","12":"instock","13":"taxable","14":"shipping-taxable","15":"purchasable","16":"product-type-simple"},"acf":[],"brands":[{"id":465,"name":"Trixie","slug":"trixie"}],"_links":{"self":[{"href":"https:\/\/pawz.rs\/en\/wp-json\/wp\/v2\/product\/46016","targetHints":{"allow":["GET"]}}],"collection":[{"href":"https:\/\/pawz.rs\/en\/wp-json\/wp\/v2\/product"}],"about":[{"href":"https:\/\/pawz.rs\/en\/wp-json\/wp\/v2\/types\/product"}],"replies":[{"embeddable":true,"href":"https:\/\/pawz.rs\/en\/wp-json\/wp\/v2\/comments?post=46016"}],"wp:featuredmedia":[{"embeddable":true,"href":"https:\/\/pawz.rs\/en\/wp-json\/wp\/v2\/media\/46017"}],"wp:attachment":[{"href":"https:\/\/pawz.rs\/en\/wp-json\/wp\/v2\/media?parent=46016"}],"wp:term":[{"taxonomy":"pwb-brand","embeddable":true,"href":"https:\/\/pawz.rs\/en\/wp-json\/wp\/v2\/pwb-brand?post=46016"},{"taxonomy":"product_cat","embeddable":true,"href":"https:\/\/pawz.rs\/en\/wp-json\/wp\/v2\/product_cat?post=46016"},{"taxonomy":"product_tag","embeddable":true,"href":"https:\/\/pawz.rs\/en\/wp-json\/wp\/v2\/product_tag?post=46016"}],"curies":[{"name":"wp","href":"https:\/\/api.w.org\/{rel}","templated":true}]}}