{"id":46052,"date":"2025-08-27T09:45:03","date_gmt":"2025-08-27T07:45:03","guid":{"rendered":"https:\/\/pawz.rs\/?post_type=product&#038;p=46052"},"modified":"2025-08-27T09:45:03","modified_gmt":"2025-08-27T07:45:03","slug":"trixie-kucica-za-maciji-toalet-49x51x51cm-bela","status":"publish","type":"product","link":"https:\/\/pawz.rs\/en\/trixie-kucica-za-maciji-toalet-49x51x51cm-bela\/","title":{"rendered":"Trixie Ku\u0107ica za Ma\u010diji Toalet 49x51x51cm Bela"},"content":{"rendered":"<p><strong>Trixie Ku\u0107ica za Ma\u010diji Toalet 49x51x51cm Bela<\/strong><\/p>\n<ul>\n<li>MDF, lakirano<\/li>\n<li>za skrivanje sanduka za ma\u010dke<\/li>\n<li>spre\u010dava \u0161irenje ma\u010djeg legla<\/li>\n<li>mo\u017ee se koristiti i kao prostor za spavanje<\/li>\n<li>otvori za ventilaciju na zadnjoj plo\u010di<\/li>\n<li>vrata sa magnetnim zatvaranjem<\/li>\n<li>odgovara za Artikal br. 4018<\/li>\n<li>\n<div>Artikal br.: 40290, Dimenzije: 49 \u00d7 51 \u00d7 51 cm<\/div>\n<\/li>\n<\/ul>\n<p>TRIXIE od prodaje podr\u017eava projekte za\u0161tite mora i na taj na\u010din doprinosi o\u010duvanju prirode i za\u0161titi mnogih vrsta.<\/p>\n<p>Proizvo\u0111a\u010d: TRIXIE Pet Products, Inc<br \/>\nZemlja Porekla: Nema\u010dka<\/p>\n\n    <div class=\"xs_social_share_widget xs_share_url after_content \t\tmain_content  wslu-style-1 wslu-share-box-shaped wslu-fill-colored wslu-none wslu-share-horizontal wslu-theme-font-no wslu-main_content\">\n\n\t\t\n        <ul>\n\t\t\t        <\/ul>\n    <\/div>","protected":false},"excerpt":{"rendered":"<p>Trixie Ku\u0107ica za Ma\u010diji Toalet 49x51x51cm Bela<\/p>","protected":false},"featured_media":46053,"comment_status":"open","ping_status":"closed","template":"","meta":{"_acf_changed":false},"pwb-brand":[465],"product_cat":[23,765,769],"product_tag":[],"class_list":{"0":"post-46052","1":"product","2":"type-product","3":"status-publish","4":"has-post-thumbnail","6":"pwb-brand-trixie","7":"product_cat-macke","8":"product_cat-oprema-za-macke","9":"product_cat-krevetici-i-transporteri-macke","11":"first","12":"instock","13":"taxable","14":"shipping-taxable","15":"purchasable","16":"product-type-simple"},"acf":[],"brands":[{"id":465,"name":"Trixie","slug":"trixie"}],"_links":{"self":[{"href":"https:\/\/pawz.rs\/en\/wp-json\/wp\/v2\/product\/46052","targetHints":{"allow":["GET"]}}],"collection":[{"href":"https:\/\/pawz.rs\/en\/wp-json\/wp\/v2\/product"}],"about":[{"href":"https:\/\/pawz.rs\/en\/wp-json\/wp\/v2\/types\/product"}],"replies":[{"embeddable":true,"href":"https:\/\/pawz.rs\/en\/wp-json\/wp\/v2\/comments?post=46052"}],"wp:featuredmedia":[{"embeddable":true,"href":"https:\/\/pawz.rs\/en\/wp-json\/wp\/v2\/media\/46053"}],"wp:attachment":[{"href":"https:\/\/pawz.rs\/en\/wp-json\/wp\/v2\/media?parent=46052"}],"wp:term":[{"taxonomy":"pwb-brand","embeddable":true,"href":"https:\/\/pawz.rs\/en\/wp-json\/wp\/v2\/pwb-brand?post=46052"},{"taxonomy":"product_cat","embeddable":true,"href":"https:\/\/pawz.rs\/en\/wp-json\/wp\/v2\/product_cat?post=46052"},{"taxonomy":"product_tag","embeddable":true,"href":"https:\/\/pawz.rs\/en\/wp-json\/wp\/v2\/product_tag?post=46052"}],"curies":[{"name":"wp","href":"https:\/\/api.w.org\/{rel}","templated":true}]}}