{"id":46081,"date":"2025-08-27T09:44:51","date_gmt":"2025-08-27T07:44:51","guid":{"rendered":"https:\/\/pawz.rs\/?post_type=product&#038;p=46081"},"modified":"2025-08-27T09:44:52","modified_gmt":"2025-08-27T07:44:52","slug":"trixie-kucica-calida-za-mace-50x30x35cm","status":"publish","type":"product","link":"https:\/\/pawz.rs\/en\/trixie-kucica-calida-za-mace-50x30x35cm\/","title":{"rendered":"Trixie Ku\u0107ica Calida za Mace 50x30x35cm"},"content":{"rendered":"<p><strong>Trixie Ku\u0107ica Calida za Mace 50x30x35cm<\/strong><\/p>\n<ul>\n<li>kao somot\/jagnje\u0107e krzno<\/li>\n<li>postava od pene<\/li>\n<li>jastuk sa umetkom koji reflektuje toplotu i punjenjem od flisa od poliestera<\/li>\n<li>neklizaju\u0107e dno<\/li>\n<\/ul>\n<p>TRIXIE od prodaje podr\u017eava projekte za\u0161tite mora i na taj na\u010din doprinosi o\u010duvanju prirode i za\u0161titi mnogih vrsta.<\/p>\n<p>Proizvo\u0111a\u010d: TRIXIE Pet Products, Inc<br \/>\nZemlja Porekla: Nema\u010dka<\/p>\n\n    <div class=\"xs_social_share_widget xs_share_url after_content \t\tmain_content  wslu-style-1 wslu-share-box-shaped wslu-fill-colored wslu-none wslu-share-horizontal wslu-theme-font-no wslu-main_content\">\n\n\t\t\n        <ul>\n\t\t\t        <\/ul>\n    <\/div>","protected":false},"excerpt":{"rendered":"<p>Trixie Ku\u0107ica Calida za Mace 50x30x35cm<\/p>","protected":false},"featured_media":46082,"comment_status":"open","ping_status":"closed","template":"","meta":{"_acf_changed":false},"pwb-brand":[465],"product_cat":[23,765,769],"product_tag":[],"class_list":{"0":"post-46081","1":"product","2":"type-product","3":"status-publish","4":"has-post-thumbnail","6":"pwb-brand-trixie","7":"product_cat-macke","8":"product_cat-oprema-za-macke","9":"product_cat-krevetici-i-transporteri-macke","11":"first","12":"instock","13":"taxable","14":"shipping-taxable","15":"purchasable","16":"product-type-simple"},"acf":[],"brands":[{"id":465,"name":"Trixie","slug":"trixie"}],"_links":{"self":[{"href":"https:\/\/pawz.rs\/en\/wp-json\/wp\/v2\/product\/46081","targetHints":{"allow":["GET"]}}],"collection":[{"href":"https:\/\/pawz.rs\/en\/wp-json\/wp\/v2\/product"}],"about":[{"href":"https:\/\/pawz.rs\/en\/wp-json\/wp\/v2\/types\/product"}],"replies":[{"embeddable":true,"href":"https:\/\/pawz.rs\/en\/wp-json\/wp\/v2\/comments?post=46081"}],"wp:featuredmedia":[{"embeddable":true,"href":"https:\/\/pawz.rs\/en\/wp-json\/wp\/v2\/media\/46082"}],"wp:attachment":[{"href":"https:\/\/pawz.rs\/en\/wp-json\/wp\/v2\/media?parent=46081"}],"wp:term":[{"taxonomy":"pwb-brand","embeddable":true,"href":"https:\/\/pawz.rs\/en\/wp-json\/wp\/v2\/pwb-brand?post=46081"},{"taxonomy":"product_cat","embeddable":true,"href":"https:\/\/pawz.rs\/en\/wp-json\/wp\/v2\/product_cat?post=46081"},{"taxonomy":"product_tag","embeddable":true,"href":"https:\/\/pawz.rs\/en\/wp-json\/wp\/v2\/product_tag?post=46081"}],"curies":[{"name":"wp","href":"https:\/\/api.w.org\/{rel}","templated":true}]}}