{"id":46083,"date":"2025-08-27T09:44:50","date_gmt":"2025-08-27T07:44:50","guid":{"rendered":"https:\/\/pawz.rs\/?post_type=product&#038;p=46083"},"modified":"2025-09-20T17:48:02","modified_gmt":"2025-09-20T15:48:02","slug":"trixie-lezaljka-za-radijator-siva-47x24x38cm","status":"publish","type":"product","link":"https:\/\/pawz.rs\/en\/trixie-lezaljka-za-radijator-siva-47x24x38cm\/","title":{"rendered":"Trixie Le\u017ealjka za Radijator Siva 47x24x38cm"},"content":{"rendered":"<p><strong>Trixie Le\u017ealjka za Radijator Siva 47x24x38cm<\/strong><\/p>\n<ul>\n<li>samostoje\u0107i ili za pri\u010dvr\u0161\u0107ivanje na okvir kreveta ili radijator<\/li>\n<li>sa podesivim nosa\u010dem<\/li>\n<li>nosa\u010d sa plasti\u010dnim premazom i kliza\u010dima od filca za za\u0161titu name\u0161taja<\/li>\n<li>poklopac koji se mo\u017ee ukloniti<\/li>\n<li>drvo, neobra\u0111eno\/pli\u0161ano (poliester)<\/li>\n<li>do 12 kg<\/li>\n<\/ul>\n<p>TRIXIE od prodaje podr\u017eava projekte za\u0161tite mora i na taj na\u010din doprinosi o\u010duvanju prirode i za\u0161titi mnogih vrsta.<\/p>\n<p>Proizvo\u0111a\u010d: TRIXIE Pet Products, Inc<br \/>\nZemlja Porekla: Nema\u010dka<\/p>\n\n    <div class=\"xs_social_share_widget xs_share_url after_content \t\tmain_content  wslu-style-1 wslu-share-box-shaped wslu-fill-colored wslu-none wslu-share-horizontal wslu-theme-font-no wslu-main_content\">\n\n\t\t\n        <ul>\n\t\t\t        <\/ul>\n    <\/div>","protected":false},"excerpt":{"rendered":"<p>Trixie Le\u017ealjka za Radijator Siva 47x24x38cm<\/p>","protected":false},"featured_media":46084,"comment_status":"open","ping_status":"closed","template":"","meta":{"_acf_changed":false},"pwb-brand":[465],"product_cat":[23,765,769],"product_tag":[1521],"class_list":{"0":"post-46083","1":"product","2":"type-product","3":"status-publish","4":"has-post-thumbnail","6":"pwb-brand-trixie","7":"product_cat-macke","8":"product_cat-oprema-za-macke","9":"product_cat-krevetici-i-transporteri-macke","10":"product_tag-jesen-zima","12":"first","13":"instock","14":"taxable","15":"shipping-taxable","16":"purchasable","17":"product-type-simple"},"acf":[],"brands":[{"id":465,"name":"Trixie","slug":"trixie"}],"_links":{"self":[{"href":"https:\/\/pawz.rs\/en\/wp-json\/wp\/v2\/product\/46083","targetHints":{"allow":["GET"]}}],"collection":[{"href":"https:\/\/pawz.rs\/en\/wp-json\/wp\/v2\/product"}],"about":[{"href":"https:\/\/pawz.rs\/en\/wp-json\/wp\/v2\/types\/product"}],"replies":[{"embeddable":true,"href":"https:\/\/pawz.rs\/en\/wp-json\/wp\/v2\/comments?post=46083"}],"wp:featuredmedia":[{"embeddable":true,"href":"https:\/\/pawz.rs\/en\/wp-json\/wp\/v2\/media\/46084"}],"wp:attachment":[{"href":"https:\/\/pawz.rs\/en\/wp-json\/wp\/v2\/media?parent=46083"}],"wp:term":[{"taxonomy":"pwb-brand","embeddable":true,"href":"https:\/\/pawz.rs\/en\/wp-json\/wp\/v2\/pwb-brand?post=46083"},{"taxonomy":"product_cat","embeddable":true,"href":"https:\/\/pawz.rs\/en\/wp-json\/wp\/v2\/product_cat?post=46083"},{"taxonomy":"product_tag","embeddable":true,"href":"https:\/\/pawz.rs\/en\/wp-json\/wp\/v2\/product_tag?post=46083"}],"curies":[{"name":"wp","href":"https:\/\/api.w.org\/{rel}","templated":true}]}}