{"id":4610,"date":"2023-02-28T19:28:36","date_gmt":"2023-02-28T18:28:36","guid":{"rendered":"https:\/\/pawz.rs\/?post_type=product&#038;p=4610"},"modified":"2023-06-01T12:49:41","modified_gmt":"2023-06-01T10:49:41","slug":"nd-quinoa-skincoat-venison-coconut-mini","status":"publish","type":"product","link":"https:\/\/pawz.rs\/en\/nd-quinoa-skincoat-venison-coconut-mini\/","title":{"rendered":"N&#038;D Quinoa Skin&#038;Coat Venison &#038; Coconut Mini"},"content":{"rendered":"<p><strong>N&amp;D Quinoa Skin&amp;Coat Venison &amp; Coconut Mini<\/strong><\/p>\n<div class=\"intro\">\n<p>Meso jelena, kinoa, kokos i kurkuma.Kompletna hrana za odrasle pse manjih rasa<\/p>\n<\/div>\n<p><strong>SASTAV<\/strong><br \/>\nMeso jelena (20%), dehidrirano meso jelena (20%), skrob gra\u0161ka, riblje ulje (haringe), seme kinoe (8%), seme lana, osu\u0161eni kokos (2,5%), koren kurkume (2,5%), inulin, fruktooligosaharidi, ekstrakt kvasca (izvor manan-oligosaharida), kalcijum karbonat, dikalcijum fosfat, psilijum, kalijum hlorid, natrijum hlorid, suvi pivski kvasac, glukozamin, hondroitin sulfat. Izvori proteina: sve\u017ee meso jelena bez kostiju, dehidrirano meso jelena. Izvori ugljenih hidrata: skrob gra\u0161ka, seme kinoe.<\/p>\n<p><strong>NUTRITIVNI SASTOJCIADITIVI PO KG<\/strong><br \/>\nHranljivi dodaci: vitamin A 15000 IJ; vitamin D3 1500 IJ; vitamin E 600 mg; vitamin C 150 mg; nijacin 37,5 mg; pantotenska kiselina 15 mg; vitamin B2 7,5 mg; vitamin B6 6 mg; vitamin B1 4,5 mg; vitamin H 0,38 mg; folna kiselina 0,45 mg; vitamin B12 0,1 mg; holin hlorid 2500 mg; beta-karoten 1,5 mg; cink helat analog metionin hidroksilaze 910 mg; mangan helat analog metionin hidroksilaze 380 mg; gvo\u017e\u0111e helat glicin hidrata 250 mg; bakar helat analog metionin hidroksilaze 88 mg; selenizovani inaktivisani kvasac 0,4 mg; DL-metionin 4000 mg; taurin 1000 mg; L-karnitin 300 mg. Organolepti\u010dki dodaci: ekstrakt aloe vere 1000 mg; ekstrakt zelenog \u010daja 100 mg; ekstrakt ruzmarina. Antioksidant: tokoferolom bogati ekstrakti iz prirodnih izvora.<\/p>\n<p><strong>ANALITI\u010cKI SASTAV<\/strong><br \/>\nSirovi proteini 23%; sirova ulja i masti 12%; sirova vlakna 2,8%; vlaga: 9%; sirovi pepeo 7,9%; kalcijum 1,5%; fosfor 1,1%; omega-6 masne kiseline 2,2%; omega-3 masne kiseline 0,4%; DHA 0,2%; EPA 0,1%; glukozamin 1200 mg\/kg; hondroitin sulfat 900 mg\/kg.<\/p>\n<p><strong>ENERGETSKA VREDNOST<\/strong><br \/>\nEM Kcal\/Kg 3665 &#8211; Mj\/Kg 15,33<\/p>\n<p>Serve food in dry form with available fresh water.<br \/>\nFor your pet&#039;s health, consult a veterinarian regularly.<\/p>\n<p>Store the product in a dry, dark and cool place.<\/p>\n<p>Proizvo\u0111a\u010d: Farmina Pet Foods, In\u0111ija, Srbija<br \/>\nZemlja porekla: Srbija<\/p>\n\n    <div class=\"xs_social_share_widget xs_share_url after_content \t\tmain_content  wslu-style-1 wslu-share-box-shaped wslu-fill-colored wslu-none wslu-share-horizontal wslu-theme-font-no wslu-main_content\">\n\n\t\t\n        <ul>\n\t\t\t        <\/ul>\n    <\/div>","protected":false},"excerpt":{"rendered":"<p>N&amp;D Quinoa Skin&amp;Coat Venison &amp; Coconut Mini &#8211; Meso jelena, kinoa, kokos i kurkuma.Kompletna hrana za odrasle pse manjih rasa<\/p>","protected":false},"featured_media":4613,"comment_status":"open","ping_status":"closed","template":"","meta":{"_acf_changed":false},"pwb-brand":[309,311],"product_cat":[49,47,48],"product_tag":[],"class_list":{"0":"post-4610","1":"product","2":"type-product","3":"status-publish","4":"has-post-thumbnail","6":"pwb-brand-nd-natural-delicious","7":"pwb-brand-nd-natural-delicious-hrana-za-pse","8":"product_cat-granule-za-pse","9":"product_cat-psi","10":"product_cat-hrana-za-pse","12":"first","13":"instock","14":"taxable","15":"shipping-taxable","16":"purchasable","17":"product-type-variable","18":"has-default-attributes"},"acf":[],"brands":[{"id":309,"name":"N&amp;D - Natural &amp; Delicious","slug":"nd-natural-delicious"},{"id":311,"name":"N&amp;D \u2013 Natural &amp; Delicious Dog Food","slug":"nd-natural-delicious-hrana-za-pse"}],"_links":{"self":[{"href":"https:\/\/pawz.rs\/en\/wp-json\/wp\/v2\/product\/4610","targetHints":{"allow":["GET"]}}],"collection":[{"href":"https:\/\/pawz.rs\/en\/wp-json\/wp\/v2\/product"}],"about":[{"href":"https:\/\/pawz.rs\/en\/wp-json\/wp\/v2\/types\/product"}],"replies":[{"embeddable":true,"href":"https:\/\/pawz.rs\/en\/wp-json\/wp\/v2\/comments?post=4610"}],"wp:featuredmedia":[{"embeddable":true,"href":"https:\/\/pawz.rs\/en\/wp-json\/wp\/v2\/media\/4613"}],"wp:attachment":[{"href":"https:\/\/pawz.rs\/en\/wp-json\/wp\/v2\/media?parent=4610"}],"wp:term":[{"taxonomy":"pwb-brand","embeddable":true,"href":"https:\/\/pawz.rs\/en\/wp-json\/wp\/v2\/pwb-brand?post=4610"},{"taxonomy":"product_cat","embeddable":true,"href":"https:\/\/pawz.rs\/en\/wp-json\/wp\/v2\/product_cat?post=4610"},{"taxonomy":"product_tag","embeddable":true,"href":"https:\/\/pawz.rs\/en\/wp-json\/wp\/v2\/product_tag?post=4610"}],"curies":[{"name":"wp","href":"https:\/\/api.w.org\/{rel}","templated":true}]}}