{"id":46114,"date":"2025-08-28T19:31:05","date_gmt":"2025-08-28T17:31:05","guid":{"rendered":"https:\/\/pawz.rs\/?post_type=product&#038;p=46114"},"modified":"2025-08-28T19:31:05","modified_gmt":"2025-08-28T17:31:05","slug":"trixie-krevet-viviana-okrugli-50cm-plavo-sivi-za-pse","status":"publish","type":"product","link":"https:\/\/pawz.rs\/en\/trixie-krevet-viviana-okrugli-50cm-plavo-sivi-za-pse\/","title":{"rendered":"Trixie Krevet Viviana Okrugli 50cm Plavo Sivi za Pse"},"content":{"rendered":"<p><strong>Trixie Krevet Viviana Okrugli 50cm Plavo Sivi za Pse<\/strong><\/p>\n<ul>\n<li>od tkanog materijala\/film somot<\/li>\n<li>pokriva\u010d od poliestera<\/li>\n<li>punjenje od flisa od poliestera<\/li>\n<li>sa trajno integrisanim jastukom<\/li>\n<li>sa vezom<\/li>\n<li>navlaka koja se skida<\/li>\n<li>neklizaju\u0107e dno<\/li>\n<\/ul>\n<p>TRIXIE od prodaje podr\u017eava projekte za\u0161tite mora i na taj na\u010din doprinosi o\u010duvanju prirode i za\u0161titi mnogih vrsta.<\/p>\n<p>Proizvo\u0111a\u010d: TRIXIE Pet Products, Inc<br \/>\nZemlja Porekla: Nema\u010dka<\/p>\n\n    <div class=\"xs_social_share_widget xs_share_url after_content \t\tmain_content  wslu-style-1 wslu-share-box-shaped wslu-fill-colored wslu-none wslu-share-horizontal wslu-theme-font-no wslu-main_content\">\n\n\t\t\n        <ul>\n\t\t\t        <\/ul>\n    <\/div>","protected":false},"excerpt":{"rendered":"<p>Trixie Krevet Viviana Okrugli 50cm Plavo Sivi za Pse<\/p>","protected":false},"featured_media":46115,"comment_status":"open","ping_status":"closed","template":"","meta":{"_acf_changed":false},"pwb-brand":[465],"product_cat":[763,202,47],"product_tag":[],"class_list":{"0":"post-46114","1":"product","2":"type-product","3":"status-publish","4":"has-post-thumbnail","6":"pwb-brand-trixie","7":"product_cat-krevetici-i-transporteri","8":"product_cat-oprema-za-pse","9":"product_cat-psi","11":"first","12":"instock","13":"taxable","14":"shipping-taxable","15":"purchasable","16":"product-type-simple"},"acf":[],"brands":[{"id":465,"name":"Trixie","slug":"trixie"}],"_links":{"self":[{"href":"https:\/\/pawz.rs\/en\/wp-json\/wp\/v2\/product\/46114","targetHints":{"allow":["GET"]}}],"collection":[{"href":"https:\/\/pawz.rs\/en\/wp-json\/wp\/v2\/product"}],"about":[{"href":"https:\/\/pawz.rs\/en\/wp-json\/wp\/v2\/types\/product"}],"replies":[{"embeddable":true,"href":"https:\/\/pawz.rs\/en\/wp-json\/wp\/v2\/comments?post=46114"}],"wp:featuredmedia":[{"embeddable":true,"href":"https:\/\/pawz.rs\/en\/wp-json\/wp\/v2\/media\/46115"}],"wp:attachment":[{"href":"https:\/\/pawz.rs\/en\/wp-json\/wp\/v2\/media?parent=46114"}],"wp:term":[{"taxonomy":"pwb-brand","embeddable":true,"href":"https:\/\/pawz.rs\/en\/wp-json\/wp\/v2\/pwb-brand?post=46114"},{"taxonomy":"product_cat","embeddable":true,"href":"https:\/\/pawz.rs\/en\/wp-json\/wp\/v2\/product_cat?post=46114"},{"taxonomy":"product_tag","embeddable":true,"href":"https:\/\/pawz.rs\/en\/wp-json\/wp\/v2\/product_tag?post=46114"}],"curies":[{"name":"wp","href":"https:\/\/api.w.org\/{rel}","templated":true}]}}