{"id":4614,"date":"2023-02-28T19:35:38","date_gmt":"2023-02-28T18:35:38","guid":{"rendered":"https:\/\/pawz.rs\/?post_type=product&#038;p=4614"},"modified":"2023-06-01T13:15:42","modified_gmt":"2023-06-01T11:15:42","slug":"nd-quinoa-weight-management-lamb-asparagus-mini","status":"publish","type":"product","link":"https:\/\/pawz.rs\/en\/nd-quinoa-weight-management-lamb-asparagus-mini\/","title":{"rendered":"N&#038;D Quinoa Weight Management Lamb &#038; Asparagus Mini"},"content":{"rendered":"<p><strong>N&amp;D Quinoa Weight Management Lamb &amp; Asparagus Mini<\/strong><\/p>\n<div class=\"intro\">\n<p>Jagnjetina, kinoa, brokoli i \u0161pargla. Kompletna hrana za odrasle pse manih rasa.<\/p>\n<\/div>\n<p>N&amp;D Quinoa Weight Management je kompletna dijetetska hrana za pse manjih rasa, preporu\u010duje se za smanjenje prekomerne i odr\u017eavanje optimalne telesne te\u017eine.<\/p>\n<p><strong>SASTAV<\/strong><br \/>\nJagnjetina (20%), dehidrirana jagnjetina (20%), skrob gra\u0161ka, biljna vlakna gra\u0161ka, seme kinoe (8%), pile\u0107a mast, seme lana, dehidrirana haringa, riblje ulje (haringe), osu\u0161eni brokoli (2,5%), osu\u0161ena \u0161pargla (2,5%), dikalcijum fosfat, osu\u0161ena lucerka, psilijum, kalijum hlorid, kalcijum karbonat, natrijum hlorid, glukozamin, hondoitin sulfat.<\/p>\n<p><strong>NUTRITIVNI SASTOJCIADITIVI PO KG<\/strong><br \/>\nHranljivi dodaci: vitamin A 15000 IJ; vitamin D3 1500 IJ; vitamin E 600 mg; vitamin C 150 mg; nijacin 37,5 mg; pantotenska kiselina 15 mg; vitamin B2 7,5 mg; vitamin B6 6 mg; vitamin B1 4,5 mg; vitamin H 0,38 mg; folna kiselina 0,45 mg; vitamin B12 0,1 mg; holin hlorid 2500 mg; beta-karoten 1,5 mg; cink helat analog metionin hidroksilaze 910 mg; mangan helat analog metionin hidroksilaze 380 mg; gvo\u017e\u0111e helat glicin hidrata 250 mg; bakar helat analog metionin hidroksilaze 88 mg; selenizovani inaktivisani kvasac 0,4 mg; DL-metionin 3000 mg; taurin 1000 mg; L-karnitin 250 mg. Organolepti\u010dki dodaci: ekstrakt aloe vere 1000 mg; ekstrakt zelenog \u010daja 100 mg; ekstrakt ruzmarina. Antioksidant: tokoferolom bogati ekstrakti iz prirodnih izvora.<\/p>\n<p><strong>ANALITI\u010cKI SASTAV<\/strong><br \/>\nSirovi proteini 28%; sirova ulja i masti 8%; sirova vlakna 8,2%; vlaga 9%; sirovi pepeo 7,9%; kalcijum 1,1%; fosfor 0,9%; natrijum 0,3%; kalijum 0,7%; magnezijum 0,13%;omega-6 masne kiseline 1,2%; omega-3 masne kiseline 0,25%; DHA 0,12%; EPA 0,1%; glukozamin 1200 mg\/kg; hondroitin sulfat 900 mg\/kg.E<\/p>\n<p><strong>NERGETSKA VREDNOST<\/strong><br \/>\nEM Kcal\/Kg 3136 &#8211; Mj\/Kg 13,12<\/p>\n<p>Serve food in dry form with available fresh water.<br \/>\nFor your pet&#039;s health, consult a veterinarian regularly.<\/p>\n<p>Store the product in a dry, dark and cool place.<\/p>\n<p>Proizvo\u0111a\u010d: Farmina Pet Foods, In\u0111ija, Srbija<br \/>\nZemlja porekla: Srbija<\/p>\n\n    <div class=\"xs_social_share_widget xs_share_url after_content \t\tmain_content  wslu-style-1 wslu-share-box-shaped wslu-fill-colored wslu-none wslu-share-horizontal wslu-theme-font-no wslu-main_content\">\n\n\t\t\n        <ul>\n\t\t\t        <\/ul>\n    <\/div>","protected":false},"excerpt":{"rendered":"<p>N&amp;D Quinoa Weight Management Lamb &amp; Asparagus Mini &#8211; Jagnjetina, kinoa, brokoli i \u0161pargla.Kompletna hrana za odrasle pse manih rasa.<\/p>","protected":false},"featured_media":4617,"comment_status":"open","ping_status":"closed","template":"","meta":{"_acf_changed":false},"pwb-brand":[309,311],"product_cat":[49,47,48],"product_tag":[],"class_list":{"0":"post-4614","1":"product","2":"type-product","3":"status-publish","4":"has-post-thumbnail","6":"pwb-brand-nd-natural-delicious","7":"pwb-brand-nd-natural-delicious-hrana-za-pse","8":"product_cat-granule-za-pse","9":"product_cat-psi","10":"product_cat-hrana-za-pse","12":"first","13":"instock","14":"taxable","15":"shipping-taxable","16":"purchasable","17":"product-type-variable","18":"has-default-attributes"},"acf":[],"brands":[{"id":309,"name":"N&amp;D - Natural &amp; Delicious","slug":"nd-natural-delicious"},{"id":311,"name":"N&amp;D \u2013 Natural &amp; Delicious Dog Food","slug":"nd-natural-delicious-hrana-za-pse"}],"_links":{"self":[{"href":"https:\/\/pawz.rs\/en\/wp-json\/wp\/v2\/product\/4614","targetHints":{"allow":["GET"]}}],"collection":[{"href":"https:\/\/pawz.rs\/en\/wp-json\/wp\/v2\/product"}],"about":[{"href":"https:\/\/pawz.rs\/en\/wp-json\/wp\/v2\/types\/product"}],"replies":[{"embeddable":true,"href":"https:\/\/pawz.rs\/en\/wp-json\/wp\/v2\/comments?post=4614"}],"wp:featuredmedia":[{"embeddable":true,"href":"https:\/\/pawz.rs\/en\/wp-json\/wp\/v2\/media\/4617"}],"wp:attachment":[{"href":"https:\/\/pawz.rs\/en\/wp-json\/wp\/v2\/media?parent=4614"}],"wp:term":[{"taxonomy":"pwb-brand","embeddable":true,"href":"https:\/\/pawz.rs\/en\/wp-json\/wp\/v2\/pwb-brand?post=4614"},{"taxonomy":"product_cat","embeddable":true,"href":"https:\/\/pawz.rs\/en\/wp-json\/wp\/v2\/product_cat?post=4614"},{"taxonomy":"product_tag","embeddable":true,"href":"https:\/\/pawz.rs\/en\/wp-json\/wp\/v2\/product_tag?post=4614"}],"curies":[{"name":"wp","href":"https:\/\/api.w.org\/{rel}","templated":true}]}}