{"id":46165,"date":"2025-08-28T19:31:03","date_gmt":"2025-08-28T17:31:03","guid":{"rendered":"https:\/\/pawz.rs\/?post_type=product&#038;p=46165"},"modified":"2025-09-21T19:27:12","modified_gmt":"2025-09-21T17:27:12","slug":"trixie-grebalica-za-mace-ugaona-xxl-38x75cm","status":"publish","type":"product","link":"https:\/\/pawz.rs\/en\/trixie-grebalica-za-mace-ugaona-xxl-38x75cm\/","title":{"rendered":"Trixie Grebalica za Mace Ugaona XXL 38x75cm"},"content":{"rendered":"<p><strong>Trixie Grebalica za Mace Ugaona XXL 38x75cm<\/strong><\/p>\n<ul>\n<li>Grebalica za ma\u010dke<\/li>\n<li>Namenjena za uglove i prostoriji<\/li>\n<li>Pozicionira se na zidu<\/li>\n<li>Izuzetno pogodna za velike ma\u010dke<\/li>\n<li>Dimenzije: 38 \u00d7 75 cm<\/li>\n<\/ul>\n<p>TRIXIE od prodaje podr\u017eava projekte za\u0161tite mora i na taj na\u010din doprinosi o\u010duvanju prirode i za\u0161titi mnogih vrsta.<\/p>\n<p>Proizvo\u0111a\u010d: TRIXIE Pet Products, Inc<br \/>\nZemlja Porekla: Nema\u010dka<\/p>\n\n    <div class=\"xs_social_share_widget xs_share_url after_content \t\tmain_content  wslu-style-1 wslu-share-box-shaped wslu-fill-colored wslu-none wslu-share-horizontal wslu-theme-font-no wslu-main_content\">\n\n\t\t\n        <ul>\n\t\t\t        <\/ul>\n    <\/div>","protected":false},"excerpt":{"rendered":"<p>Trixie Grebalica za Mace Ugaona XXL 38x75cm<\/p>","protected":false},"featured_media":46166,"comment_status":"open","ping_status":"closed","template":"","meta":{"_acf_changed":false},"pwb-brand":[465],"product_cat":[1525,23,765,767],"product_tag":[],"class_list":{"0":"post-46165","1":"product","2":"type-product","3":"status-publish","4":"has-post-thumbnail","6":"pwb-brand-trixie","7":"product_cat-grebalice-penjalice-za-macke","8":"product_cat-macke","9":"product_cat-oprema-za-macke","10":"product_cat-igracke-za-macke","12":"first","13":"instock","14":"taxable","15":"shipping-taxable","16":"purchasable","17":"product-type-simple"},"acf":[],"brands":[{"id":465,"name":"Trixie","slug":"trixie"}],"_links":{"self":[{"href":"https:\/\/pawz.rs\/en\/wp-json\/wp\/v2\/product\/46165","targetHints":{"allow":["GET"]}}],"collection":[{"href":"https:\/\/pawz.rs\/en\/wp-json\/wp\/v2\/product"}],"about":[{"href":"https:\/\/pawz.rs\/en\/wp-json\/wp\/v2\/types\/product"}],"replies":[{"embeddable":true,"href":"https:\/\/pawz.rs\/en\/wp-json\/wp\/v2\/comments?post=46165"}],"wp:featuredmedia":[{"embeddable":true,"href":"https:\/\/pawz.rs\/en\/wp-json\/wp\/v2\/media\/46166"}],"wp:attachment":[{"href":"https:\/\/pawz.rs\/en\/wp-json\/wp\/v2\/media?parent=46165"}],"wp:term":[{"taxonomy":"pwb-brand","embeddable":true,"href":"https:\/\/pawz.rs\/en\/wp-json\/wp\/v2\/pwb-brand?post=46165"},{"taxonomy":"product_cat","embeddable":true,"href":"https:\/\/pawz.rs\/en\/wp-json\/wp\/v2\/product_cat?post=46165"},{"taxonomy":"product_tag","embeddable":true,"href":"https:\/\/pawz.rs\/en\/wp-json\/wp\/v2\/product_tag?post=46165"}],"curies":[{"name":"wp","href":"https:\/\/api.w.org\/{rel}","templated":true}]}}