{"id":46189,"date":"2025-08-29T15:16:18","date_gmt":"2025-08-29T13:16:18","guid":{"rendered":"https:\/\/pawz.rs\/?post_type=product&#038;p=46189"},"modified":"2026-03-08T09:07:07","modified_gmt":"2026-03-08T08:07:07","slug":"trixie-grebalica-batres-62cm-parla-bez","status":"publish","type":"product","link":"https:\/\/pawz.rs\/en\/trixie-grebalica-batres-62cm-parla-bez\/","title":{"rendered":"Trixie Grebalica Batres 62cm Parla Be\u017e"},"content":{"rendered":"<p><strong>Trixie Grebalica Batres 62cm Parla Be\u017e<\/strong><\/p>\n<ul>\n<li>Materijal: kanap konoplja \u00f8 5 mm, pli\u0161 od poliestera<\/li>\n<li>Dimenzije: 38 \u00d7 38 cm, Visina: 62 cm<\/li>\n<\/ul>\n<p>Grebalica poma\u017ee ma\u010dki da na prirodan na\u010din brine o svojim noktima i da lak\u0161e ukloni ostatke mrtvih slojeva kand\u017ee koji joj smetaju u svakodnevnom funkcionisanju. Grebalica Batres Trixie je napravljena sa stabilnom bazom koja je presvu\u010dena mekanim materijalom. Stub grebalice je presvu\u010den kanapom od sisal konoplje koja je izdr\u017eljiva i dovoljno gruba da maci obezbedi adekvatnu negu kand\u017eica, ima visinu od 62 cm, pru\u017eaju\u0107i obilje prostora za istezanje, igru i o\u0161trenje kand\u017ei.<br \/>\nGrebalica Batres Trixie je neutralne be\u017e boje, pa \u0107e se lako uklopiti u prostor. Va\u0161a ma\u010dka \u0107e u\u017eivati u svakom trenutku provedenom uz ovu grebalicu, istovremeno odr\u017eavaju\u0107i svoje kand\u017ee zdravim i sre\u0107nim.<\/p>\n<p>Proizvo\u0111a\u010d: TRIXIE Pet Products, Inc<br \/>\nZemlja Porekla: Nema\u010dka<\/p>\n\n    <div class=\"xs_social_share_widget xs_share_url after_content \t\tmain_content  wslu-style-1 wslu-share-box-shaped wslu-fill-colored wslu-none wslu-share-horizontal wslu-theme-font-no wslu-main_content\">\n\n\t\t\n        <ul>\n\t\t\t        <\/ul>\n    <\/div>","protected":false},"excerpt":{"rendered":"<p>Trixie Grebalica Batres 62cm Parla Be\u017e<\/p>","protected":false},"featured_media":46190,"comment_status":"open","ping_status":"closed","template":"","meta":{"_acf_changed":false},"pwb-brand":[465],"product_cat":[1525,767,23,765],"product_tag":[],"class_list":{"0":"post-46189","1":"product","2":"type-product","3":"status-publish","4":"has-post-thumbnail","6":"pwb-brand-trixie","7":"product_cat-grebalice-penjalice-za-macke","8":"product_cat-igracke-za-macke","9":"product_cat-macke","10":"product_cat-oprema-za-macke","12":"first","13":"instock","14":"taxable","15":"shipping-taxable","16":"purchasable","17":"product-type-simple"},"acf":[],"brands":[{"id":465,"name":"Trixie","slug":"trixie"}],"_links":{"self":[{"href":"https:\/\/pawz.rs\/en\/wp-json\/wp\/v2\/product\/46189","targetHints":{"allow":["GET"]}}],"collection":[{"href":"https:\/\/pawz.rs\/en\/wp-json\/wp\/v2\/product"}],"about":[{"href":"https:\/\/pawz.rs\/en\/wp-json\/wp\/v2\/types\/product"}],"replies":[{"embeddable":true,"href":"https:\/\/pawz.rs\/en\/wp-json\/wp\/v2\/comments?post=46189"}],"wp:featuredmedia":[{"embeddable":true,"href":"https:\/\/pawz.rs\/en\/wp-json\/wp\/v2\/media\/46190"}],"wp:attachment":[{"href":"https:\/\/pawz.rs\/en\/wp-json\/wp\/v2\/media?parent=46189"}],"wp:term":[{"taxonomy":"pwb-brand","embeddable":true,"href":"https:\/\/pawz.rs\/en\/wp-json\/wp\/v2\/pwb-brand?post=46189"},{"taxonomy":"product_cat","embeddable":true,"href":"https:\/\/pawz.rs\/en\/wp-json\/wp\/v2\/product_cat?post=46189"},{"taxonomy":"product_tag","embeddable":true,"href":"https:\/\/pawz.rs\/en\/wp-json\/wp\/v2\/product_tag?post=46189"}],"curies":[{"name":"wp","href":"https:\/\/api.w.org\/{rel}","templated":true}]}}