{"id":46191,"date":"2025-08-29T15:16:17","date_gmt":"2025-08-29T13:16:17","guid":{"rendered":"https:\/\/pawz.rs\/?post_type=product&#038;p=46191"},"modified":"2026-03-08T09:07:08","modified_gmt":"2026-03-08T08:07:08","slug":"trixie-grebalica-za-macke-stub-espejo-69cm-bez","status":"publish","type":"product","link":"https:\/\/pawz.rs\/en\/trixie-grebalica-za-macke-stub-espejo-69cm-bez\/","title":{"rendered":"Trixie Grebalica za Ma\u010dke Stub Espejo 69cm Be\u017e"},"content":{"rendered":"<p><strong>Trixie Grebalica za Ma\u010dke Stub Espejo 69cm Be\u017e<\/strong><\/p>\n<ul>\n<li>Brend: Trixie<\/li>\n<li>u obliku stuba<\/li>\n<li>sa oblo\u017eenom platformom<\/li>\n<li>Dimenzije: R 9 x H 69cm<\/li>\n<li>dimenzije baze: 40x40cm<\/li>\n<li>Materijal: Sisal-Konoplja, pli\u0161 (poliester) 240 g\/m\u00b2<\/li>\n<li>Boja: natur, be\u017e<\/li>\n<\/ul>\n<div class=\"proizvodOpis\">\n<div id=\"opis\" class=\"tab-pane fade in active\" role=\"tabpanel\">Grebalica za ma\u010dke Stub Espejo 69cm be\u017e je mini kutak za ma\u010dke, koji im omogu\u0107ava da se pona\u0161aju kao ma\u010dke, a bez uni\u0161tavanja okolnog name\u0161taja. Grebalica za ma\u010dke Stub Espejo 69cm be\u017e je napravljena sa stubom oblo\u017eenim kanapom od Sisal-Konoplje, na kome ma\u010dke mogu da o\u0161tre svoje nokti\u0107e ili da se pomo\u0107u nje iste\u017eu. Stub se zavr\u0161ava gornjom platformom, sa koje ma\u010dka mo\u017ee da osmatra okolinu, da je koristi kao platformu za skokove ili kao le\u017eaj za popodnevnu dremku. Platforma i baza grebalice za ma\u010dke Stub Espejo 69cm be\u017e su presvu\u010dene mekanim pli\u0161anim materijalom neutralne be\u017e boje.<\/div>\n<\/div>\n<div class=\"proizvodOpis\"><\/div>\n<p>Proizvo\u0111a\u010d: TRIXIE Pet Products, Inc<br \/>\nZemlja Porekla: Nema\u010dka<\/p>\n\n    <div class=\"xs_social_share_widget xs_share_url after_content \t\tmain_content  wslu-style-1 wslu-share-box-shaped wslu-fill-colored wslu-none wslu-share-horizontal wslu-theme-font-no wslu-main_content\">\n\n\t\t\n        <ul>\n\t\t\t        <\/ul>\n    <\/div>","protected":false},"excerpt":{"rendered":"<p>Trixie Grebalica za Ma\u010dke Stub Espejo 69cm Be\u017e<\/p>","protected":false},"featured_media":46192,"comment_status":"open","ping_status":"closed","template":"","meta":{"_acf_changed":false},"pwb-brand":[465],"product_cat":[1525,23,765,767],"product_tag":[],"class_list":{"0":"post-46191","1":"product","2":"type-product","3":"status-publish","4":"has-post-thumbnail","6":"pwb-brand-trixie","7":"product_cat-grebalice-penjalice-za-macke","8":"product_cat-macke","9":"product_cat-oprema-za-macke","10":"product_cat-igracke-za-macke","12":"first","13":"instock","14":"taxable","15":"shipping-taxable","16":"purchasable","17":"product-type-simple"},"acf":[],"brands":[{"id":465,"name":"Trixie","slug":"trixie"}],"_links":{"self":[{"href":"https:\/\/pawz.rs\/en\/wp-json\/wp\/v2\/product\/46191","targetHints":{"allow":["GET"]}}],"collection":[{"href":"https:\/\/pawz.rs\/en\/wp-json\/wp\/v2\/product"}],"about":[{"href":"https:\/\/pawz.rs\/en\/wp-json\/wp\/v2\/types\/product"}],"replies":[{"embeddable":true,"href":"https:\/\/pawz.rs\/en\/wp-json\/wp\/v2\/comments?post=46191"}],"wp:featuredmedia":[{"embeddable":true,"href":"https:\/\/pawz.rs\/en\/wp-json\/wp\/v2\/media\/46192"}],"wp:attachment":[{"href":"https:\/\/pawz.rs\/en\/wp-json\/wp\/v2\/media?parent=46191"}],"wp:term":[{"taxonomy":"pwb-brand","embeddable":true,"href":"https:\/\/pawz.rs\/en\/wp-json\/wp\/v2\/pwb-brand?post=46191"},{"taxonomy":"product_cat","embeddable":true,"href":"https:\/\/pawz.rs\/en\/wp-json\/wp\/v2\/product_cat?post=46191"},{"taxonomy":"product_tag","embeddable":true,"href":"https:\/\/pawz.rs\/en\/wp-json\/wp\/v2\/product_tag?post=46191"}],"curies":[{"name":"wp","href":"https:\/\/api.w.org\/{rel}","templated":true}]}}