{"id":46195,"date":"2025-08-29T15:16:16","date_gmt":"2025-08-29T13:16:16","guid":{"rendered":"https:\/\/pawz.rs\/?post_type=product&#038;p=46195"},"modified":"2025-08-29T15:16:17","modified_gmt":"2025-08-29T13:16:17","slug":"trixie-kula-za-macke-amado-100cm","status":"publish","type":"product","link":"https:\/\/pawz.rs\/en\/trixie-kula-za-macke-amado-100cm\/","title":{"rendered":"Trixie Kula za Ma\u010dke Amado 100cm"},"content":{"rendered":"<p><strong>Trixie Kula za Ma\u010dke Amado 100cm<\/strong><\/p>\n<ul>\n<li>Brend: Trixie<\/li>\n<li>visina: 100cm<\/li>\n<li>pre\u010dnik baze: 40cm<\/li>\n<li>pre\u010dnik unutra\u0161njeg otvora: 17cm<\/li>\n<li>pre\u010dnik spoljnog otvora: 15cm<\/li>\n<li>robusni tkani materijal, pli\u0161 400gr\/m\u00b2<\/li>\n<li>pe\u0107ina presvu\u010dena mekanim pli\u0161em<\/li>\n<li>oblo\u017eena platforma<\/li>\n<li>Boja: crna, i\u0161arano siva<\/li>\n<\/ul>\n<div class=\"proizvodOpis\">\n<div id=\"opis\" class=\"tab-pane fade in active\" role=\"tabpanel\">Kula za ma\u010dke Amado 100cm je ku\u0107ica za ma\u010dke na tri sprata. Kula za ma\u010dke Amado je napravljena od izdr\u017eljivog pli\u0161a, gustine 400gr\/m2, sa unutra\u0161njim delom i platformom oblo\u017eenom mekanim materijalom. Kula omogu\u0107ava ma\u010dki da se skriva, provla\u010di i penje, kao i da je koristi kao prostor za dremke ili platformu za osmatranje okoline. Pre\u010dnik kule iznosi 40cm, a visina 100cm. Otvori za provla\u010denje su pre\u010dnika 17cm i 15cm. Kula za ma\u010dke Amadoje izra\u0111ena u i\u0161aranoj sivo-crnoj boji, sa crnim otvorima i gornjom platformom.<\/div>\n<\/div>\n<div class=\"proizvodOpis\"><\/div>\n<p>Proizvo\u0111a\u010d: TRIXIE Pet Products, Inc<br \/>\nZemlja Porekla: Nema\u010dka<\/p>\n\n    <div class=\"xs_social_share_widget xs_share_url after_content \t\tmain_content  wslu-style-1 wslu-share-box-shaped wslu-fill-colored wslu-none wslu-share-horizontal wslu-theme-font-no wslu-main_content\">\n\n\t\t\n        <ul>\n\t\t\t        <\/ul>\n    <\/div>","protected":false},"excerpt":{"rendered":"<p>Trixie Kula za Ma\u010dke Amado 100cm<\/p>","protected":false},"featured_media":46196,"comment_status":"open","ping_status":"closed","template":"","meta":{"_acf_changed":false},"pwb-brand":[465],"product_cat":[23,765,767],"product_tag":[],"class_list":{"0":"post-46195","1":"product","2":"type-product","3":"status-publish","4":"has-post-thumbnail","6":"pwb-brand-trixie","7":"product_cat-macke","8":"product_cat-oprema-za-macke","9":"product_cat-igracke-za-macke","11":"first","12":"instock","13":"taxable","14":"shipping-taxable","15":"purchasable","16":"product-type-simple"},"acf":[],"brands":[{"id":465,"name":"Trixie","slug":"trixie"}],"_links":{"self":[{"href":"https:\/\/pawz.rs\/en\/wp-json\/wp\/v2\/product\/46195","targetHints":{"allow":["GET"]}}],"collection":[{"href":"https:\/\/pawz.rs\/en\/wp-json\/wp\/v2\/product"}],"about":[{"href":"https:\/\/pawz.rs\/en\/wp-json\/wp\/v2\/types\/product"}],"replies":[{"embeddable":true,"href":"https:\/\/pawz.rs\/en\/wp-json\/wp\/v2\/comments?post=46195"}],"wp:featuredmedia":[{"embeddable":true,"href":"https:\/\/pawz.rs\/en\/wp-json\/wp\/v2\/media\/46196"}],"wp:attachment":[{"href":"https:\/\/pawz.rs\/en\/wp-json\/wp\/v2\/media?parent=46195"}],"wp:term":[{"taxonomy":"pwb-brand","embeddable":true,"href":"https:\/\/pawz.rs\/en\/wp-json\/wp\/v2\/pwb-brand?post=46195"},{"taxonomy":"product_cat","embeddable":true,"href":"https:\/\/pawz.rs\/en\/wp-json\/wp\/v2\/product_cat?post=46195"},{"taxonomy":"product_tag","embeddable":true,"href":"https:\/\/pawz.rs\/en\/wp-json\/wp\/v2\/product_tag?post=46195"}],"curies":[{"name":"wp","href":"https:\/\/api.w.org\/{rel}","templated":true}]}}