{"id":4621,"date":"2023-02-28T19:56:00","date_gmt":"2023-02-28T18:56:00","guid":{"rendered":"https:\/\/pawz.rs\/?post_type=product&#038;p=4621"},"modified":"2024-12-03T12:57:06","modified_gmt":"2024-12-03T11:57:06","slug":"nd-quinoa-neutered-duck-broccoli-asparagus-medium-maxi","status":"publish","type":"product","link":"https:\/\/pawz.rs\/en\/nd-quinoa-neutered-duck-broccoli-asparagus-medium-maxi\/","title":{"rendered":"N&#038;D Quinoa Neutered Duck, Broccoli &#038; Asparagus Medium\/Maxi"},"content":{"rendered":"<p><strong>N&amp;D Quinoa Neutered Duck, Broccoli &amp; Asparagus Medium\/Maxi<\/strong><\/p>\n<div class=\"intro\">\n<p>Quinoa, pa\u010detina, brokoli i asparagus. Kompletna hrana za odrasle kastrirane\/sterilisane pse srednjih i velikih rasa.<\/p>\n<\/div>\n<p><strong>SASTAV<\/strong><br \/>\nPa\u010detina bez kostiju (20%), dehidrirani proteini pa\u010detine (20%), slatki krompir, su\u0161ena pulpa repe, dehidrirana jaja, ekstrahovano seme kinoe (8%), pileca masnoca, dehidrirani protein haringe, vlakna gra\u0161ka, laneno seme, riblje ulje (od haringe), su\u0161eni brokoli (2,5%), su\u0161ena \u0161pargla (2,5%), frukto-oligosaharidi, ekstrakt kvasca (izvor mananoligo-saharida), celuloza u prahu, su\u0161eni pivski kvasac, ljuske i seme psillium-a, kalcijum-sulfat-dihidrat, kalijum hlorid, natrijum hlorid, glukozamin, hondroitin sulfat.<\/p>\n<p><strong>NUTRITIVNI SASTOJCI ADITIVI PO KG<\/strong><br \/>\nPa\u010detina bez kostiju (20%), dehidrirani proteini pa\u010detine (20%), slatki krompir, su\u0161ena pulpa repe, dehidrirana jaja, ekstrahovano seme kinoe (8%), pileca masnoca, dehidrirani protein haringe, vlakna gra\u0161ka, laneno seme, riblje ulje (od haringe), su\u0161eni brokoli (2,5%), su\u0161ena \u0161pargla (2,5%), frukto-oligosaharidi, ekstrakt kvasca (izvor mananoligo-saharida), celuloza u prahu, su\u0161eni pivski kvasac, ljuske i seme psillium-a, kalcijum-sulfat-dihidrat, kalijum hlorid, natrijum hlorid, glukozamin, hondroitin sulfat. obolj\u0161iva\u010d ukusa i mirisa: ekstrakt zelenog \u010daja 100mg. Antioksidanti: ekstrakti tokoferola iz biljnih ulja 10mg<\/p>\n<p><strong>ANALITI\u010cKI SASTAV<\/strong><br \/>\nSirovi proteini 30%; sirova mast 11%; sirova vlakna 5.70%; vlaga 9%; sirovi pepeo 7.80%; Kalcijum 1.20%; Fosfor 0.90%; Kalijum 0.60%; Natrijum 0.35%; Magnezijum 0.10%; Omega-6 masne kiseline 2%; Omega-3 masne kiseline 0,30%; DHA 0,10%; EPA 0,05%; Glukozamin 1200 mg\/kg; Hondroitin sulfat 900 mg\/kg.<\/p>\n<p><strong>ENERGETSKA VREDNOST<\/strong><br \/>\nEM Kcal\/Kg 3444 &#8211; Mj\/Kg 14,41<\/p>\n<p>Serve food in dry form with available fresh water.<br \/>\nFor your pet&#039;s health, consult a veterinarian regularly.<\/p>\n<p>Store the product in a dry, dark and cool place.<\/p>\n<p>Proizvo\u0111a\u010d: Farmina Pet Foods, In\u0111ija, Srbija<br \/>\nZemlja porekla: Srbija<\/p>\n\n    <div class=\"xs_social_share_widget xs_share_url after_content \t\tmain_content  wslu-style-1 wslu-share-box-shaped wslu-fill-colored wslu-none wslu-share-horizontal wslu-theme-font-no wslu-main_content\">\n\n\t\t\n        <ul>\n\t\t\t        <\/ul>\n    <\/div>","protected":false},"excerpt":{"rendered":"<p>N&amp;D Quinoa Neutered Duck, Broccoli &amp; Asparagus Medium\/Maxi &#8211; Quinoa, pa\u010detina, brokoli i asparagus. Kompletna hrana za odrasle kastrirane\/sterilisane pse srednjih i velikih rasa.<\/p>","protected":false},"featured_media":4624,"comment_status":"open","ping_status":"closed","template":"","meta":{"_acf_changed":false},"pwb-brand":[309,311],"product_cat":[49,48,47],"product_tag":[],"class_list":{"0":"post-4621","1":"product","2":"type-product","3":"status-publish","4":"has-post-thumbnail","6":"pwb-brand-nd-natural-delicious","7":"pwb-brand-nd-natural-delicious-hrana-za-pse","8":"product_cat-granule-za-pse","9":"product_cat-hrana-za-pse","10":"product_cat-psi","12":"first","13":"instock","14":"taxable","15":"shipping-taxable","16":"purchasable","17":"product-type-variable","18":"has-default-attributes"},"acf":[],"brands":[{"id":309,"name":"N&amp;D - Natural &amp; Delicious","slug":"nd-natural-delicious"},{"id":311,"name":"N&amp;D \u2013 Natural &amp; Delicious Dog Food","slug":"nd-natural-delicious-hrana-za-pse"}],"_links":{"self":[{"href":"https:\/\/pawz.rs\/en\/wp-json\/wp\/v2\/product\/4621","targetHints":{"allow":["GET"]}}],"collection":[{"href":"https:\/\/pawz.rs\/en\/wp-json\/wp\/v2\/product"}],"about":[{"href":"https:\/\/pawz.rs\/en\/wp-json\/wp\/v2\/types\/product"}],"replies":[{"embeddable":true,"href":"https:\/\/pawz.rs\/en\/wp-json\/wp\/v2\/comments?post=4621"}],"wp:featuredmedia":[{"embeddable":true,"href":"https:\/\/pawz.rs\/en\/wp-json\/wp\/v2\/media\/4624"}],"wp:attachment":[{"href":"https:\/\/pawz.rs\/en\/wp-json\/wp\/v2\/media?parent=4621"}],"wp:term":[{"taxonomy":"pwb-brand","embeddable":true,"href":"https:\/\/pawz.rs\/en\/wp-json\/wp\/v2\/pwb-brand?post=4621"},{"taxonomy":"product_cat","embeddable":true,"href":"https:\/\/pawz.rs\/en\/wp-json\/wp\/v2\/product_cat?post=4621"},{"taxonomy":"product_tag","embeddable":true,"href":"https:\/\/pawz.rs\/en\/wp-json\/wp\/v2\/product_tag?post=4621"}],"curies":[{"name":"wp","href":"https:\/\/api.w.org\/{rel}","templated":true}]}}