{"id":46631,"date":"2025-09-11T13:21:40","date_gmt":"2025-09-11T11:21:40","guid":{"rendered":"https:\/\/pawz.rs\/?post_type=product&#038;p=46631"},"modified":"2025-09-21T19:22:10","modified_gmt":"2025-09-21T17:22:10","slug":"trixie-zidna-grebalica-za-macke-3x18x22cm","status":"publish","type":"product","link":"https:\/\/pawz.rs\/en\/trixie-zidna-grebalica-za-macke-3x18x22cm\/","title":{"rendered":"Trixie Zidna Grebalica za Ma\u010dke 3x18x22cm"},"content":{"rendered":"<p><strong>Trixie Zidna Grebalica za Ma\u010dke 3x18x22cm<\/strong><\/p>\n<ul>\n<li>monta\u017ea na zid<\/li>\n<li>materijal: drvo, sisal konoplja<\/li>\n<li>dimenzije: 3 x 22 x \u00f818cm<\/li>\n<li>pove\u0107ava prostor po kome ma\u010dka mo\u017ee da se kre\u0107e u stanu, kori\u0161\u0107enjem zidova<\/li>\n<li>Set uklju\u010duje: 3 stepenika oblo\u017eena kanapom<\/li>\n<li>boja: bela, siva<\/li>\n<li>u skladu sa aktom o dobrobiti \u017eivotinja: AT 18<\/li>\n<\/ul>\n<p>Proizvo\u0111a\u010d: TRIXIE Pet Products, Inc<br \/>\nZemlja Porekla: Nema\u010dka<\/p>\n\n    <div class=\"xs_social_share_widget xs_share_url after_content \t\tmain_content  wslu-style-1 wslu-share-box-shaped wslu-fill-colored wslu-none wslu-share-horizontal wslu-theme-font-no wslu-main_content\">\n\n\t\t\n        <ul>\n\t\t\t        <\/ul>\n    <\/div>","protected":false},"excerpt":{"rendered":"<p>Trixie Zidna Grebalica za Ma\u010dke 3x18x22cm<\/p>","protected":false},"featured_media":46632,"comment_status":"open","ping_status":"closed","template":"","meta":{"_acf_changed":false},"pwb-brand":[465],"product_cat":[1525,23,765,767,769],"product_tag":[],"class_list":{"0":"post-46631","1":"product","2":"type-product","3":"status-publish","4":"has-post-thumbnail","6":"pwb-brand-trixie","7":"product_cat-grebalice-penjalice-za-macke","8":"product_cat-macke","9":"product_cat-oprema-za-macke","10":"product_cat-igracke-za-macke","11":"product_cat-krevetici-i-transporteri-macke","13":"first","14":"instock","15":"taxable","16":"shipping-taxable","17":"purchasable","18":"product-type-simple"},"acf":[],"brands":[{"id":465,"name":"Trixie","slug":"trixie"}],"_links":{"self":[{"href":"https:\/\/pawz.rs\/en\/wp-json\/wp\/v2\/product\/46631","targetHints":{"allow":["GET"]}}],"collection":[{"href":"https:\/\/pawz.rs\/en\/wp-json\/wp\/v2\/product"}],"about":[{"href":"https:\/\/pawz.rs\/en\/wp-json\/wp\/v2\/types\/product"}],"replies":[{"embeddable":true,"href":"https:\/\/pawz.rs\/en\/wp-json\/wp\/v2\/comments?post=46631"}],"wp:featuredmedia":[{"embeddable":true,"href":"https:\/\/pawz.rs\/en\/wp-json\/wp\/v2\/media\/46632"}],"wp:attachment":[{"href":"https:\/\/pawz.rs\/en\/wp-json\/wp\/v2\/media?parent=46631"}],"wp:term":[{"taxonomy":"pwb-brand","embeddable":true,"href":"https:\/\/pawz.rs\/en\/wp-json\/wp\/v2\/pwb-brand?post=46631"},{"taxonomy":"product_cat","embeddable":true,"href":"https:\/\/pawz.rs\/en\/wp-json\/wp\/v2\/product_cat?post=46631"},{"taxonomy":"product_tag","embeddable":true,"href":"https:\/\/pawz.rs\/en\/wp-json\/wp\/v2\/product_tag?post=46631"}],"curies":[{"name":"wp","href":"https:\/\/api.w.org\/{rel}","templated":true}]}}