{"id":46648,"date":"2025-09-18T21:23:51","date_gmt":"2025-09-18T19:23:51","guid":{"rendered":"https:\/\/pawz.rs\/?post_type=product&#038;p=46648"},"modified":"2026-03-08T08:35:55","modified_gmt":"2026-03-08T07:35:55","slug":"trixie-zastitna-silikonska-carapa-za-male-pse-i-macke","status":"publish","type":"product","link":"https:\/\/pawz.rs\/en\/trixie-zastitna-silikonska-carapa-za-male-pse-i-macke\/","title":{"rendered":"Trixie Za\u0161titna Silikonska \u010carapa za Male Pse I Ma\u010dke"},"content":{"rendered":"<p><strong>Trixie Za\u0161titna Silikonska \u010carapa za Male Pse I Ma\u010dke<\/strong><\/p>\n<div class=\"company_address\">\n<ul>\n<li>\u010carapa za za\u0161titu noge i \u0161ape psa ili ma\u010dke<\/li>\n<li>Veli\u010dina: S (na pr: ma\u010dke, D\u017eek Rasel terijer)<\/li>\n<li>Dimenzije: du\u017eina 30cm, pre\u010dnik \u0161ape do 6cm<\/li>\n<li>Materijal: silikon<\/li>\n<li>Boja: siva<\/li>\n<li>Sa dve podesive \u010di\u010dak trake za pri\u010dvr\u0161\u0107ivanje za nogu<\/li>\n<li>Odgovara i prednjim i zadnjim nogama<\/li>\n<li>Mek materijal ne spre\u010dava slobodi kretanja<\/li>\n<li>Mo\u017ee se nositi unutar i van ku\u0107e<\/li>\n<li>\u0160titi \u0161apu od ozleda<\/li>\n<li>Korisne za za\u0161titu ozleda od infekcija i spre\u010davaju ljubimca da skine zavoj<\/li>\n<\/ul>\n<\/div>\n<h2>Opis:<\/h2>\n<div class=\"grid span_2_of_3si\">\n<p>Namena silikonske \u010darape je da za\u0161titi nogu ili \u0161apu Va\u0161e ma\u010dke ili malog psa od povreda ili da spre\u010di da ljubimac skine zavoj ukoliko je do povrede do\u0161lo. Meka i udobna, ne\u0107e sputavati ljubimca.<\/p>\n<\/div>\n<p>Proizvo\u0111a\u010d: TRIXIE Pet Products, Inc<br \/>\nZemlja Porekla: Nema\u010dka<\/p>\n\n    <div class=\"xs_social_share_widget xs_share_url after_content \t\tmain_content  wslu-style-1 wslu-share-box-shaped wslu-fill-colored wslu-none wslu-share-horizontal wslu-theme-font-no wslu-main_content\">\n\n\t\t\n        <ul>\n\t\t\t        <\/ul>\n    <\/div>","protected":false},"excerpt":{"rendered":"<p>Trixie Za\u0161titna Silikonska \u010carapa za Male Pse I Ma\u010dke<\/p>","protected":false},"featured_media":46649,"comment_status":"open","ping_status":"closed","template":"","meta":{"_acf_changed":false},"pwb-brand":[465],"product_cat":[23,768,765,202,203],"product_tag":[],"class_list":{"0":"post-46648","1":"product","2":"type-product","3":"status-publish","4":"has-post-thumbnail","6":"pwb-brand-trixie","7":"product_cat-macke","8":"product_cat-ogrlice-i-amovi","9":"product_cat-oprema-za-macke","10":"product_cat-oprema-za-pse","11":"product_cat-oprema-za-setnju","13":"first","14":"instock","15":"taxable","16":"shipping-taxable","17":"purchasable","18":"product-type-variable","19":"has-default-attributes"},"acf":[],"brands":[{"id":465,"name":"Trixie","slug":"trixie"}],"_links":{"self":[{"href":"https:\/\/pawz.rs\/en\/wp-json\/wp\/v2\/product\/46648","targetHints":{"allow":["GET"]}}],"collection":[{"href":"https:\/\/pawz.rs\/en\/wp-json\/wp\/v2\/product"}],"about":[{"href":"https:\/\/pawz.rs\/en\/wp-json\/wp\/v2\/types\/product"}],"replies":[{"embeddable":true,"href":"https:\/\/pawz.rs\/en\/wp-json\/wp\/v2\/comments?post=46648"}],"wp:featuredmedia":[{"embeddable":true,"href":"https:\/\/pawz.rs\/en\/wp-json\/wp\/v2\/media\/46649"}],"wp:attachment":[{"href":"https:\/\/pawz.rs\/en\/wp-json\/wp\/v2\/media?parent=46648"}],"wp:term":[{"taxonomy":"pwb-brand","embeddable":true,"href":"https:\/\/pawz.rs\/en\/wp-json\/wp\/v2\/pwb-brand?post=46648"},{"taxonomy":"product_cat","embeddable":true,"href":"https:\/\/pawz.rs\/en\/wp-json\/wp\/v2\/product_cat?post=46648"},{"taxonomy":"product_tag","embeddable":true,"href":"https:\/\/pawz.rs\/en\/wp-json\/wp\/v2\/product_tag?post=46648"}],"curies":[{"name":"wp","href":"https:\/\/api.w.org\/{rel}","templated":true}]}}