{"id":46710,"date":"2025-09-17T17:46:52","date_gmt":"2025-09-17T15:46:52","guid":{"rendered":"https:\/\/pawz.rs\/?post_type=product&#038;p=46710"},"modified":"2025-11-19T17:39:54","modified_gmt":"2025-11-19T16:39:54","slug":"trixie-zastitne-non-slip-soknice-crno-sive","status":"publish","type":"product","link":"https:\/\/pawz.rs\/en\/trixie-zastitne-non-slip-soknice-crno-sive\/","title":{"rendered":"Trixie Za\u0161titne Non-Slip Soknice Crno-Sive"},"content":{"rendered":"<p><strong>Trixie Za\u0161titne Non-Slip Soknice Crno-Sive<\/strong><\/p>\n<ul>\n<li id=\"tw-target-rmn\" class=\"tw-data-text tw-text-small tw-ta\" dir=\"ltr\" role=\"text\"><span class=\"Y2IQFc\">Visoka otpornost na habanje zahvaljujuc\u0301i elasti\u010dnom materijalu<\/span><\/li>\n<li id=\"tw-target-rmn\" class=\"tw-data-text tw-text-small tw-ta\" dir=\"ltr\" role=\"text\"><span class=\"Y2IQFc\">\u0110on protiv klizanja sa za\u0161titnom kapom, Pouzdan hvat, na primer za stare pse<\/span><\/li>\n<li id=\"tw-target-rmn\" class=\"tw-data-text tw-text-small tw-ta\" dir=\"ltr\" role=\"text\"><span class=\"Y2IQFc\">Za\u0161tita za osetljive \u0161ape i manje povrede<\/span><\/li>\n<li id=\"tw-target-rmn\" class=\"tw-data-text tw-text-small tw-ta\" dir=\"ltr\" role=\"text\"><span class=\"Y2IQFc\">Sa prakti\u010dnim pri\u010dvr\u0161c\u0301ivanjem \u010di\u010dkom, sa dve \u010di\u010dak trake veli\u010dine M-L-XL<\/span><\/li>\n<li id=\"tw-target-rmn\" class=\"tw-data-text tw-text-small tw-ta\" dir=\"ltr\" role=\"text\"><span class=\"Y2IQFc\">Pamuk sa najlonom\/poliesterom\/elastanom<\/span><\/li>\n<li id=\"tw-target-rmn\" class=\"tw-data-text tw-text-small tw-ta\" dir=\"ltr\" role=\"text\"><span class=\"Y2IQFc\">Boja: pegavo crna\/crna<\/span><\/li>\n<\/ul>\n<p>Proizvo\u0111a\u010d: TRIXIE Pet Products, Inc<br \/>\nZemlja Porekla: Nema\u010dka<\/p>\n\n    <div class=\"xs_social_share_widget xs_share_url after_content \t\tmain_content  wslu-style-1 wslu-share-box-shaped wslu-fill-colored wslu-none wslu-share-horizontal wslu-theme-font-no wslu-main_content\">\n\n\t\t\n        <ul>\n\t\t\t        <\/ul>\n    <\/div>","protected":false},"excerpt":{"rendered":"<p>Trixie Za\u0161titne Non-Slip Soknice Crno-Sive<\/p>","protected":false},"featured_media":46711,"comment_status":"open","ping_status":"closed","template":"","meta":{"_acf_changed":false},"pwb-brand":[465],"product_cat":[202,203,47],"product_tag":[1521],"class_list":{"0":"post-46710","1":"product","2":"type-product","3":"status-publish","4":"has-post-thumbnail","6":"pwb-brand-trixie","7":"product_cat-oprema-za-pse","8":"product_cat-oprema-za-setnju","9":"product_cat-psi","10":"product_tag-jesen-zima","12":"first","13":"instock","14":"taxable","15":"shipping-taxable","16":"purchasable","17":"product-type-variable","18":"has-default-attributes"},"acf":[],"brands":[{"id":465,"name":"Trixie","slug":"trixie"}],"_links":{"self":[{"href":"https:\/\/pawz.rs\/en\/wp-json\/wp\/v2\/product\/46710","targetHints":{"allow":["GET"]}}],"collection":[{"href":"https:\/\/pawz.rs\/en\/wp-json\/wp\/v2\/product"}],"about":[{"href":"https:\/\/pawz.rs\/en\/wp-json\/wp\/v2\/types\/product"}],"replies":[{"embeddable":true,"href":"https:\/\/pawz.rs\/en\/wp-json\/wp\/v2\/comments?post=46710"}],"wp:featuredmedia":[{"embeddable":true,"href":"https:\/\/pawz.rs\/en\/wp-json\/wp\/v2\/media\/46711"}],"wp:attachment":[{"href":"https:\/\/pawz.rs\/en\/wp-json\/wp\/v2\/media?parent=46710"}],"wp:term":[{"taxonomy":"pwb-brand","embeddable":true,"href":"https:\/\/pawz.rs\/en\/wp-json\/wp\/v2\/pwb-brand?post=46710"},{"taxonomy":"product_cat","embeddable":true,"href":"https:\/\/pawz.rs\/en\/wp-json\/wp\/v2\/product_cat?post=46710"},{"taxonomy":"product_tag","embeddable":true,"href":"https:\/\/pawz.rs\/en\/wp-json\/wp\/v2\/product_tag?post=46710"}],"curies":[{"name":"wp","href":"https:\/\/api.w.org\/{rel}","templated":true}]}}