{"id":46754,"date":"2025-09-17T18:18:08","date_gmt":"2025-09-17T16:18:08","guid":{"rendered":"https:\/\/pawz.rs\/?post_type=product&#038;p=46754"},"modified":"2025-11-19T17:39:48","modified_gmt":"2025-11-19T16:39:48","slug":"trixie-zastitno-odelo-za-macku","status":"publish","type":"product","link":"https:\/\/pawz.rs\/en\/trixie-zastitno-odelo-za-macku\/","title":{"rendered":"Trixie Za\u0161titno Odelo za Ma\u010dku"},"content":{"rendered":"<p><strong>Trixie Za\u0161titno Odelo za Ma\u010dku<\/strong><\/p>\n<ul>\n<li>veli\u010dina: S-M(32-36cm )\/M-L(36-42cm)<\/li>\n<li>\u0161titi rane od operacije od spoljnih uticaja<\/li>\n<li>spre\u010dava ma\u010dku da li\u017ee ranu<\/li>\n<li>omogu\u0107ava ma\u010dki nesmetanu upotrebu posipa<\/li>\n<li>individualno podesiva zahvaljuju\u0107i kuki i om\u010di<\/li>\n<li>materijal: pamuk sa elastinom<\/li>\n<li>boja: siva<\/li>\n<li>pere se na 60C<\/li>\n<li>u skladu sa aktom o dobrobiti \u017eivotinja: AT 18<\/li>\n<\/ul>\n<p>Proizvo\u0111a\u010d: TRIXIE Pet Products, Inc<br \/>\nZemlja Porekla: Nema\u010dka<\/p>\n\n    <div class=\"xs_social_share_widget xs_share_url after_content \t\tmain_content  wslu-style-1 wslu-share-box-shaped wslu-fill-colored wslu-none wslu-share-horizontal wslu-theme-font-no wslu-main_content\">\n\n\t\t\n        <ul>\n\t\t\t        <\/ul>\n    <\/div>","protected":false},"excerpt":{"rendered":"<p>Trixie Za\u0161titno Odelo za Ma\u010dku<\/p>","protected":false},"featured_media":46760,"comment_status":"open","ping_status":"closed","template":"","meta":{"_acf_changed":false},"pwb-brand":[465],"product_cat":[23,768,765],"product_tag":[1521],"class_list":{"0":"post-46754","1":"product","2":"type-product","3":"status-publish","4":"has-post-thumbnail","6":"pwb-brand-trixie","7":"product_cat-macke","8":"product_cat-ogrlice-i-amovi","9":"product_cat-oprema-za-macke","10":"product_tag-jesen-zima","12":"first","13":"instock","14":"taxable","15":"shipping-taxable","16":"purchasable","17":"product-type-variable","18":"has-default-attributes"},"acf":[],"brands":[{"id":465,"name":"Trixie","slug":"trixie"}],"_links":{"self":[{"href":"https:\/\/pawz.rs\/en\/wp-json\/wp\/v2\/product\/46754","targetHints":{"allow":["GET"]}}],"collection":[{"href":"https:\/\/pawz.rs\/en\/wp-json\/wp\/v2\/product"}],"about":[{"href":"https:\/\/pawz.rs\/en\/wp-json\/wp\/v2\/types\/product"}],"replies":[{"embeddable":true,"href":"https:\/\/pawz.rs\/en\/wp-json\/wp\/v2\/comments?post=46754"}],"wp:featuredmedia":[{"embeddable":true,"href":"https:\/\/pawz.rs\/en\/wp-json\/wp\/v2\/media\/46760"}],"wp:attachment":[{"href":"https:\/\/pawz.rs\/en\/wp-json\/wp\/v2\/media?parent=46754"}],"wp:term":[{"taxonomy":"pwb-brand","embeddable":true,"href":"https:\/\/pawz.rs\/en\/wp-json\/wp\/v2\/pwb-brand?post=46754"},{"taxonomy":"product_cat","embeddable":true,"href":"https:\/\/pawz.rs\/en\/wp-json\/wp\/v2\/product_cat?post=46754"},{"taxonomy":"product_tag","embeddable":true,"href":"https:\/\/pawz.rs\/en\/wp-json\/wp\/v2\/product_tag?post=46754"}],"curies":[{"name":"wp","href":"https:\/\/api.w.org\/{rel}","templated":true}]}}