{"id":46778,"date":"2025-09-16T14:43:29","date_gmt":"2025-09-16T12:43:29","guid":{"rendered":"https:\/\/pawz.rs\/?post_type=product&#038;p=46778"},"modified":"2025-12-08T11:50:05","modified_gmt":"2025-12-08T10:50:05","slug":"trixie-walker-zastitne-cizmice-za-pse-2-komada","status":"publish","type":"product","link":"https:\/\/pawz.rs\/en\/trixie-walker-zastitne-cizmice-za-pse-2-komada\/","title":{"rendered":"Trixie Walker Za\u0161titne \u010cizmice za Pse 2 Komada"},"content":{"rendered":"<p><strong>Trixie Walker Za\u0161titne \u010cizmice za Pse 2 Komada<\/strong><\/p>\n<ul>\n<li>Za\u0161titne \u010dizmice za pse<\/li>\n<li><b><\/b>Pakovanje 2 komada<\/li>\n<li>Veli\u010dina: Od XS do XXL (veli\u010dina koja, na primer, odgovara rasi bernski planinski pas)<\/li>\n<li>\u0160tite \u0161apu od povreda ili infekcije ako je povreda ve\u0107 nastala<\/li>\n<li>Napravljene od izdr\u017eljivog poliestera i vinila<\/li>\n<li>Jednostavne za upotrebu<\/li>\n<li>Boja: crna<\/li>\n<\/ul>\n<p>Proizvo\u0111a\u010d: TRIXIE Pet Products, Inc<br \/>\nZemlja Porekla: Nema\u010dka<\/p>\n\n    <div class=\"xs_social_share_widget xs_share_url after_content \t\tmain_content  wslu-style-1 wslu-share-box-shaped wslu-fill-colored wslu-none wslu-share-horizontal wslu-theme-font-no wslu-main_content\">\n\n\t\t\n        <ul>\n\t\t\t        <\/ul>\n    <\/div>","protected":false},"excerpt":{"rendered":"<p>Trixie Walker Za\u0161titne \u010cizmice za Pse 2 Komada<\/p>","protected":false},"featured_media":46787,"comment_status":"open","ping_status":"closed","template":"","meta":{"_acf_changed":false},"pwb-brand":[465],"product_cat":[202,203,47],"product_tag":[],"class_list":{"0":"post-46778","1":"product","2":"type-product","3":"status-publish","4":"has-post-thumbnail","6":"pwb-brand-trixie","7":"product_cat-oprema-za-pse","8":"product_cat-oprema-za-setnju","9":"product_cat-psi","11":"first","12":"outofstock","13":"taxable","14":"shipping-taxable","15":"purchasable","16":"product-type-variable","17":"has-default-attributes"},"acf":[],"brands":[{"id":465,"name":"Trixie","slug":"trixie"}],"_links":{"self":[{"href":"https:\/\/pawz.rs\/en\/wp-json\/wp\/v2\/product\/46778","targetHints":{"allow":["GET"]}}],"collection":[{"href":"https:\/\/pawz.rs\/en\/wp-json\/wp\/v2\/product"}],"about":[{"href":"https:\/\/pawz.rs\/en\/wp-json\/wp\/v2\/types\/product"}],"replies":[{"embeddable":true,"href":"https:\/\/pawz.rs\/en\/wp-json\/wp\/v2\/comments?post=46778"}],"wp:featuredmedia":[{"embeddable":true,"href":"https:\/\/pawz.rs\/en\/wp-json\/wp\/v2\/media\/46787"}],"wp:attachment":[{"href":"https:\/\/pawz.rs\/en\/wp-json\/wp\/v2\/media?parent=46778"}],"wp:term":[{"taxonomy":"pwb-brand","embeddable":true,"href":"https:\/\/pawz.rs\/en\/wp-json\/wp\/v2\/pwb-brand?post=46778"},{"taxonomy":"product_cat","embeddable":true,"href":"https:\/\/pawz.rs\/en\/wp-json\/wp\/v2\/product_cat?post=46778"},{"taxonomy":"product_tag","embeddable":true,"href":"https:\/\/pawz.rs\/en\/wp-json\/wp\/v2\/product_tag?post=46778"}],"curies":[{"name":"wp","href":"https:\/\/api.w.org\/{rel}","templated":true}]}}