{"id":46867,"date":"2025-09-17T18:18:01","date_gmt":"2025-09-17T16:18:01","guid":{"rendered":"https:\/\/pawz.rs\/?post_type=product&#038;p=46867"},"modified":"2025-11-19T17:39:54","modified_gmt":"2025-11-19T16:39:54","slug":"trixie-kaput-za-pse-orlans","status":"publish","type":"product","link":"https:\/\/pawz.rs\/en\/trixie-kaput-za-pse-orlans\/","title":{"rendered":"Trixie Kaput za Pse Orlans"},"content":{"rendered":"<p><strong>Trixie Kaput za Pse Orlans<\/strong><\/p>\n<ul>\n<li>veli\u010dine: 25cm, 30cm, 35cm, 40cm, 45cm, 50cm, 55cm, 60cm, 70cm, 80cm<\/li>\n<li>materijal: Poliamid, Poliester<\/li>\n<li>sa postavom od flisa<\/li>\n<li>sa reflektivnim elementima<\/li>\n<li>kukica i om\u010dica za bolje pri\u010dvr\u0161\u0107ivanje na grudnom delu<\/li>\n<li>kukica na stomaku za bolje prijanjanje<\/li>\n<li>pranje na 30 stepeni<\/li>\n<li>za srednje hladno vreme<\/li>\n<li>vodoodbojan materijal<\/li>\n<li>boja: crna, svetlo sivi detalji<\/li>\n<li>obim stomaka &#8211; veli\u010dine<\/li>\n<\/ul>\n<p>Proizvo\u0111a\u010d: TRIXIE Pet Products, Inc<br \/>\nZemlja Porekla: Nema\u010dka<\/p>\n\n    <div class=\"xs_social_share_widget xs_share_url after_content \t\tmain_content  wslu-style-1 wslu-share-box-shaped wslu-fill-colored wslu-none wslu-share-horizontal wslu-theme-font-no wslu-main_content\">\n\n\t\t\n        <ul>\n\t\t\t        <\/ul>\n    <\/div>","protected":false},"excerpt":{"rendered":"<p>Trixie Kaput za Pse Orlans<\/p>","protected":false},"featured_media":46877,"comment_status":"open","ping_status":"closed","template":"","meta":{"_acf_changed":false},"pwb-brand":[465],"product_cat":[202,203,47],"product_tag":[1521],"class_list":{"0":"post-46867","1":"product","2":"type-product","3":"status-publish","4":"has-post-thumbnail","6":"pwb-brand-trixie","7":"product_cat-oprema-za-pse","8":"product_cat-oprema-za-setnju","9":"product_cat-psi","10":"product_tag-jesen-zima","12":"first","13":"instock","14":"taxable","15":"shipping-taxable","16":"purchasable","17":"product-type-variable","18":"has-default-attributes"},"acf":[],"brands":[{"id":465,"name":"Trixie","slug":"trixie"}],"_links":{"self":[{"href":"https:\/\/pawz.rs\/en\/wp-json\/wp\/v2\/product\/46867","targetHints":{"allow":["GET"]}}],"collection":[{"href":"https:\/\/pawz.rs\/en\/wp-json\/wp\/v2\/product"}],"about":[{"href":"https:\/\/pawz.rs\/en\/wp-json\/wp\/v2\/types\/product"}],"replies":[{"embeddable":true,"href":"https:\/\/pawz.rs\/en\/wp-json\/wp\/v2\/comments?post=46867"}],"wp:featuredmedia":[{"embeddable":true,"href":"https:\/\/pawz.rs\/en\/wp-json\/wp\/v2\/media\/46877"}],"wp:attachment":[{"href":"https:\/\/pawz.rs\/en\/wp-json\/wp\/v2\/media?parent=46867"}],"wp:term":[{"taxonomy":"pwb-brand","embeddable":true,"href":"https:\/\/pawz.rs\/en\/wp-json\/wp\/v2\/pwb-brand?post=46867"},{"taxonomy":"product_cat","embeddable":true,"href":"https:\/\/pawz.rs\/en\/wp-json\/wp\/v2\/product_cat?post=46867"},{"taxonomy":"product_tag","embeddable":true,"href":"https:\/\/pawz.rs\/en\/wp-json\/wp\/v2\/product_tag?post=46867"}],"curies":[{"name":"wp","href":"https:\/\/api.w.org\/{rel}","templated":true}]}}