{"id":46924,"date":"2025-09-18T21:23:48","date_gmt":"2025-09-18T19:23:48","guid":{"rendered":"https:\/\/pawz.rs\/?post_type=product&#038;p=46924"},"modified":"2025-11-19T17:39:45","modified_gmt":"2025-11-19T16:39:45","slug":"trixie-jako-toplo-odelo-za-pse-explore","status":"publish","type":"product","link":"https:\/\/pawz.rs\/en\/trixie-jako-toplo-odelo-za-pse-explore\/","title":{"rendered":"Trixie Jako Toplo Odelo za Pse Explore"},"content":{"rendered":"<p><strong>Trixie Jako Toplo Odelo za Pse Explore<\/strong><\/p>\n<ul>\n<li>Dimenzije:<br \/>\n<table style=\"height: 536px\" border=\"1\" width=\"1007\">\n<tbody>\n<tr>\n<td width=\"246\">Naziv proizvoda<\/td>\n<td width=\"84\">Veli\u010dina<\/td>\n<td width=\"108\">Obim grudi<\/td>\n<td width=\"96\">Du\u017eina<\/td>\n<\/tr>\n<tr>\n<td width=\"246\">Jako toplo odelo za pse Explore, XS 25 cm<\/td>\n<td width=\"84\">XXS<\/td>\n<td width=\"108\">24-42 cm<\/td>\n<td width=\"96\">25 cm<\/td>\n<\/tr>\n<tr>\n<td width=\"246\">Jako toplo odelo za pse Explore, XS 30 cm<\/td>\n<td width=\"84\">XS<\/td>\n<td width=\"108\">28-48 cm<\/td>\n<td width=\"96\">30 cm<\/td>\n<\/tr>\n<tr>\n<td width=\"246\">Jako toplo odelo za pse Explore, S 35 cm<\/td>\n<td width=\"84\">S<\/td>\n<td width=\"108\">30-52 cm<\/td>\n<td width=\"96\">35 cm<\/td>\n<\/tr>\n<tr>\n<td width=\"246\">Jako toplo odelo za pse Explore, S 40 cm<\/td>\n<td width=\"84\">S-M<\/td>\n<td width=\"108\">32-56 cm<\/td>\n<td width=\"96\">40 cm<\/td>\n<\/tr>\n<tr>\n<td width=\"246\">Jako toplo odelo za pse Explore, M 45 cm<\/td>\n<td width=\"84\">M<\/td>\n<td width=\"108\">36-62\u00a0 cm<\/td>\n<td width=\"96\">45 cm<\/td>\n<\/tr>\n<tr>\n<td width=\"246\">Jako toplo odelo za pse Explore, M 50 cm<\/td>\n<td width=\"84\">M-L<\/td>\n<td width=\"108\">48-78 cm<\/td>\n<td width=\"96\">50 cm<\/td>\n<\/tr>\n<tr>\n<td width=\"246\">Jako toplo odelo za pse Explore, L 55 cm<\/td>\n<td width=\"84\">L<\/td>\n<td width=\"108\">54-79 cm<\/td>\n<td width=\"96\">55 cm<\/td>\n<\/tr>\n<tr>\n<td width=\"246\">Jako toplo odelo za pse Explore, L 62 cm<\/td>\n<td width=\"84\">L-XL<\/td>\n<td width=\"108\">55-88 cm<\/td>\n<td width=\"96\">62 cm<\/td>\n<\/tr>\n<\/tbody>\n<\/table>\n<p>Odelce za pse napravljeno od najlona i poliestera. Poseduje dva vodootporna rajfe\u0161lusa koja omogu\u0107avaju kombinovanje i ka\u010denje povodca za ogrlicu ili am u zavisnosti od toga \u0161ta pas u tom momentu nosi. Vodootporno, obezbe\u0111uje za\u0161titu od ki\u0161e i vetra. Poseduje reflektuju\u0107e motive koji pove\u0107avaju vidljivost tokom no\u0107nih \u0161etnji. Pertle na kragni pru\u017eaju mogu\u0107nost prilago\u0111avanja kragne anatomiji vrata. Poseduje pojas oko stomaka i kaji\u0161eve koji idu oko zadnjih nogu. Jako toplo odelce. Pru\u017ea izuzetnu toplotnu za\u0161titu. Pere se ma\u0161inskim putem na 30 stepeni.<\/li>\n<\/ul>\n<p>Proizvo\u0111a\u010d: TRIXIE Pet Products, Inc<br \/>\nZemlja Porekla: Nema\u010dka<\/p>\n\n    <div class=\"xs_social_share_widget xs_share_url after_content \t\tmain_content  wslu-style-1 wslu-share-box-shaped wslu-fill-colored wslu-none wslu-share-horizontal wslu-theme-font-no wslu-main_content\">\n\n\t\t\n        <ul>\n\t\t\t        <\/ul>\n    <\/div>","protected":false},"excerpt":{"rendered":"<p>Trixie Jako Toplo Odelo za Pse Explore<\/p>","protected":false},"featured_media":46936,"comment_status":"open","ping_status":"closed","template":"","meta":{"_acf_changed":false},"pwb-brand":[465],"product_cat":[47,202,203],"product_tag":[1521],"class_list":{"0":"post-46924","1":"product","2":"type-product","3":"status-publish","4":"has-post-thumbnail","6":"pwb-brand-trixie","7":"product_cat-psi","8":"product_cat-oprema-za-pse","9":"product_cat-oprema-za-setnju","10":"product_tag-jesen-zima","12":"first","13":"instock","14":"taxable","15":"shipping-taxable","16":"purchasable","17":"product-type-variable","18":"has-default-attributes"},"acf":[],"brands":[{"id":465,"name":"Trixie","slug":"trixie"}],"_links":{"self":[{"href":"https:\/\/pawz.rs\/en\/wp-json\/wp\/v2\/product\/46924","targetHints":{"allow":["GET"]}}],"collection":[{"href":"https:\/\/pawz.rs\/en\/wp-json\/wp\/v2\/product"}],"about":[{"href":"https:\/\/pawz.rs\/en\/wp-json\/wp\/v2\/types\/product"}],"replies":[{"embeddable":true,"href":"https:\/\/pawz.rs\/en\/wp-json\/wp\/v2\/comments?post=46924"}],"wp:featuredmedia":[{"embeddable":true,"href":"https:\/\/pawz.rs\/en\/wp-json\/wp\/v2\/media\/46936"}],"wp:attachment":[{"href":"https:\/\/pawz.rs\/en\/wp-json\/wp\/v2\/media?parent=46924"}],"wp:term":[{"taxonomy":"pwb-brand","embeddable":true,"href":"https:\/\/pawz.rs\/en\/wp-json\/wp\/v2\/pwb-brand?post=46924"},{"taxonomy":"product_cat","embeddable":true,"href":"https:\/\/pawz.rs\/en\/wp-json\/wp\/v2\/product_cat?post=46924"},{"taxonomy":"product_tag","embeddable":true,"href":"https:\/\/pawz.rs\/en\/wp-json\/wp\/v2\/product_tag?post=46924"}],"curies":[{"name":"wp","href":"https:\/\/api.w.org\/{rel}","templated":true}]}}