{"id":46950,"date":"2025-09-18T16:28:24","date_gmt":"2025-09-18T14:28:24","guid":{"rendered":"https:\/\/pawz.rs\/?post_type=product&#038;p=46950"},"modified":"2025-12-03T20:30:16","modified_gmt":"2025-12-03T19:30:16","slug":"trixie-jakna-za-psa-saint-malo-blue","status":"publish","type":"product","link":"https:\/\/pawz.rs\/en\/trixie-jakna-za-psa-saint-malo-blue\/","title":{"rendered":"Trixie Jakna za Psa Saint-Malo Blue"},"content":{"rendered":"<p><strong>Trixie Jakna za Psa Saint-Malo Blue<\/strong><\/p>\n<ul>\n<li>kolekcija: Saint-Malo<\/li>\n<li>veli\u010dina: XXS (30cm\/42cm), XS (33cm\/48cm), S (36cm\/50cm), S-M (40cm\/54cm), M (45cm\/60cm)<\/li>\n<li>Boja: plava<\/li>\n<li>Materijal: Poliester<\/li>\n<li>sa postavom i punjenjem od flisa (120g\/m\u00b2)<\/li>\n<li>za srednje hladno vreme<\/li>\n<li>sa alkama za ka\u010denje povoca ili ama<\/li>\n<li>sa rajsfer\u0161lusom du\u017e celih le\u0111a<\/li>\n<li>pranje na 30 stepeni<\/li>\n<li>model usko prijanja uz telo psa<\/li>\n<\/ul>\n<p>Proizvo\u0111a\u010d: TRIXIE Pet Products, Inc<br \/>\nZemlja Porekla: Nema\u010dka<\/p>\n\n    <div class=\"xs_social_share_widget xs_share_url after_content \t\tmain_content  wslu-style-1 wslu-share-box-shaped wslu-fill-colored wslu-none wslu-share-horizontal wslu-theme-font-no wslu-main_content\">\n\n\t\t\n        <ul>\n\t\t\t        <\/ul>\n    <\/div>","protected":false},"excerpt":{"rendered":"<p>Trixie Jakna za Psa Saint-Malo Crvena Le\u0111a<\/p>","protected":false},"featured_media":46956,"comment_status":"open","ping_status":"closed","template":"","meta":{"_acf_changed":false},"pwb-brand":[465],"product_cat":[47,202,203],"product_tag":[1521],"class_list":{"0":"post-46950","1":"product","2":"type-product","3":"status-publish","4":"has-post-thumbnail","6":"pwb-brand-trixie","7":"product_cat-psi","8":"product_cat-oprema-za-pse","9":"product_cat-oprema-za-setnju","10":"product_tag-jesen-zima","12":"first","13":"instock","14":"taxable","15":"shipping-taxable","16":"purchasable","17":"product-type-variable","18":"has-default-attributes"},"acf":[],"brands":[{"id":465,"name":"Trixie","slug":"trixie"}],"_links":{"self":[{"href":"https:\/\/pawz.rs\/en\/wp-json\/wp\/v2\/product\/46950","targetHints":{"allow":["GET"]}}],"collection":[{"href":"https:\/\/pawz.rs\/en\/wp-json\/wp\/v2\/product"}],"about":[{"href":"https:\/\/pawz.rs\/en\/wp-json\/wp\/v2\/types\/product"}],"replies":[{"embeddable":true,"href":"https:\/\/pawz.rs\/en\/wp-json\/wp\/v2\/comments?post=46950"}],"wp:featuredmedia":[{"embeddable":true,"href":"https:\/\/pawz.rs\/en\/wp-json\/wp\/v2\/media\/46956"}],"wp:attachment":[{"href":"https:\/\/pawz.rs\/en\/wp-json\/wp\/v2\/media?parent=46950"}],"wp:term":[{"taxonomy":"pwb-brand","embeddable":true,"href":"https:\/\/pawz.rs\/en\/wp-json\/wp\/v2\/pwb-brand?post=46950"},{"taxonomy":"product_cat","embeddable":true,"href":"https:\/\/pawz.rs\/en\/wp-json\/wp\/v2\/product_cat?post=46950"},{"taxonomy":"product_tag","embeddable":true,"href":"https:\/\/pawz.rs\/en\/wp-json\/wp\/v2\/product_tag?post=46950"}],"curies":[{"name":"wp","href":"https:\/\/api.w.org\/{rel}","templated":true}]}}