{"id":47089,"date":"2025-09-19T20:29:01","date_gmt":"2025-09-19T18:29:01","guid":{"rendered":"https:\/\/pawz.rs\/?post_type=product&#038;p=47089"},"modified":"2025-11-19T17:35:34","modified_gmt":"2025-11-19T16:35:34","slug":"trixie-pulover-za-pse-kenton-bez","status":"publish","type":"product","link":"https:\/\/pawz.rs\/en\/trixie-pulover-za-pse-kenton-bez\/","title":{"rendered":"Trixie Pulover za Pse Kenton Be\u017e"},"content":{"rendered":"<p><strong>Trixie Pulover za Pse Kenton Be\u017e<\/strong><\/p>\n<ul>\n<li>D\u017eemper namenjen psima. Napravljen od sinteti\u010dke vune (akrila). Poseduje trake koje se stavljaju oko zadnjih nogu i omogu\u0107avaju zatezanje d\u017eempera. Pru\u017ea dobru toplotnu za\u0161titu. Pere se ma\u0161inskim putem na 30 stepeni.Dimenzije:\n<div class=\"table-wrapper\">\n<table style=\"height: 662px\" border=\"1\" width=\"1136\">\n<tbody>\n<tr>\n<td width=\"246\">Naziv proizvoda<\/td>\n<td width=\"84\">Veli\u010dina<\/td>\n<td width=\"108\">Obim stomaka<\/td>\n<td width=\"96\">Du\u017eina<\/td>\n<\/tr>\n<tr>\n<td width=\"246\">D\u017eemper za pse Kenton Red, XS 24 cm<\/td>\n<td width=\"84\">XXS<\/td>\n<td width=\"108\">34 cm<\/td>\n<td width=\"96\">24 cm<\/td>\n<\/tr>\n<tr>\n<td width=\"246\">D\u017eemper za pse Kenton Red, XS 27 cm<\/td>\n<td width=\"84\">XS<\/td>\n<td width=\"108\">36 cm<\/td>\n<td width=\"96\">27 cm<\/td>\n<\/tr>\n<tr>\n<td width=\"246\">D\u017eemper za pse Kenton Red, XS 30 cm<\/td>\n<td width=\"84\">XS-S<\/td>\n<td width=\"108\">38 cm<\/td>\n<td width=\"96\">30 cm<\/td>\n<\/tr>\n<tr>\n<td width=\"246\">D\u017eemper za pse Kenton Red, S 33 cm<\/td>\n<td width=\"84\">S<\/td>\n<td width=\"108\">40 cm<\/td>\n<td width=\"96\">33 cm<\/td>\n<\/tr>\n<tr>\n<td width=\"246\">D\u017eemper za pse Kenton Red, S 36 cm<\/td>\n<td width=\"84\">S-M<\/td>\n<td width=\"108\">42 cm<\/td>\n<td width=\"96\">36 cm<\/td>\n<\/tr>\n<tr>\n<td width=\"246\">D\u017eemper za pse Kenton Red, S 40 cm<\/td>\n<td width=\"84\">M<\/td>\n<td width=\"108\">44\u00a0 cm<\/td>\n<td width=\"96\">40 cm<\/td>\n<\/tr>\n<tr>\n<td width=\"246\">D\u017eemper za pse Kenton Red, M 45 cm<\/td>\n<td width=\"84\">M-L<\/td>\n<td width=\"108\">48 cm<\/td>\n<td width=\"96\">45 cm<\/td>\n<\/tr>\n<tr>\n<td width=\"246\">D\u017eemper za pse Kenton Red, M 50 cm<\/td>\n<td width=\"84\">L<\/td>\n<td width=\"108\">52 cm<\/td>\n<td width=\"96\">50 cm<\/td>\n<\/tr>\n<tr>\n<td width=\"246\">D\u017eemper za pse Kenton Red, L 55 cm<\/td>\n<td width=\"84\">L-XL<\/td>\n<td width=\"108\">54<\/td>\n<td width=\"96\">55 cm<\/td>\n<\/tr>\n<tr>\n<td width=\"246\">D\u017eemper za pse Kenton Red, L \u00a060 cm<\/td>\n<td width=\"84\">XL<\/td>\n<td width=\"108\">58<\/td>\n<td width=\"96\">60 cm<\/td>\n<\/tr>\n<\/tbody>\n<\/table>\n<\/div>\n<\/li>\n<\/ul>\n<p>Proizvo\u0111a\u010d: TRIXIE Pet Products, Inc<br \/>\nZemlja Porekla: Nema\u010dka<\/p>\n\n    <div class=\"xs_social_share_widget xs_share_url after_content \t\tmain_content  wslu-style-1 wslu-share-box-shaped wslu-fill-colored wslu-none wslu-share-horizontal wslu-theme-font-no wslu-main_content\">\n\n\t\t\n        <ul>\n\t\t\t        <\/ul>\n    <\/div>","protected":false},"excerpt":{"rendered":"<p>Trixie Pulover za Pse Kenton Be\u017e<\/p>","protected":false},"featured_media":47100,"comment_status":"open","ping_status":"closed","template":"","meta":{"_acf_changed":false},"pwb-brand":[465],"product_cat":[47,202,203],"product_tag":[1521],"class_list":{"0":"post-47089","1":"product","2":"type-product","3":"status-publish","4":"has-post-thumbnail","6":"pwb-brand-trixie","7":"product_cat-psi","8":"product_cat-oprema-za-pse","9":"product_cat-oprema-za-setnju","10":"product_tag-jesen-zima","12":"first","13":"instock","14":"taxable","15":"shipping-taxable","16":"purchasable","17":"product-type-variable","18":"has-default-attributes"},"acf":[],"brands":[{"id":465,"name":"Trixie","slug":"trixie"}],"_links":{"self":[{"href":"https:\/\/pawz.rs\/en\/wp-json\/wp\/v2\/product\/47089","targetHints":{"allow":["GET"]}}],"collection":[{"href":"https:\/\/pawz.rs\/en\/wp-json\/wp\/v2\/product"}],"about":[{"href":"https:\/\/pawz.rs\/en\/wp-json\/wp\/v2\/types\/product"}],"replies":[{"embeddable":true,"href":"https:\/\/pawz.rs\/en\/wp-json\/wp\/v2\/comments?post=47089"}],"wp:featuredmedia":[{"embeddable":true,"href":"https:\/\/pawz.rs\/en\/wp-json\/wp\/v2\/media\/47100"}],"wp:attachment":[{"href":"https:\/\/pawz.rs\/en\/wp-json\/wp\/v2\/media?parent=47089"}],"wp:term":[{"taxonomy":"pwb-brand","embeddable":true,"href":"https:\/\/pawz.rs\/en\/wp-json\/wp\/v2\/pwb-brand?post=47089"},{"taxonomy":"product_cat","embeddable":true,"href":"https:\/\/pawz.rs\/en\/wp-json\/wp\/v2\/product_cat?post=47089"},{"taxonomy":"product_tag","embeddable":true,"href":"https:\/\/pawz.rs\/en\/wp-json\/wp\/v2\/product_tag?post=47089"}],"curies":[{"name":"wp","href":"https:\/\/api.w.org\/{rel}","templated":true}]}}