{"id":47115,"date":"2025-09-19T20:28:59","date_gmt":"2025-09-19T18:28:59","guid":{"rendered":"https:\/\/pawz.rs\/?post_type=product&#038;p=47115"},"modified":"2025-11-19T17:39:41","modified_gmt":"2025-11-19T16:39:41","slug":"trixie-zimski-kaputic-za-pse-riom-plava","status":"publish","type":"product","link":"https:\/\/pawz.rs\/en\/trixie-zimski-kaputic-za-pse-riom-plava\/","title":{"rendered":"Trixie Zimski Kaputi\u0107 za Pse Riom Plava"},"content":{"rendered":"<p><strong>Trixie Zimski Kaputi\u0107 za Pse Riom Plava<\/strong><\/p>\n<ul>\n<li>Zimska jakna za pse napravljena od poliestera. Topla, poseduje postavu od filca. Vodoodbojna (ne upija vodu) i otporna na vetar. Poseduje dva vodootporna rajsfe\u0161lusa koja omogu\u0107avaju kombinovanje i vezivanje psa za ogrlicu ili am. Zahvaljuju\u0107i reflektuju\u0107im delovima odelce pove\u0107ava vidljivost tokom no\u0107nih \u0161etnji i samim tim pru\u017ea ve\u0107u sigurnost. Poseduje elasti\u010dni umetak u predelu ramena. Ekstra visoka kragna poseduje pertlu sa kojom je mogu\u0107e spu\u0161tati i podizati kragnu u zavisnosti od vremenskih uslova. Poseduje kaji\u0161 oko stomaka i podesive u\u010dkure oko zadnjih nogu. Odr\u017eava se pranjem u ve\u0161 ma\u0161ini na temperature od 30 stepeni.\n<p>Dimenzije:<\/p>\n<div class=\"table-wrapper\">\n<table style=\"height: 136px\" border=\"1\" width=\"1206\">\n<tbody>\n<tr>\n<td width=\"264\">Naziv proizvoda<\/td>\n<td width=\"108\">Veli\u010dina<\/td>\n<td width=\"205\">Obim pojasa oko stomaka<\/td>\n<td width=\"132\">Du\u017eina le\u0111a<\/td>\n<\/tr>\n<tr>\n<td width=\"264\">Zimska jakna za pse Riom, S<\/td>\n<td width=\"108\">XXS<\/td>\n<td width=\"205\">36-54 cm<\/td>\n<td width=\"132\">35 cm<\/td>\n<\/tr>\n<tr>\n<td width=\"264\">Zimska jakna za pse Riom, S<\/td>\n<td width=\"108\">XS<\/td>\n<td width=\"205\">44-60 cm<\/td>\n<td width=\"132\">40 cm<\/td>\n<\/tr>\n<tr>\n<td width=\"264\">Zimska jakna za pse Riom, M<\/td>\n<td width=\"108\">S<\/td>\n<td width=\"205\">46-68 cm<\/td>\n<td width=\"132\">45 cm<\/td>\n<\/tr>\n<tr>\n<td width=\"264\">Zimska jakna za pse Riom, M<\/td>\n<td width=\"108\">M<\/td>\n<td width=\"205\">48-72 cm<\/td>\n<td width=\"132\">50 cm<\/td>\n<\/tr>\n<tr>\n<td width=\"264\">Zimska jakna za pse Riom, L<\/td>\n<td width=\"108\">M-L<\/td>\n<td width=\"205\">58-84 cm<\/td>\n<td width=\"132\">55 cm<\/td>\n<\/tr>\n<tr>\n<td width=\"264\">Zimska jakna za pse Riom, L<\/td>\n<td width=\"108\">L<\/td>\n<td width=\"205\">66-92 cm<\/td>\n<td width=\"132\">62 cm<\/td>\n<\/tr>\n<tr>\n<td width=\"264\">Zimska jakna za pse Riom, XL<\/td>\n<td width=\"108\">XL<\/td>\n<td width=\"205\">70-104 cm<\/td>\n<td width=\"132\">70 cm<\/td>\n<\/tr>\n<\/tbody>\n<\/table>\n<\/div>\n<\/li>\n<\/ul>\n<p>Proizvo\u0111a\u010d: TRIXIE Pet Products, Inc<br \/>\nZemlja Porekla: Nema\u010dka<\/p>\n\n    <div class=\"xs_social_share_widget xs_share_url after_content \t\tmain_content  wslu-style-1 wslu-share-box-shaped wslu-fill-colored wslu-none wslu-share-horizontal wslu-theme-font-no wslu-main_content\">\n\n\t\t\n        <ul>\n\t\t\t        <\/ul>\n    <\/div>","protected":false},"excerpt":{"rendered":"<p>Trixie Zimski Kaputi\u0107 za Pse Riom Plava<\/p>","protected":false},"featured_media":47126,"comment_status":"open","ping_status":"closed","template":"","meta":{"_acf_changed":false},"pwb-brand":[465],"product_cat":[202,203,47],"product_tag":[1521],"class_list":{"0":"post-47115","1":"product","2":"type-product","3":"status-publish","4":"has-post-thumbnail","6":"pwb-brand-trixie","7":"product_cat-oprema-za-pse","8":"product_cat-oprema-za-setnju","9":"product_cat-psi","10":"product_tag-jesen-zima","12":"first","13":"instock","14":"taxable","15":"shipping-taxable","16":"purchasable","17":"product-type-variable","18":"has-default-attributes"},"acf":[],"brands":[{"id":465,"name":"Trixie","slug":"trixie"}],"_links":{"self":[{"href":"https:\/\/pawz.rs\/en\/wp-json\/wp\/v2\/product\/47115","targetHints":{"allow":["GET"]}}],"collection":[{"href":"https:\/\/pawz.rs\/en\/wp-json\/wp\/v2\/product"}],"about":[{"href":"https:\/\/pawz.rs\/en\/wp-json\/wp\/v2\/types\/product"}],"replies":[{"embeddable":true,"href":"https:\/\/pawz.rs\/en\/wp-json\/wp\/v2\/comments?post=47115"}],"wp:featuredmedia":[{"embeddable":true,"href":"https:\/\/pawz.rs\/en\/wp-json\/wp\/v2\/media\/47126"}],"wp:attachment":[{"href":"https:\/\/pawz.rs\/en\/wp-json\/wp\/v2\/media?parent=47115"}],"wp:term":[{"taxonomy":"pwb-brand","embeddable":true,"href":"https:\/\/pawz.rs\/en\/wp-json\/wp\/v2\/pwb-brand?post=47115"},{"taxonomy":"product_cat","embeddable":true,"href":"https:\/\/pawz.rs\/en\/wp-json\/wp\/v2\/product_cat?post=47115"},{"taxonomy":"product_tag","embeddable":true,"href":"https:\/\/pawz.rs\/en\/wp-json\/wp\/v2\/product_tag?post=47115"}],"curies":[{"name":"wp","href":"https:\/\/api.w.org\/{rel}","templated":true}]}}