{"id":47153,"date":"2025-09-20T14:48:41","date_gmt":"2025-09-20T12:48:41","guid":{"rendered":"https:\/\/pawz.rs\/?post_type=product&#038;p=47153"},"modified":"2026-04-13T09:54:58","modified_gmt":"2026-04-13T07:54:58","slug":"brit-premium-by-nature-sport","status":"publish","type":"product","link":"https:\/\/pawz.rs\/en\/brit-premium-by-nature-sport\/","title":{"rendered":"Brit Premium by Nature Sport"},"content":{"rendered":"<p><strong>Brit Premium by Nature Sport<\/strong><\/p>\n<p>Potpuna hrana za pse piletina formula za pse svih rasa sa piletinom<\/p>\n<p><strong>SASTAV<\/strong>: piletina 50 % (dehidrirana 30 %, otko\u0161\u0107eno 20 %), ovas, pile\u0107a mast (konzervisana me\u0161anim tokoferolima), p\u0161enica, kukuruz, lososovo ulje (2 %), hidrolizovana pile\u0107a d\u017eigerica, pivski kvasac, su\u0161ene jabuke, kolagen, oklopi rakova (izvor glukozamina, 260 mg\/kg), hrskavice (izvor hondroitina, 180 mg\/kg), bilja i vo\u0107a (karanfili\u0107, citrusi, ruzmarin, kurkuma, 150 mg\/kg), manan-oligosaharidi (150 mg\/kg), vo\u0107ni oligosaharidi (100 mg\/kg), ekstrakt juke (Mojave yucca) (100 mg\/kg), su\u0161ena kamilica (90 mg\/kg), Zelena dagnja (izvor glikozaminoglikana, 60 mg\/kg), su\u0161ena borovnica (60 mg\/kg). Proizvedeno po proizvo\u0111a\u010dkoj deklaraciji.<\/p>\n<p><strong>UPUTSTVO ZA ISHRANU<\/strong>: mo\u017ee se servirati suvo ili navla\u017eeno mlakom vodom. Kada prvi put dajete Brit Premium, koristite manje koli\u010dine i me\u0161ajte je sa prethodnom hranom, postepeno pove\u0107avaju\u0107i porcije hrane Brit Premium. Uvek vodite ra\u010duna da va\u0161 pas ima dovoljno sve\u017ee vode.<\/p>\n<p><strong>ANALITI\u010cKI SASTAV:<\/strong> sirovi proteini 31,0 %, sadr\u017eaj masti 22,0 %, vlaga 10,0 %, sirovi pepeo 7,0 %, sirova vlakna 1,5 %, kalcijum 1,5 %, fosfor 1,1 %, omega-3 0,25 %, omega-6 2,5 %.<\/p>\n<p><strong>DODACI\/KG: NUTRITIVNI DODACI:<\/strong> vitamin A (3a672a) 20.000 IJ, vitamin D3 (E671) 1.200 IJ, vitamin E (?-tokoferol) (3a700) 500 mg, biotin (3a880) 0,6 mg, holin hlorid (3a890) 600 mg, cink helat amino-kiselina, hidrat (3b606) 90 mg, gvo\u017e\u0111e helat amino-kiselina, hidrat (E1) 80 mg, mangan helat amino-kiselina, hidrat (E5) 35 mg, kalijum-jodid (3b201) 0,65 mg, bakar helat amino-kiselina, hidrat (E4) 15 mg, organski oblik selenijuma koji se dobija od pivskog kvasca (Saccharomyces cerevisiae CNCM I-3060) (3b8.10) 0,2 mg. Sadr\u017ei antioksidanse koje odobrava EU: ekstrakti tokoferola iz biljnih ulja (1b306), askorbil palmitat (1b304) i ekstrakt ruzmarina. Nivo vitamina zagarantovan je do isteka roka upotrebe proizvoda.<\/p>\n<p><strong>METABOLI\u010cKA ENERGIJA<\/strong>: 4 200 kcal\/kg.<\/p>\n<p>Uvek vodite ra\u010duna da va\u0161 pas ima dovoljno sve\u017ee vode<b>.<\/b><br \/>\nFor your pet&#039;s health, consult a veterinarian regularly.<\/p>\n<p>Store the product in a dry, dark and cool place.<\/p>\n<p>Proizvo\u0111a\u010d: VAFO PRAHA s.r.o.<br \/>\nZemlja porekla: \u010ce\u0161ka (EU)<\/p>\n\n    <div class=\"xs_social_share_widget xs_share_url after_content \t\tmain_content  wslu-style-1 wslu-share-box-shaped wslu-fill-colored wslu-none wslu-share-horizontal wslu-theme-font-no wslu-main_content\">\n\n\t\t\n        <ul>\n\t\t\t        <\/ul>\n    <\/div>","protected":false},"excerpt":{"rendered":"<p>Brit Premium by Nature Sport sa piletinom<\/p>","protected":false},"featured_media":47155,"comment_status":"open","ping_status":"closed","template":"","meta":{"_acf_changed":false},"pwb-brand":[301,303],"product_cat":[47,48,49],"product_tag":[],"class_list":{"0":"post-47153","1":"product","2":"type-product","3":"status-publish","4":"has-post-thumbnail","6":"pwb-brand-brit","7":"pwb-brand-brit-hrana-za-pse","8":"product_cat-psi","9":"product_cat-hrana-za-pse","10":"product_cat-granule-za-pse","12":"first","13":"instock","14":"taxable","15":"shipping-taxable","16":"purchasable","17":"product-type-variable","18":"has-default-attributes"},"acf":[],"brands":[{"id":301,"name":"Brit","slug":"brit"},{"id":303,"name":"Brit Dog Food","slug":"brit-hrana-za-pse"}],"_links":{"self":[{"href":"https:\/\/pawz.rs\/en\/wp-json\/wp\/v2\/product\/47153","targetHints":{"allow":["GET"]}}],"collection":[{"href":"https:\/\/pawz.rs\/en\/wp-json\/wp\/v2\/product"}],"about":[{"href":"https:\/\/pawz.rs\/en\/wp-json\/wp\/v2\/types\/product"}],"replies":[{"embeddable":true,"href":"https:\/\/pawz.rs\/en\/wp-json\/wp\/v2\/comments?post=47153"}],"wp:featuredmedia":[{"embeddable":true,"href":"https:\/\/pawz.rs\/en\/wp-json\/wp\/v2\/media\/47155"}],"wp:attachment":[{"href":"https:\/\/pawz.rs\/en\/wp-json\/wp\/v2\/media?parent=47153"}],"wp:term":[{"taxonomy":"pwb-brand","embeddable":true,"href":"https:\/\/pawz.rs\/en\/wp-json\/wp\/v2\/pwb-brand?post=47153"},{"taxonomy":"product_cat","embeddable":true,"href":"https:\/\/pawz.rs\/en\/wp-json\/wp\/v2\/product_cat?post=47153"},{"taxonomy":"product_tag","embeddable":true,"href":"https:\/\/pawz.rs\/en\/wp-json\/wp\/v2\/product_tag?post=47153"}],"curies":[{"name":"wp","href":"https:\/\/api.w.org\/{rel}","templated":true}]}}