{"id":47200,"date":"2025-09-22T17:36:13","date_gmt":"2025-09-22T15:36:13","guid":{"rendered":"https:\/\/pawz.rs\/?post_type=product&#038;p=47200"},"modified":"2025-12-03T20:32:07","modified_gmt":"2025-12-03T19:32:07","slug":"trixie-kisni-mantil-za-pse-vimy-turquoise","status":"publish","type":"product","link":"https:\/\/pawz.rs\/en\/trixie-kisni-mantil-za-pse-vimy-turquoise\/","title":{"rendered":"Trixie Ki\u0161ni Mantil za Pse Vimy Turquoise"},"content":{"rendered":"<p><strong>Trixie Ki\u0161ni Mantil za Pse Vimy Turquoise<\/strong><\/p>\n<ul>\n<li>Ki\u0161ni mantil namenjen psima. Izra\u0111en je od poliuretana koji ne upija vodu i ne propu\u0161ta vetar. Poseduje dva vodootporna rajfe\u0161lusa koja omogu\u0107avaju kombinovanje i ka\u010denje povodca za ogrlicu ili am u zavisnosti od toga \u0161ta pas u tom momentu nosi. Kop\u010danje je jednostavno pomo\u0107u plasti\u010dne, elasti\u010dne kop\u010de. Zahvaljuju\u0107i kliza\u010du, mantil je mogu\u0107e podesiti u predelu grudi. Poseduje reflektuju\u0107e niti sa bo\u010dnih strana i podesive trake za zadnje noge Pere se ma\u0161inskim putem na 30 stepeni. Dostupan u \u017eutoj boji.Dimenzije:\n<div class=\"table-wrapper\">\n<table style=\"height: 456px\" border=\"1\" width=\"1247\">\n<tbody>\n<tr>\n<td width=\"246\">Naziv proizvoda<\/td>\n<td width=\"84\">Veli\u010dina<\/td>\n<td width=\"108\">Obim grudi<\/td>\n<td width=\"96\">Du\u017eina<\/td>\n<\/tr>\n<tr>\n<td width=\"246\">Ki\u0161ni mantil za pse Vimy Turquoise, XS 25 cm<\/td>\n<td width=\"84\">XXS<\/td>\n<td width=\"108\">20-32 cm<\/td>\n<td width=\"96\">25 cm<\/td>\n<\/tr>\n<tr>\n<td width=\"246\">Ki\u0161ni mantil za pse Vimy Turquoise, XS 30 cm<\/td>\n<td width=\"84\">XS<\/td>\n<td width=\"108\">24-34 cm<\/td>\n<td width=\"96\">30 cm<\/td>\n<\/tr>\n<tr>\n<td width=\"246\">Ki\u0161ni mantil za pse Vimy Turquoise, S 35 cm<\/td>\n<td width=\"84\">S<\/td>\n<td width=\"108\">34-46 cm<\/td>\n<td width=\"96\">35 cm<\/td>\n<\/tr>\n<tr>\n<td width=\"246\">Ki\u0161ni mantil za pse Vimy Turquoise, S 40 cm<\/td>\n<td width=\"84\">S-M<\/td>\n<td width=\"108\">40-54 cm<\/td>\n<td width=\"96\">40 cm<\/td>\n<\/tr>\n<tr>\n<td width=\"246\">Ki\u0161ni mantil za pse Vimy Turquoise, M 45 cm<\/td>\n<td width=\"84\">M<\/td>\n<td width=\"108\">44-56 cm<\/td>\n<td width=\"96\">45 cm<\/td>\n<\/tr>\n<tr>\n<td width=\"246\">Ki\u0161ni mantil za pse Vimy Turquoise, M 50 cm<\/td>\n<td width=\"84\">M-L<\/td>\n<td width=\"108\">48-66\u00a0 cm<\/td>\n<td width=\"96\">50 cm<\/td>\n<\/tr>\n<tr>\n<td width=\"246\">Ki\u0161ni mantil za pse Vimy Turquoise, L 55 cm<\/td>\n<td width=\"84\">L<\/td>\n<td width=\"108\">60-78 cm<\/td>\n<td width=\"96\">55 cm<\/td>\n<\/tr>\n<tr>\n<td width=\"246\">Ki\u0161ni mantil za pse Vimy Turquoise, L 62 cm<\/td>\n<td width=\"84\">L-XL<\/td>\n<td width=\"108\">78-82 cm<\/td>\n<td width=\"96\">62 cm<\/td>\n<\/tr>\n<tr>\n<td width=\"246\">Ki\u0161ni mantil za pse Vimy Turquoise, XL 70 cm<\/td>\n<td width=\"84\">XL<\/td>\n<td width=\"108\">80-98 cm<\/td>\n<td width=\"96\">70 cm<\/td>\n<\/tr>\n<tr>\n<td width=\"246\">Ki\u0161ni mantil za pse Vimy Turquoise, XL 80 cm<\/td>\n<td width=\"84\">XXL<\/td>\n<td width=\"108\">82-108 cm<\/td>\n<td width=\"96\">80 cm<\/td>\n<\/tr>\n<\/tbody>\n<\/table>\n<\/div>\n<\/li>\n<\/ul>\n<p>Proizvo\u0111a\u010d: TRIXIE Pet Products, Inc<br \/>\nZemlja Porekla: Nema\u010dka<\/p>\n\n    <div class=\"xs_social_share_widget xs_share_url after_content \t\tmain_content  wslu-style-1 wslu-share-box-shaped wslu-fill-colored wslu-none wslu-share-horizontal wslu-theme-font-no wslu-main_content\">\n\n\t\t\n        <ul>\n\t\t\t        <\/ul>\n    <\/div>","protected":false},"excerpt":{"rendered":"<p>Trixie Ki\u0161ni Mantil za Pse Vimy Turquoise<\/p>","protected":false},"featured_media":47211,"comment_status":"open","ping_status":"closed","template":"","meta":{"_acf_changed":false,"_aa_vp_cena":"","_aa_online_cena":""},"pwb-brand":[465],"product_cat":[202,203,47],"product_tag":[1521],"class_list":{"0":"post-47200","1":"product","2":"type-product","3":"status-publish","4":"has-post-thumbnail","6":"pwb-brand-trixie","7":"product_cat-oprema-za-pse","8":"product_cat-oprema-za-setnju","9":"product_cat-psi","10":"product_tag-jesen-zima","12":"first","13":"instock","14":"taxable","15":"shipping-taxable","16":"purchasable","17":"product-type-variable","18":"has-default-attributes"},"acf":[],"brands":[{"id":465,"name":"Trixie","slug":"trixie"}],"_links":{"self":[{"href":"https:\/\/pawz.rs\/en\/wp-json\/wp\/v2\/product\/47200","targetHints":{"allow":["GET"]}}],"collection":[{"href":"https:\/\/pawz.rs\/en\/wp-json\/wp\/v2\/product"}],"about":[{"href":"https:\/\/pawz.rs\/en\/wp-json\/wp\/v2\/types\/product"}],"replies":[{"embeddable":true,"href":"https:\/\/pawz.rs\/en\/wp-json\/wp\/v2\/comments?post=47200"}],"wp:featuredmedia":[{"embeddable":true,"href":"https:\/\/pawz.rs\/en\/wp-json\/wp\/v2\/media\/47211"}],"wp:attachment":[{"href":"https:\/\/pawz.rs\/en\/wp-json\/wp\/v2\/media?parent=47200"}],"wp:term":[{"taxonomy":"pwb-brand","embeddable":true,"href":"https:\/\/pawz.rs\/en\/wp-json\/wp\/v2\/pwb-brand?post=47200"},{"taxonomy":"product_cat","embeddable":true,"href":"https:\/\/pawz.rs\/en\/wp-json\/wp\/v2\/product_cat?post=47200"},{"taxonomy":"product_tag","embeddable":true,"href":"https:\/\/pawz.rs\/en\/wp-json\/wp\/v2\/product_tag?post=47200"}],"curies":[{"name":"wp","href":"https:\/\/api.w.org\/{rel}","templated":true}]}}