{"id":47213,"date":"2025-09-22T17:36:12","date_gmt":"2025-09-22T15:36:12","guid":{"rendered":"https:\/\/pawz.rs\/?post_type=product&#038;p=47213"},"modified":"2025-11-19T17:35:29","modified_gmt":"2025-11-19T16:35:29","slug":"trixie-kisni-mantil-za-pse-be-nordic","status":"publish","type":"product","link":"https:\/\/pawz.rs\/en\/trixie-kisni-mantil-za-pse-be-nordic\/","title":{"rendered":"Trixie Ki\u0161ni Mantil za Pse Be Nordic"},"content":{"rendered":"<p><strong>Trixie Ki\u0161ni Mantil za Pse Be Nordic<\/strong><\/p>\n<ul>\n<li>Odelce u vidu mantila namenjeno psima. Izra\u0111eno je od poliesterskog materijala koji ne propu\u0161ta vodu i vetar i pru\u017ea optimalnu za\u0161titu od hladno\u0107e. Mantil poseduje dva vodootporna rajsfer\u0161lusa koji omogu\u0107avaju da se povodac nesmetano mo\u017ee zaka\u010diti za ogrlicu ili am. Du\u017e le\u0111a, sa obe strane se nalaze reflektuju\u0107e trake koje pospe\u0161uju vidljivost u usloviam slabijeg osvetljenja. Odr\u017eava se pranjem na 30 stepeni, dostupan je u plavoj boji i u vi\u0161e veli\u010dina.Dimenzije:\n<div class=\"table-wrapper\">\n<table style=\"height: 365px\" border=\"1\" width=\"1282\">\n<tbody>\n<tr>\n<td width=\"264\">Naziv proizvoda<\/td>\n<td width=\"70\">Veli\u010dina<\/td>\n<td width=\"92\">Obim vrata<\/td>\n<td width=\"96\">Obim grudi<\/td>\n<td width=\"96\">Du\u017eina le\u0111a<\/td>\n<\/tr>\n<tr>\n<td width=\"264\">Ki\u0161ni mantil za pse Be Nordic, XS 25 cm<\/td>\n<td width=\"70\">XXS<\/td>\n<td width=\"92\">34 cm<\/td>\n<td width=\"96\">20-32 cm<\/td>\n<td width=\"96\">25 cm<\/td>\n<\/tr>\n<tr>\n<td width=\"264\">Ki\u0161ni mantil za pse Be Nordic, XS 30 cm<\/td>\n<td width=\"70\">XS<\/td>\n<td width=\"92\">36 cm<\/td>\n<td width=\"96\">24-34 cm<\/td>\n<td width=\"96\">\u00a030 cm<\/td>\n<\/tr>\n<tr>\n<td width=\"264\">Ki\u0161ni mantil za pse Be Nordic, S 35 cm<\/td>\n<td width=\"70\">S<\/td>\n<td width=\"92\">38 cm<\/td>\n<td width=\"96\">34-46 cm<\/td>\n<td width=\"96\">35 cm<\/td>\n<\/tr>\n<tr>\n<td width=\"264\">Ki\u0161ni mantil za pse Be Nordic, S 40 cm<\/td>\n<td width=\"70\">S-M<\/td>\n<td width=\"92\">46 cm<\/td>\n<td width=\"96\">45-54 cm<\/td>\n<td width=\"96\">40 cm<\/td>\n<\/tr>\n<tr>\n<td width=\"264\">Ki\u0161ni mantil za pse Be Nordic, M 45 cm<\/td>\n<td width=\"70\">M<\/td>\n<td width=\"92\">50 cm<\/td>\n<td width=\"96\">44-56 cm<\/td>\n<td width=\"96\">45 cm<\/td>\n<\/tr>\n<tr>\n<td width=\"264\">Ki\u0161ni mantil za pse Be Nordic, M 50 cm<\/td>\n<td width=\"70\">M-L<\/td>\n<td width=\"92\">52 cm<\/td>\n<td width=\"96\">48-66 cm<\/td>\n<td width=\"96\">50 cm<\/td>\n<\/tr>\n<tr>\n<td width=\"264\">Ki\u0161ni mantil za pse Be Nordic, L 55 cm<\/td>\n<td width=\"70\">L<\/td>\n<td width=\"92\">54 cm<\/td>\n<td width=\"96\">60-78 cm<\/td>\n<td width=\"96\">55 cm<\/td>\n<\/tr>\n<tr>\n<td width=\"264\">Ki\u0161ni mantil za pse Be Nordic, L 62 cm<\/td>\n<td width=\"70\">L-XL<\/td>\n<td width=\"92\">56 cm<\/td>\n<td width=\"96\">78-82 cm<\/td>\n<td width=\"96\">62 cm<\/td>\n<\/tr>\n<tr>\n<td width=\"264\">Ki\u0161ni mantil za pse Be Nordic, XL 70 cm<\/td>\n<td width=\"70\">XL<\/td>\n<td width=\"92\">56 cm<\/td>\n<td width=\"96\">80-98 cm<\/td>\n<td width=\"96\">70 cm<\/td>\n<\/tr>\n<tr>\n<td width=\"264\">Ki\u0161ni mantil za pse Be Nordic, XL 80 cm<\/td>\n<td width=\"70\">XXL<\/td>\n<td width=\"92\">68 cm<\/td>\n<td width=\"96\">82-108 cm<\/td>\n<td width=\"96\">80 cm<\/td>\n<\/tr>\n<\/tbody>\n<\/table>\n<\/div>\n<\/li>\n<\/ul>\n<p>Proizvo\u0111a\u010d: TRIXIE Pet Products, Inc<br \/>\nZemlja Porekla: Nema\u010dka<\/p>\n\n    <div class=\"xs_social_share_widget xs_share_url after_content \t\tmain_content  wslu-style-1 wslu-share-box-shaped wslu-fill-colored wslu-none wslu-share-horizontal wslu-theme-font-no wslu-main_content\">\n\n\t\t\n        <ul>\n\t\t\t        <\/ul>\n    <\/div>","protected":false},"excerpt":{"rendered":"<p>Trixie Ki\u0161ni Mantil za Pse Be Nordic<\/p>","protected":false},"featured_media":47224,"comment_status":"open","ping_status":"closed","template":"","meta":{"_acf_changed":false},"pwb-brand":[465],"product_cat":[202,203,47],"product_tag":[1521],"class_list":{"0":"post-47213","1":"product","2":"type-product","3":"status-publish","4":"has-post-thumbnail","6":"pwb-brand-trixie","7":"product_cat-oprema-za-pse","8":"product_cat-oprema-za-setnju","9":"product_cat-psi","10":"product_tag-jesen-zima","12":"first","13":"instock","14":"taxable","15":"shipping-taxable","16":"purchasable","17":"product-type-variable","18":"has-default-attributes"},"acf":[],"brands":[{"id":465,"name":"Trixie","slug":"trixie"}],"_links":{"self":[{"href":"https:\/\/pawz.rs\/en\/wp-json\/wp\/v2\/product\/47213","targetHints":{"allow":["GET"]}}],"collection":[{"href":"https:\/\/pawz.rs\/en\/wp-json\/wp\/v2\/product"}],"about":[{"href":"https:\/\/pawz.rs\/en\/wp-json\/wp\/v2\/types\/product"}],"replies":[{"embeddable":true,"href":"https:\/\/pawz.rs\/en\/wp-json\/wp\/v2\/comments?post=47213"}],"wp:featuredmedia":[{"embeddable":true,"href":"https:\/\/pawz.rs\/en\/wp-json\/wp\/v2\/media\/47224"}],"wp:attachment":[{"href":"https:\/\/pawz.rs\/en\/wp-json\/wp\/v2\/media?parent=47213"}],"wp:term":[{"taxonomy":"pwb-brand","embeddable":true,"href":"https:\/\/pawz.rs\/en\/wp-json\/wp\/v2\/pwb-brand?post=47213"},{"taxonomy":"product_cat","embeddable":true,"href":"https:\/\/pawz.rs\/en\/wp-json\/wp\/v2\/product_cat?post=47213"},{"taxonomy":"product_tag","embeddable":true,"href":"https:\/\/pawz.rs\/en\/wp-json\/wp\/v2\/product_tag?post=47213"}],"curies":[{"name":"wp","href":"https:\/\/api.w.org\/{rel}","templated":true}]}}