{"id":47336,"date":"2025-09-23T18:11:06","date_gmt":"2025-09-23T16:11:06","guid":{"rendered":"https:\/\/pawz.rs\/?post_type=product&#038;p=47336"},"modified":"2025-11-19T17:35:27","modified_gmt":"2025-11-19T16:35:27","slug":"trixie-zimsko-odelo-za-pse-pirou-bordo","status":"publish","type":"product","link":"https:\/\/pawz.rs\/en\/trixie-zimsko-odelo-za-pse-pirou-bordo\/","title":{"rendered":"Trixie Zimsko Odelo za Pse Pirou Bordo"},"content":{"rendered":"<p><strong>Trixie Zimsko Odelo za Pse Pirou Bordo<\/strong><\/p>\n<ul>\n<li>Jakna za pse napravljena od poliestera. Vodoodbojno, poseduje laganu postavu od filsa. Pru\u017ea mogu\u0107nost ka\u010denja povodca za am kroz raife\u0161lus koji se nalazi na le\u0111ima. Poseduje podesiv elasti\u010dni rub. Pru\u017ea dobru toplotnu za\u0161titu. Pere se ma\u0161inskim putem na 30 stepeni.Dimenzije:\n<div class=\"table-wrapper\">\n<table style=\"height: 266px;\" border=\"1\" width=\"1208\">\n<tbody>\n<tr>\n<td width=\"246\">Naziv proizvoda<\/td>\n<td width=\"84\">Veli\u010dina<\/td>\n<td width=\"108\">Obim grudi<\/td>\n<td width=\"96\">Du\u017eina<\/td>\n<\/tr>\n<tr>\n<td width=\"246\">Trixie Zimsko Odelo za Pse Pirou<\/td>\n<td width=\"84\">XXS<\/td>\n<td width=\"108\">38-42cm<\/td>\n<td width=\"96\">24cm<\/td>\n<\/tr>\n<tr>\n<td width=\"246\">Trixie Zimsko Odelo za Pse Pirou<\/td>\n<td width=\"84\">XS<\/td>\n<td width=\"108\">42cm<\/td>\n<td width=\"96\">27cm<\/td>\n<\/tr>\n<tr>\n<td width=\"246\">Trixie Zimsko Odelo za Pse Pirou<\/td>\n<td width=\"84\">XS-S<\/td>\n<td width=\"108\">42-46cm<\/td>\n<td width=\"96\">30cm<\/td>\n<\/tr>\n<tr>\n<td width=\"246\">Trixie Zimsko Odelo za Pse Pirou<\/td>\n<td width=\"84\">S<\/td>\n<td width=\"108\">46-50cm<\/td>\n<td width=\"96\">33cm<\/td>\n<\/tr>\n<tr>\n<td width=\"246\">Trixie Zimsko Odelo za Pse Pirou<\/td>\n<td width=\"84\">S-M<\/td>\n<td width=\"108\">50-54cm<\/td>\n<td width=\"96\">36cm<\/td>\n<\/tr>\n<tr>\n<td width=\"246\">Trixie Zimsko Odelo za Pse Pirou<\/td>\n<td width=\"84\">M<\/td>\n<td width=\"108\">56-60cm<\/td>\n<td width=\"96\">40cm<\/td>\n<\/tr>\n<tr>\n<td width=\"246\"><\/td>\n<td width=\"84\"><\/td>\n<td width=\"108\"><\/td>\n<td width=\"96\"><\/td>\n<\/tr>\n<tr>\n<td width=\"246\"><\/td>\n<td width=\"84\"><\/td>\n<td width=\"108\"><\/td>\n<td width=\"96\"><\/td>\n<\/tr>\n<tr>\n<td width=\"246\"><\/td>\n<td width=\"84\"><\/td>\n<td width=\"108\"><\/td>\n<td width=\"96\"><\/td>\n<\/tr>\n<\/tbody>\n<\/table>\n<\/div>\n<\/li>\n<\/ul>\n<p>Proizvo\u0111a\u010d: TRIXIE Pet Products, Inc<br \/>\nZemlja Porekla: Nema\u010dka<\/p>\n\n    <div class=\"xs_social_share_widget xs_share_url after_content \t\tmain_content  wslu-style-1 wslu-share-box-shaped wslu-fill-colored wslu-none wslu-share-horizontal wslu-theme-font-no wslu-main_content\">\n\n\t\t\n        <ul>\n\t\t\t        <\/ul>\n    <\/div>","protected":false},"excerpt":{"rendered":"<p>Trixie Zimsko Odelo za Pse Pirou Bordo<\/p>","protected":false},"featured_media":47343,"comment_status":"open","ping_status":"closed","template":"","meta":{"_acf_changed":false},"pwb-brand":[465],"product_cat":[202,203,47],"product_tag":[1521],"class_list":{"0":"post-47336","1":"product","2":"type-product","3":"status-publish","4":"has-post-thumbnail","6":"pwb-brand-trixie","7":"product_cat-oprema-za-pse","8":"product_cat-oprema-za-setnju","9":"product_cat-psi","10":"product_tag-jesen-zima","12":"first","13":"instock","14":"taxable","15":"shipping-taxable","16":"purchasable","17":"product-type-variable","18":"has-default-attributes"},"acf":[],"brands":[{"id":465,"name":"Trixie","slug":"trixie"}],"_links":{"self":[{"href":"https:\/\/pawz.rs\/en\/wp-json\/wp\/v2\/product\/47336","targetHints":{"allow":["GET"]}}],"collection":[{"href":"https:\/\/pawz.rs\/en\/wp-json\/wp\/v2\/product"}],"about":[{"href":"https:\/\/pawz.rs\/en\/wp-json\/wp\/v2\/types\/product"}],"replies":[{"embeddable":true,"href":"https:\/\/pawz.rs\/en\/wp-json\/wp\/v2\/comments?post=47336"}],"wp:featuredmedia":[{"embeddable":true,"href":"https:\/\/pawz.rs\/en\/wp-json\/wp\/v2\/media\/47343"}],"wp:attachment":[{"href":"https:\/\/pawz.rs\/en\/wp-json\/wp\/v2\/media?parent=47336"}],"wp:term":[{"taxonomy":"pwb-brand","embeddable":true,"href":"https:\/\/pawz.rs\/en\/wp-json\/wp\/v2\/pwb-brand?post=47336"},{"taxonomy":"product_cat","embeddable":true,"href":"https:\/\/pawz.rs\/en\/wp-json\/wp\/v2\/product_cat?post=47336"},{"taxonomy":"product_tag","embeddable":true,"href":"https:\/\/pawz.rs\/en\/wp-json\/wp\/v2\/product_tag?post=47336"}],"curies":[{"name":"wp","href":"https:\/\/api.w.org\/{rel}","templated":true}]}}