{"id":47536,"date":"2025-10-01T00:00:10","date_gmt":"2025-09-30T22:00:10","guid":{"rendered":"https:\/\/pawz.rs\/?post_type=product&#038;p=47536"},"modified":"2026-05-04T19:51:02","modified_gmt":"2026-05-04T17:51:02","slug":"hills-prescription-diet-z-d-low-fat-hidrolizovana-soja","status":"publish","type":"product","link":"https:\/\/pawz.rs\/en\/hills-prescription-diet-z-d-low-fat-hidrolizovana-soja\/","title":{"rendered":"Hills Prescription Diet Z\/D Low Fat Hidrolizovana Soja"},"content":{"rendered":"<p><strong>Hills Prescription Diet Z\/D LF Hidrolizovana Soja<\/strong><\/p>\n<p>Hill\u2019s-ovi nutricionisti i veterinari su razvili Prescription Diet z\/d Lov Fat, koja je klini\u010dka ishrana specijalno formulisana za pse sa osetljivo\u0161c\u0301u na hranu i masti. Ova ishrana je specijalno formulisana sa hidrolizovanim sojinim proteinom i niskim nivoom masti kako bi se izbegle ne\u017eeljene reakcije na hranu, dok istovremeno promovi\u0161e zdravu ko\u017eu pasa sa osetljivo\u0161c\u0301u na hranu i masti. Oja\u010dana Hill\u2019s-ovom revolucionarnom tehnologijom ActivBiome+, za koju je klini\u010dki dokazano da brzo aktivira mikrobiom creva kako bi podr\u017eao zdravlje probave i op\u0161te blagostanje.<\/p>\n<p><strong>Kako poma\u017ee:<\/strong><\/p>\n<ul>\n<li>Ishrana koja poma\u017ee u upravljanju osetljivo\u0161c\u0301u na hranu i masti;<\/li>\n<li>Formulisan da pobolj\u0161a ko\u017eu i dlaku;<\/li>\n<li>Formulisano za lak\u0161e varenje i normalizaciju stolice;<\/li>\n<li>Poma\u017ee u odr\u017eavanju zdravog imunolo\u0161kog sistema;<\/li>\n<li>S+OKSSHIELD: Formulisan za promovisanje urinarnog okru\u017eenja koje smanjuje rizik od razvoja struvita i kristala kalcijum oksalata.<\/li>\n<\/ul>\n<p><strong>Dodatne informacije:<\/strong><\/p>\n<p>Hill&#8217;s Prescription Diet z\/d Lov Fat Suva hrana za pse je kompletna i uravnote\u017eena hrana koja obezbe\u0111uje ishranu koja je potrebna va\u0161em psu. Konsultujte svog veterinara za dodatne informacije o tome kako na\u0161a hrana mo\u017ee pomoc\u0301i va\u0161em psu da nastavi da u\u017eiva u srec\u0301nom i aktivnom \u017eivotu.<\/p>\n<p><strong>Kako to radi:<\/strong><\/p>\n<ul>\n<li>Visoko svarljivi, hidrolizovani sojini proteini i sa malo masti;<\/li>\n<li>Bogat omega-6 i 3 masnim kiselinama iz ribljeg ulja;<\/li>\n<li>Specijalna me\u0161avina prebiotika za podsticanje aktivnosti korisnih crevnih bakterija;<\/li>\n<li>Klini\u010dki dokazani antioksidansi;<\/li>\n<li>Formulisan bez intaktnih izvora \u017eivotinjskih proteina.<\/li>\n<\/ul>\n<p>Da li je va\u0161 ljubimac iz bilo kog razloga nezadovoljan ovom hranom?\u00a0<strong>100% GARANCIJA ZA ZADOVOLJSTVO<\/strong>\u00a0za kvalitet, doslednost i ukus ili povrat novca.<\/p>\n<p>Za\u0161tititi od vlage. \u010cuvati na hladnom i suvom mestu.<\/p>\n<p>Sve\u017ea voda treba uvek biti dostupna. Obavezno konsultujte veterinara pre prelaska na veterinarske dijete.<\/p>\n<p>Proizvo\u0111a\u010d: Hill\u2019s Pet Nutrition EU Switzerland<br \/>\nZemlja porekla: \u0160vajcarska<\/p>\n\n    <div class=\"xs_social_share_widget xs_share_url after_content \t\tmain_content  wslu-style-1 wslu-share-box-shaped wslu-fill-colored wslu-none wslu-share-horizontal wslu-theme-font-no wslu-main_content\">\n\n\t\t\n        <ul>\n\t\t\t        <\/ul>\n    <\/div>","protected":false},"excerpt":{"rendered":"<p>Hills Prescription Diet Z\/D LF Hidrolizovana Soja za pse osetljive na masti u hrani.<\/p>","protected":false},"featured_media":47537,"comment_status":"open","ping_status":"closed","template":"","meta":{"_acf_changed":false},"pwb-brand":[916],"product_cat":[48,47,705],"product_tag":[1543,1251],"class_list":{"0":"post-47536","1":"product","2":"type-product","3":"status-publish","4":"has-post-thumbnail","6":"pwb-brand-hills","7":"product_cat-hrana-za-pse","8":"product_cat-psi","9":"product_cat-veterinarske-dijete-za-pse","10":"product_tag-hillsvet","11":"product_tag-veterinarske-dijete","13":"first","14":"outofstock","15":"taxable","16":"shipping-taxable","17":"purchasable","18":"product-type-variable","19":"has-default-attributes"},"acf":[],"brands":[{"id":916,"name":"Hills","slug":"hills"}],"_links":{"self":[{"href":"https:\/\/pawz.rs\/en\/wp-json\/wp\/v2\/product\/47536","targetHints":{"allow":["GET"]}}],"collection":[{"href":"https:\/\/pawz.rs\/en\/wp-json\/wp\/v2\/product"}],"about":[{"href":"https:\/\/pawz.rs\/en\/wp-json\/wp\/v2\/types\/product"}],"replies":[{"embeddable":true,"href":"https:\/\/pawz.rs\/en\/wp-json\/wp\/v2\/comments?post=47536"}],"wp:featuredmedia":[{"embeddable":true,"href":"https:\/\/pawz.rs\/en\/wp-json\/wp\/v2\/media\/47537"}],"wp:attachment":[{"href":"https:\/\/pawz.rs\/en\/wp-json\/wp\/v2\/media?parent=47536"}],"wp:term":[{"taxonomy":"pwb-brand","embeddable":true,"href":"https:\/\/pawz.rs\/en\/wp-json\/wp\/v2\/pwb-brand?post=47536"},{"taxonomy":"product_cat","embeddable":true,"href":"https:\/\/pawz.rs\/en\/wp-json\/wp\/v2\/product_cat?post=47536"},{"taxonomy":"product_tag","embeddable":true,"href":"https:\/\/pawz.rs\/en\/wp-json\/wp\/v2\/product_tag?post=47536"}],"curies":[{"name":"wp","href":"https:\/\/api.w.org\/{rel}","templated":true}]}}