{"id":47591,"date":"2025-10-02T11:30:46","date_gmt":"2025-10-02T09:30:46","guid":{"rendered":"https:\/\/pawz.rs\/?post_type=product&#038;p=47591"},"modified":"2025-11-19T17:35:22","modified_gmt":"2025-11-19T16:35:22","slug":"trixie-dukserica-za-pse-be-nordic-petrol","status":"publish","type":"product","link":"https:\/\/pawz.rs\/en\/trixie-dukserica-za-pse-be-nordic-petrol\/","title":{"rendered":"Trixie Dukserica za Pse Be Nordic Petrol"},"content":{"rendered":"<p><strong>Trixie Dukserica za Pse Be Nordic Petrol<\/strong><\/p>\n<p>Dukserica za pse napravlena kombinovanje materijala od pamuka i poliestera. Poseduje toplu unutra\u0161nji stranu i kapulja\u010du. Poseduje dugme za ka\u010denje kapulja\u010de. Pru\u017ea solidnu toplotnu za\u0161titu. Pere se ma\u0161inskim putem na 30 stepeni.<\/p>\n<p>Dimenzije:<\/p>\n<table style=\"height: 205px\" border=\"1\" width=\"1243\">\n<tbody>\n<tr>\n<td width=\"246\">Naziv proizvoda<\/td>\n<td width=\"84\">Veli\u010dina<\/td>\n<td width=\"108\">Obim grudi<\/td>\n<td width=\"96\">Du\u017eina<\/td>\n<\/tr>\n<tr>\n<td width=\"246\">Dukserica za pse Be Nordic Petrol, XXS 34 cm<\/td>\n<td width=\"84\">XXS<\/td>\n<td width=\"108\">34 cm<\/td>\n<td width=\"96\">24 cm<\/td>\n<\/tr>\n<tr>\n<td width=\"246\">Dukserica za pse Be Nordic Petrol, XS 36 cm<\/td>\n<td width=\"84\">XS<\/td>\n<td width=\"108\">36 cm<\/td>\n<td width=\"96\">27 cm<\/td>\n<\/tr>\n<tr>\n<td width=\"246\">Dukserica za pse Be Nordic Petrol, XS 40 cm<\/td>\n<td width=\"84\">S<\/td>\n<td width=\"108\">40 cm<\/td>\n<td width=\"96\">30 cm<\/td>\n<\/tr>\n<tr>\n<td width=\"246\">Dukserica za pse Be Nordic Petrol, S 44 cm<\/td>\n<td width=\"84\">S-M<\/td>\n<td width=\"108\">44 cm<\/td>\n<td width=\"96\">33 cm<\/td>\n<\/tr>\n<tr>\n<td width=\"246\">Dukserica za pse Be Nordic Petrol, S 48 cm<br \/>\nDukserica za pse Be Nordic Petrol, M 48 cm<br \/>\nDukserica za pse Be Nordic Petrol, M 48 cm<\/td>\n<td width=\"84\">M<br \/>\nM-L<br \/>\nL<\/td>\n<td width=\"108\">48\u00a0 cm<br \/>\n52 cm<br \/>\n60 cm<\/td>\n<td width=\"96\">36 cm<br \/>\n40 cm<br \/>\n45 cm<\/td>\n<\/tr>\n<tr>\n<td width=\"246\">Dukserica za pse Be Nordic Petrol, M 70 cm<\/td>\n<td width=\"84\">L-XL<\/td>\n<td width=\"108\">70 cm<\/td>\n<td width=\"96\">50 cm<\/td>\n<\/tr>\n<tr>\n<td width=\"246\">Dukserica za pse Be Nordic Petrol, L 73 cm<\/td>\n<td width=\"84\">XL<\/td>\n<td width=\"108\">73 cm<\/td>\n<td width=\"96\">55 cm<\/td>\n<\/tr>\n<tr>\n<td width=\"246\">Dukserica za pse Be Nordic Petrol, L 76 cm<\/td>\n<td width=\"84\">XXL<\/td>\n<td width=\"108\">76<\/td>\n<td width=\"96\">62 cm<\/td>\n<\/tr>\n<\/tbody>\n<\/table>\n<p>&nbsp;<\/p>\n<p>Proizvo\u0111a\u010d: TRIXIE Pet Products, Inc<br \/>\nZemlja Porekla: Nema\u010dka<\/p>\n\n    <div class=\"xs_social_share_widget xs_share_url after_content \t\tmain_content  wslu-style-1 wslu-share-box-shaped wslu-fill-colored wslu-none wslu-share-horizontal wslu-theme-font-no wslu-main_content\">\n\n\t\t\n        <ul>\n\t\t\t        <\/ul>\n    <\/div>","protected":false},"excerpt":{"rendered":"<p>Trixie Dukserica za Pse Be Nordic Petrol<\/p>","protected":false},"featured_media":47600,"comment_status":"open","ping_status":"closed","template":"","meta":{"_acf_changed":false},"pwb-brand":[465],"product_cat":[202,203,47],"product_tag":[1521],"class_list":{"0":"post-47591","1":"product","2":"type-product","3":"status-publish","4":"has-post-thumbnail","6":"pwb-brand-trixie","7":"product_cat-oprema-za-pse","8":"product_cat-oprema-za-setnju","9":"product_cat-psi","10":"product_tag-jesen-zima","12":"first","13":"instock","14":"taxable","15":"shipping-taxable","16":"purchasable","17":"product-type-variable","18":"has-default-attributes"},"acf":[],"brands":[{"id":465,"name":"Trixie","slug":"trixie"}],"_links":{"self":[{"href":"https:\/\/pawz.rs\/en\/wp-json\/wp\/v2\/product\/47591","targetHints":{"allow":["GET"]}}],"collection":[{"href":"https:\/\/pawz.rs\/en\/wp-json\/wp\/v2\/product"}],"about":[{"href":"https:\/\/pawz.rs\/en\/wp-json\/wp\/v2\/types\/product"}],"replies":[{"embeddable":true,"href":"https:\/\/pawz.rs\/en\/wp-json\/wp\/v2\/comments?post=47591"}],"wp:featuredmedia":[{"embeddable":true,"href":"https:\/\/pawz.rs\/en\/wp-json\/wp\/v2\/media\/47600"}],"wp:attachment":[{"href":"https:\/\/pawz.rs\/en\/wp-json\/wp\/v2\/media?parent=47591"}],"wp:term":[{"taxonomy":"pwb-brand","embeddable":true,"href":"https:\/\/pawz.rs\/en\/wp-json\/wp\/v2\/pwb-brand?post=47591"},{"taxonomy":"product_cat","embeddable":true,"href":"https:\/\/pawz.rs\/en\/wp-json\/wp\/v2\/product_cat?post=47591"},{"taxonomy":"product_tag","embeddable":true,"href":"https:\/\/pawz.rs\/en\/wp-json\/wp\/v2\/product_tag?post=47591"}],"curies":[{"name":"wp","href":"https:\/\/api.w.org\/{rel}","templated":true}]}}