{"id":47628,"date":"2025-10-02T16:00:08","date_gmt":"2025-10-02T14:00:08","guid":{"rendered":"https:\/\/pawz.rs\/?post_type=product&#038;p=47628"},"modified":"2025-11-19T17:35:08","modified_gmt":"2025-11-19T16:35:08","slug":"trixie-duks-za-pse-amsterdam","status":"publish","type":"product","link":"https:\/\/pawz.rs\/en\/trixie-duks-za-pse-amsterdam\/","title":{"rendered":"Trixie Duks za Pse Amsterdam"},"content":{"rendered":"<p><strong>Trixie Duks za Pse Amsterdam<\/strong><\/p>\n<ul>\n<li>Kolekcija: CityStyle Amsterdam<\/li>\n<li>za umereno hladno vreme<\/li>\n<li>boja: zelena<\/li>\n<li>materijal: Poliester<\/li>\n<li>sa toplom postavom<\/li>\n<li>sa rajsfer\u0161lusom du\u017e celih le\u0111a, za lak\u0161e obla\u010denje<\/li>\n<li>mo\u017ee se kombinovati sa amom, zahvaljuju\u0107i O-rajsfer\u0161lusu<\/li>\n<li>pranje na 30 stepeni<br \/>\n<table style=\"height: 283px\" border=\"1\" width=\"1254\">\n<tbody>\n<tr>\n<td width=\"246\">Naziv proizvoda<\/td>\n<td width=\"84\">Veli\u010dina<\/td>\n<td width=\"108\">Obim grudi<\/td>\n<td width=\"96\">Du\u017eina<\/td>\n<\/tr>\n<tr>\n<td width=\"246\">Trixie Duks za Pse Amsterdam XXS<\/td>\n<td width=\"84\">XXS<\/td>\n<td width=\"108\">34cm<\/td>\n<td width=\"96\">24cm<\/td>\n<\/tr>\n<tr>\n<td width=\"246\">Trixie Duks za Pse Amsterdam XS<\/td>\n<td width=\"84\">XS<\/td>\n<td width=\"108\">36cm<\/td>\n<td width=\"96\">27cm<\/td>\n<\/tr>\n<tr>\n<td width=\"246\">Trixie Duks za Pse Amsterdam XS<\/td>\n<td width=\"84\">S<\/td>\n<td width=\"108\">40cm<\/td>\n<td width=\"96\">30cm<\/td>\n<\/tr>\n<tr>\n<td width=\"246\">Trixie Duks za Pse Amsterdam S<\/td>\n<td width=\"84\">S-M<\/td>\n<td width=\"108\">44cm<\/td>\n<td width=\"96\">33cm<\/td>\n<\/tr>\n<tr>\n<td width=\"246\">Trixie Duks za Pse Amsterdam S<\/td>\n<td width=\"84\">M<\/td>\n<td width=\"108\">48cm<\/td>\n<td width=\"96\">36cm<\/td>\n<\/tr>\n<tr>\n<td width=\"246\">Trixie Duks za Pse Amsterdam S<\/td>\n<td width=\"84\">M-L<\/td>\n<td width=\"108\">52cm<\/td>\n<td width=\"96\">40cm<\/td>\n<\/tr>\n<tr>\n<td width=\"246\">Trixie Duks za Pse Amsterdam M<\/td>\n<td width=\"84\">L<\/td>\n<td width=\"108\">60cm<\/td>\n<td width=\"96\">45cm<\/td>\n<\/tr>\n<tr>\n<td width=\"246\">Trixie Duks za Pse Amsterdam M<\/td>\n<td width=\"84\">L-XL<\/td>\n<td width=\"108\">70cm<\/td>\n<td width=\"96\">50cm<\/td>\n<\/tr>\n<tr>\n<td width=\"246\">Trixie Duks za Pse Amsterdam L<\/td>\n<td width=\"84\">XL<\/td>\n<td width=\"108\">73cm<\/td>\n<td width=\"96\">55cm<\/td>\n<\/tr>\n<tr>\n<td width=\"246\">Trixie Duks za Pse Amsterdam L<\/td>\n<td width=\"84\">XXL<\/td>\n<td width=\"108\">76cm<\/td>\n<td width=\"96\">62cm<\/td>\n<\/tr>\n<\/tbody>\n<\/table>\n<\/li>\n<\/ul>\n<p>Proizvo\u0111a\u010d: TRIXIE Pet Products, Inc<br \/>\nZemlja Porekla: Nema\u010dka<\/p>\n\n    <div class=\"xs_social_share_widget xs_share_url after_content \t\tmain_content  wslu-style-1 wslu-share-box-shaped wslu-fill-colored wslu-none wslu-share-horizontal wslu-theme-font-no wslu-main_content\">\n\n\t\t\n        <ul>\n\t\t\t        <\/ul>\n    <\/div>","protected":false},"excerpt":{"rendered":"<p>Trixie Duks za Pse Amsterdam<\/p>","protected":false},"featured_media":47639,"comment_status":"open","ping_status":"closed","template":"","meta":{"_acf_changed":false},"pwb-brand":[465],"product_cat":[202,203,47],"product_tag":[1521],"class_list":{"0":"post-47628","1":"product","2":"type-product","3":"status-publish","4":"has-post-thumbnail","6":"pwb-brand-trixie","7":"product_cat-oprema-za-pse","8":"product_cat-oprema-za-setnju","9":"product_cat-psi","10":"product_tag-jesen-zima","12":"first","13":"instock","14":"taxable","15":"shipping-taxable","16":"purchasable","17":"product-type-variable","18":"has-default-attributes"},"acf":[],"brands":[{"id":465,"name":"Trixie","slug":"trixie"}],"_links":{"self":[{"href":"https:\/\/pawz.rs\/en\/wp-json\/wp\/v2\/product\/47628","targetHints":{"allow":["GET"]}}],"collection":[{"href":"https:\/\/pawz.rs\/en\/wp-json\/wp\/v2\/product"}],"about":[{"href":"https:\/\/pawz.rs\/en\/wp-json\/wp\/v2\/types\/product"}],"replies":[{"embeddable":true,"href":"https:\/\/pawz.rs\/en\/wp-json\/wp\/v2\/comments?post=47628"}],"wp:featuredmedia":[{"embeddable":true,"href":"https:\/\/pawz.rs\/en\/wp-json\/wp\/v2\/media\/47639"}],"wp:attachment":[{"href":"https:\/\/pawz.rs\/en\/wp-json\/wp\/v2\/media?parent=47628"}],"wp:term":[{"taxonomy":"pwb-brand","embeddable":true,"href":"https:\/\/pawz.rs\/en\/wp-json\/wp\/v2\/pwb-brand?post=47628"},{"taxonomy":"product_cat","embeddable":true,"href":"https:\/\/pawz.rs\/en\/wp-json\/wp\/v2\/product_cat?post=47628"},{"taxonomy":"product_tag","embeddable":true,"href":"https:\/\/pawz.rs\/en\/wp-json\/wp\/v2\/product_tag?post=47628"}],"curies":[{"name":"wp","href":"https:\/\/api.w.org\/{rel}","templated":true}]}}