{"id":47660,"date":"2025-10-02T16:00:06","date_gmt":"2025-10-02T14:00:06","guid":{"rendered":"https:\/\/pawz.rs\/?post_type=product&#038;p=47660"},"modified":"2025-11-19T17:35:13","modified_gmt":"2025-11-19T16:35:13","slug":"trixie-dukserica-za-psa-rainbow-falls","status":"publish","type":"product","link":"https:\/\/pawz.rs\/en\/trixie-dukserica-za-psa-rainbow-falls\/","title":{"rendered":"Trixie Dukserica za Psa Rainbow Falls"},"content":{"rendered":"<p><strong>Trixie Dukserica za Psa Rainbow Falls<\/strong><\/p>\n<p>Dukserica za pse napravljena kombinovanjem pamuka i poliestera. Poseduje grejaju\u0107u unutra\u0161njost koja \u0161titi psa tokom hladnijeg perioda. Poseduje kapulja\u010du i kop\u010de za ka\u010denje u predelu grudi. Kapulja\u010du je mogu\u0107e pri\u010dvrstiti tako da ne smeta psu tokom aktivnosti. Odr\u017eava se pranjem u ve\u0161 ma\u0161ini na temperature od 30 stepeni.<\/p>\n<p>Dimenzije:<\/p>\n<div class=\"table-wrapper\">\n<table style=\"height: 38px\" border=\"1\" width=\"1163\">\n<tbody>\n<tr>\n<td width=\"324\">Naziv proizvoda<\/td>\n<td width=\"108\">Veli\u010dina<\/td>\n<td width=\"205\">Obim stomaka<\/td>\n<td width=\"132\">Du\u017eina le\u0111a<\/td>\n<\/tr>\n<tr>\n<td width=\"324\">Dukserica za psa Rainbow Falls, XXS<\/td>\n<td width=\"108\">XXS<\/td>\n<td width=\"205\">28 cm<\/td>\n<td width=\"132\">18 cm<\/td>\n<\/tr>\n<tr>\n<td width=\"324\">Dukserica za psa Rainbow Falls, XXS<\/td>\n<td width=\"108\">XS<\/td>\n<td width=\"205\">32 cm<\/td>\n<td width=\"132\">21 cm<\/td>\n<\/tr>\n<tr>\n<td width=\"324\">Dukserica za psa Rainbow Falls, XXS<\/td>\n<td width=\"108\">S<\/td>\n<td width=\"205\">34 cm<\/td>\n<td width=\"132\">24 cm<\/td>\n<\/tr>\n<\/tbody>\n<\/table>\n<\/div>\n<p>Proizvo\u0111a\u010d: TRIXIE Pet Products, Inc<br \/>\nZemlja Porekla: Nema\u010dka<\/p>\n\n    <div class=\"xs_social_share_widget xs_share_url after_content \t\tmain_content  wslu-style-1 wslu-share-box-shaped wslu-fill-colored wslu-none wslu-share-horizontal wslu-theme-font-no wslu-main_content\">\n\n\t\t\n        <ul>\n\t\t\t        <\/ul>\n    <\/div>","protected":false},"excerpt":{"rendered":"<p>Trixie Dukserica za Psa Rainbow Falls<\/p>","protected":false},"featured_media":47671,"comment_status":"open","ping_status":"closed","template":"","meta":{"_acf_changed":false},"pwb-brand":[465],"product_cat":[202,203,47],"product_tag":[1521],"class_list":{"0":"post-47660","1":"product","2":"type-product","3":"status-publish","4":"has-post-thumbnail","6":"pwb-brand-trixie","7":"product_cat-oprema-za-pse","8":"product_cat-oprema-za-setnju","9":"product_cat-psi","10":"product_tag-jesen-zima","12":"first","13":"instock","14":"taxable","15":"shipping-taxable","16":"purchasable","17":"product-type-variable","18":"has-default-attributes"},"acf":[],"brands":[{"id":465,"name":"Trixie","slug":"trixie"}],"_links":{"self":[{"href":"https:\/\/pawz.rs\/en\/wp-json\/wp\/v2\/product\/47660","targetHints":{"allow":["GET"]}}],"collection":[{"href":"https:\/\/pawz.rs\/en\/wp-json\/wp\/v2\/product"}],"about":[{"href":"https:\/\/pawz.rs\/en\/wp-json\/wp\/v2\/types\/product"}],"replies":[{"embeddable":true,"href":"https:\/\/pawz.rs\/en\/wp-json\/wp\/v2\/comments?post=47660"}],"wp:featuredmedia":[{"embeddable":true,"href":"https:\/\/pawz.rs\/en\/wp-json\/wp\/v2\/media\/47671"}],"wp:attachment":[{"href":"https:\/\/pawz.rs\/en\/wp-json\/wp\/v2\/media?parent=47660"}],"wp:term":[{"taxonomy":"pwb-brand","embeddable":true,"href":"https:\/\/pawz.rs\/en\/wp-json\/wp\/v2\/pwb-brand?post=47660"},{"taxonomy":"product_cat","embeddable":true,"href":"https:\/\/pawz.rs\/en\/wp-json\/wp\/v2\/product_cat?post=47660"},{"taxonomy":"product_tag","embeddable":true,"href":"https:\/\/pawz.rs\/en\/wp-json\/wp\/v2\/product_tag?post=47660"}],"curies":[{"name":"wp","href":"https:\/\/api.w.org\/{rel}","templated":true}]}}