{"id":47696,"date":"2025-10-02T16:00:00","date_gmt":"2025-10-02T14:00:00","guid":{"rendered":"https:\/\/pawz.rs\/?post_type=product&#038;p=47696"},"modified":"2025-11-19T17:35:15","modified_gmt":"2025-11-19T16:35:15","slug":"trixie-odelce-za-pse-hermy","status":"publish","type":"product","link":"https:\/\/pawz.rs\/en\/trixie-odelce-za-pse-hermy\/","title":{"rendered":"Trixie Odelce za Pse Hermy"},"content":{"rendered":"<p><strong>Trixie Odelce za Pse Hermy<\/strong><\/p>\n<ul>\n<li>kaput za pse<\/li>\n<li>za srednje hladno vreme, nije zimski kaput<\/li>\n<li>usko prijanja uz telo psa<\/li>\n<li>Napravljen za vitke, duga\u010dke rase pasa, kao \u0161to su Jazavi\u010dari<\/li>\n<li>Materijal: Poliester<\/li>\n<li>sa postavom koja se skida<\/li>\n<li>sa reflektivnim elementima<\/li>\n<li>sa elasti\u010dnom trakama na stomaku za bolje prijanjanje i bolju za\u0161titu od hladno\u0107e i prljav\u0161tine<\/li>\n<li>sa kukicom i om\u010dom u grudnom delu, za bolje prijanjanje<\/li>\n<li>sa elasti\u010dnom trakom kod zadnjih nogu<\/li>\n<li>boja: maslinasto zelena, Braon postava<\/li>\n<\/ul>\n<p>Dimenzije:<\/p>\n<div class=\"table-wrapper\">\n<table style=\"height: 38px\" border=\"1\" width=\"1163\">\n<tbody>\n<tr>\n<td width=\"324\">Naziv proizvoda<\/td>\n<td width=\"108\">Veli\u010dina<\/td>\n<td width=\"205\">Obim stomaka<\/td>\n<td width=\"132\">Du\u017eina le\u0111a<\/td>\n<\/tr>\n<tr>\n<td width=\"324\">Trixie Odelce za Pse Hermy XS<\/td>\n<td width=\"108\">XS<\/td>\n<td width=\"205\">34-40 cm<\/td>\n<td width=\"132\">28 cm<\/td>\n<\/tr>\n<tr>\n<td width=\"324\">Trixie Odelce za Pse Hermy S<\/td>\n<td width=\"108\">S<\/td>\n<td width=\"205\">50-60 cm<\/td>\n<td width=\"132\">43 cm<\/td>\n<\/tr>\n<tr>\n<td width=\"324\"><\/td>\n<td width=\"108\"><\/td>\n<td width=\"205\"><\/td>\n<td width=\"132\"><\/td>\n<\/tr>\n<\/tbody>\n<\/table>\n<\/div>\n<p>Proizvo\u0111a\u010d: TRIXIE Pet Products, Inc<br \/>\nZemlja Porekla: Nema\u010dka<\/p>\n\n    <div class=\"xs_social_share_widget xs_share_url after_content \t\tmain_content  wslu-style-1 wslu-share-box-shaped wslu-fill-colored wslu-none wslu-share-horizontal wslu-theme-font-no wslu-main_content\">\n\n\t\t\n        <ul>\n\t\t\t        <\/ul>\n    <\/div>","protected":false},"excerpt":{"rendered":"<p>Trixie Odelce za Pse Hermy<\/p>","protected":false},"featured_media":47700,"comment_status":"open","ping_status":"closed","template":"","meta":{"_acf_changed":false},"pwb-brand":[465],"product_cat":[202,203,47],"product_tag":[1521],"class_list":{"0":"post-47696","1":"product","2":"type-product","3":"status-publish","4":"has-post-thumbnail","6":"pwb-brand-trixie","7":"product_cat-oprema-za-pse","8":"product_cat-oprema-za-setnju","9":"product_cat-psi","10":"product_tag-jesen-zima","12":"first","13":"instock","14":"taxable","15":"shipping-taxable","16":"purchasable","17":"product-type-variable","18":"has-default-attributes"},"acf":[],"brands":[{"id":465,"name":"Trixie","slug":"trixie"}],"_links":{"self":[{"href":"https:\/\/pawz.rs\/en\/wp-json\/wp\/v2\/product\/47696","targetHints":{"allow":["GET"]}}],"collection":[{"href":"https:\/\/pawz.rs\/en\/wp-json\/wp\/v2\/product"}],"about":[{"href":"https:\/\/pawz.rs\/en\/wp-json\/wp\/v2\/types\/product"}],"replies":[{"embeddable":true,"href":"https:\/\/pawz.rs\/en\/wp-json\/wp\/v2\/comments?post=47696"}],"wp:featuredmedia":[{"embeddable":true,"href":"https:\/\/pawz.rs\/en\/wp-json\/wp\/v2\/media\/47700"}],"wp:attachment":[{"href":"https:\/\/pawz.rs\/en\/wp-json\/wp\/v2\/media?parent=47696"}],"wp:term":[{"taxonomy":"pwb-brand","embeddable":true,"href":"https:\/\/pawz.rs\/en\/wp-json\/wp\/v2\/pwb-brand?post=47696"},{"taxonomy":"product_cat","embeddable":true,"href":"https:\/\/pawz.rs\/en\/wp-json\/wp\/v2\/product_cat?post=47696"},{"taxonomy":"product_tag","embeddable":true,"href":"https:\/\/pawz.rs\/en\/wp-json\/wp\/v2\/product_tag?post=47696"}],"curies":[{"name":"wp","href":"https:\/\/api.w.org\/{rel}","templated":true}]}}