{"id":47715,"date":"2025-10-02T15:59:57","date_gmt":"2025-10-02T13:59:57","guid":{"rendered":"https:\/\/pawz.rs\/?post_type=product&#038;p=47715"},"modified":"2025-11-19T17:35:17","modified_gmt":"2025-11-19T16:35:17","slug":"trixie-sigurnosni-prsluk-za-pse-vodice","status":"publish","type":"product","link":"https:\/\/pawz.rs\/en\/trixie-sigurnosni-prsluk-za-pse-vodice\/","title":{"rendered":"Trixie Sigurnosni Prsluk za Pse Vodi\u010de"},"content":{"rendered":"<p><strong>Trixie Sigurnosni Prsluk za Pse Vodi\u010de<\/strong><\/p>\n<ul>\n<li>prsluk \u010dini psa vidljivijim tokom \u0161etnji tokom ve\u010deri i no\u0107u<\/li>\n<li>vodoodbojan, \u0161titi protiv lagane ki\u0161e i vlage<\/li>\n<li>sa podesivim kai\u0161em na stomaku, za bolje prijanjanje<\/li>\n<li>sa \u010di\u010dak trakom za lako obla\u010denje<\/li>\n<li>boja: fluorescentno \u017euta<\/li>\n<li>sa reflektivnim trakama<\/li>\n<li>materijal: Oksford Poliester<\/li>\n<li>mo\u017ee se kombinovati sa amom, zahvaljuju\u0107i otvoru sa rajsfer\u0161lusom na le\u0111ima<\/li>\n<\/ul>\n<p>Dimenzije:<\/p>\n<div class=\"table-wrapper\">\n<table style=\"height: 38px\" border=\"1\" width=\"1163\">\n<tbody>\n<tr>\n<td width=\"324\">Naziv proizvoda<\/td>\n<td width=\"108\">Veli\u010dina<\/td>\n<td width=\"205\">Obim stomaka<\/td>\n<td width=\"132\">Du\u017eina le\u0111a<\/td>\n<\/tr>\n<tr>\n<td width=\"324\">Trixie Sigurnosni Prsluk za Pse Vodi\u010de S\/M<\/td>\n<td width=\"108\">S-M<\/td>\n<td width=\"205\">38-54 cm<\/td>\n<td width=\"132\">25cm<\/td>\n<\/tr>\n<tr>\n<td width=\"324\">Trixie Sigurnosni Prsluk za Pse Vodi\u010de L-XL<\/td>\n<td width=\"108\">L-XL<\/td>\n<td width=\"205\">48-72 cm<\/td>\n<td width=\"132\">35cm<\/td>\n<\/tr>\n<tr>\n<td width=\"324\"><\/td>\n<td width=\"108\"><\/td>\n<td width=\"205\"><\/td>\n<td width=\"132\"><\/td>\n<\/tr>\n<\/tbody>\n<\/table>\n<\/div>\n<p>Proizvo\u0111a\u010d: TRIXIE Pet Products, Inc<br \/>\nZemlja Porekla: Nema\u010dka<\/p>\n\n    <div class=\"xs_social_share_widget xs_share_url after_content \t\tmain_content  wslu-style-1 wslu-share-box-shaped wslu-fill-colored wslu-none wslu-share-horizontal wslu-theme-font-no wslu-main_content\">\n\n\t\t\n        <ul>\n\t\t\t        <\/ul>\n    <\/div>","protected":false},"excerpt":{"rendered":"<p>Trixie Sigurnosni Prsluk za Pse Vodi\u010de<\/p>","protected":false},"featured_media":47719,"comment_status":"open","ping_status":"closed","template":"","meta":{"_acf_changed":false},"pwb-brand":[465],"product_cat":[202,203,47],"product_tag":[1521],"class_list":{"0":"post-47715","1":"product","2":"type-product","3":"status-publish","4":"has-post-thumbnail","6":"pwb-brand-trixie","7":"product_cat-oprema-za-pse","8":"product_cat-oprema-za-setnju","9":"product_cat-psi","10":"product_tag-jesen-zima","12":"first","13":"instock","14":"taxable","15":"shipping-taxable","16":"purchasable","17":"product-type-variable","18":"has-default-attributes"},"acf":[],"brands":[{"id":465,"name":"Trixie","slug":"trixie"}],"_links":{"self":[{"href":"https:\/\/pawz.rs\/en\/wp-json\/wp\/v2\/product\/47715","targetHints":{"allow":["GET"]}}],"collection":[{"href":"https:\/\/pawz.rs\/en\/wp-json\/wp\/v2\/product"}],"about":[{"href":"https:\/\/pawz.rs\/en\/wp-json\/wp\/v2\/types\/product"}],"replies":[{"embeddable":true,"href":"https:\/\/pawz.rs\/en\/wp-json\/wp\/v2\/comments?post=47715"}],"wp:featuredmedia":[{"embeddable":true,"href":"https:\/\/pawz.rs\/en\/wp-json\/wp\/v2\/media\/47719"}],"wp:attachment":[{"href":"https:\/\/pawz.rs\/en\/wp-json\/wp\/v2\/media?parent=47715"}],"wp:term":[{"taxonomy":"pwb-brand","embeddable":true,"href":"https:\/\/pawz.rs\/en\/wp-json\/wp\/v2\/pwb-brand?post=47715"},{"taxonomy":"product_cat","embeddable":true,"href":"https:\/\/pawz.rs\/en\/wp-json\/wp\/v2\/product_cat?post=47715"},{"taxonomy":"product_tag","embeddable":true,"href":"https:\/\/pawz.rs\/en\/wp-json\/wp\/v2\/product_tag?post=47715"}],"curies":[{"name":"wp","href":"https:\/\/api.w.org\/{rel}","templated":true}]}}