{"id":47721,"date":"2025-10-02T15:59:56","date_gmt":"2025-10-02T13:59:56","guid":{"rendered":"https:\/\/pawz.rs\/?post_type=product&#038;p=47721"},"modified":"2025-11-19T17:35:18","modified_gmt":"2025-11-19T16:35:18","slug":"trixie-reflektujuci-prsluk-za-pse","status":"publish","type":"product","link":"https:\/\/pawz.rs\/en\/trixie-reflektujuci-prsluk-za-pse\/","title":{"rendered":"Trixie Reflektuju\u0107i Prsluk za Pse"},"content":{"rendered":"<p><strong>Trixie Reflektuju\u0107i Prsluk za Pse<\/strong><\/p>\n<ul>\n<li>Reflektuju\u0107i prsluk za pse<\/li>\n<li>materijal: Neopren<\/li>\n<li>2 re\u017eima rada: treperenje, stalno svetlo<\/li>\n<li>vreme rada: 100h (re\u017eim treperenja), 50h (stalno svetlo)<\/li>\n<li>Vidljivost: preko 500 m<\/li>\n<li>Vodootporan<\/li>\n<li>sa \u010di\u010dak trakom za lak\u0161e postavljanje<\/li>\n<li>Mogu\u0107nost pode\u0161avanja \u0161irine oko grudi i vrata<\/li>\n<li>Pere se na 30 stepeni u ma\u0161ini za ve\u0161<\/li>\n<li>koristi baterije za rad (baterije su deo seta)<\/li>\n<\/ul>\n<p>Dimenzije:<\/p>\n<div class=\"table-wrapper\">\n<table style=\"height: 38px\" border=\"1\" width=\"1163\">\n<tbody>\n<tr>\n<td width=\"324\">Naziv proizvoda<\/td>\n<td width=\"108\">Veli\u010dina<\/td>\n<td width=\"205\">Obim stomaka<\/td>\n<td width=\"132\">Du\u017eina le\u0111a<\/td>\n<\/tr>\n<tr>\n<td width=\"324\">Trixie Reflektuju\u0107i Prsluk za Pse S<\/td>\n<td width=\"108\">S<\/td>\n<td width=\"205\">36-58 cm<\/td>\n<td width=\"132\">26-42 cm<\/td>\n<\/tr>\n<tr>\n<td width=\"324\">Trixie Reflektuju\u0107i Prsluk za Pse M<\/td>\n<td width=\"108\">M<\/td>\n<td width=\"205\">42-62 cm<\/td>\n<td width=\"132\">28-50 cm<\/td>\n<\/tr>\n<tr>\n<td width=\"324\">Trixie Reflektuju\u0107i Prsluk za Pse L<\/td>\n<td width=\"108\">L<\/td>\n<td width=\"205\">60-80 cm<\/td>\n<td width=\"132\">40-60 cm<\/td>\n<\/tr>\n<\/tbody>\n<\/table>\n<\/div>\n<p>Proizvo\u0111a\u010d: TRIXIE Pet Products, Inc<br \/>\nZemlja Porekla: Nema\u010dka<\/p>\n\n    <div class=\"xs_social_share_widget xs_share_url after_content \t\tmain_content  wslu-style-1 wslu-share-box-shaped wslu-fill-colored wslu-none wslu-share-horizontal wslu-theme-font-no wslu-main_content\">\n\n\t\t\n        <ul>\n\t\t\t        <\/ul>\n    <\/div>","protected":false},"excerpt":{"rendered":"<p>Trixie Reflektuju\u0107i Prsluk za Pse<\/p>","protected":false},"featured_media":47724,"comment_status":"open","ping_status":"closed","template":"","meta":{"_acf_changed":false},"pwb-brand":[465],"product_cat":[202,203,47],"product_tag":[1521],"class_list":{"0":"post-47721","1":"product","2":"type-product","3":"status-publish","4":"has-post-thumbnail","6":"pwb-brand-trixie","7":"product_cat-oprema-za-pse","8":"product_cat-oprema-za-setnju","9":"product_cat-psi","10":"product_tag-jesen-zima","12":"first","13":"instock","14":"taxable","15":"shipping-taxable","16":"purchasable","17":"product-type-variable","18":"has-default-attributes"},"acf":[],"brands":[{"id":465,"name":"Trixie","slug":"trixie"}],"_links":{"self":[{"href":"https:\/\/pawz.rs\/en\/wp-json\/wp\/v2\/product\/47721","targetHints":{"allow":["GET"]}}],"collection":[{"href":"https:\/\/pawz.rs\/en\/wp-json\/wp\/v2\/product"}],"about":[{"href":"https:\/\/pawz.rs\/en\/wp-json\/wp\/v2\/types\/product"}],"replies":[{"embeddable":true,"href":"https:\/\/pawz.rs\/en\/wp-json\/wp\/v2\/comments?post=47721"}],"wp:featuredmedia":[{"embeddable":true,"href":"https:\/\/pawz.rs\/en\/wp-json\/wp\/v2\/media\/47724"}],"wp:attachment":[{"href":"https:\/\/pawz.rs\/en\/wp-json\/wp\/v2\/media?parent=47721"}],"wp:term":[{"taxonomy":"pwb-brand","embeddable":true,"href":"https:\/\/pawz.rs\/en\/wp-json\/wp\/v2\/pwb-brand?post=47721"},{"taxonomy":"product_cat","embeddable":true,"href":"https:\/\/pawz.rs\/en\/wp-json\/wp\/v2\/product_cat?post=47721"},{"taxonomy":"product_tag","embeddable":true,"href":"https:\/\/pawz.rs\/en\/wp-json\/wp\/v2\/product_tag?post=47721"}],"curies":[{"name":"wp","href":"https:\/\/api.w.org\/{rel}","templated":true}]}}