{"id":47820,"date":"2025-10-03T11:03:30","date_gmt":"2025-10-03T09:03:30","guid":{"rendered":"https:\/\/pawz.rs\/?post_type=product&#038;p=47820"},"modified":"2026-05-04T19:44:44","modified_gmt":"2026-05-04T17:44:44","slug":"boxby-poslastica-weight-support-100g","status":"publish","type":"product","link":"https:\/\/pawz.rs\/en\/boxby-poslastica-weight-support-100g\/","title":{"rendered":"Boxby Poslastica Weight Support 100g"},"content":{"rendered":"<p><strong>Boxby Poslastica Weight Support 100g<\/strong><\/p>\n<p><strong>Minimalna kupovina 3 komada<\/strong><\/p>\n<p>Dopunska hrana za pse starije od 4 meseca. Funkcionalna poslastica koja poma\u017ee u smanjenju debljanja i promovi\u0161e zdravo odr\u017eavanje te\u017eine. Sadr\u017ei nizak sadr\u017eaj masti, visok sadr\u017eaj vlakana i stoga je lako svarljiv. Ova poslastica je idealna za gojazne i dijabeti\u010dare, a pogodna je i za starije pse.<\/p>\n<ul>\n<li><strong>Nizak nivo nezasic\u0301enih masti: 3,5% <\/strong>&#8211; Losos je zdrav izvor nezasic\u0301enih masnih kiselina<\/li>\n<li><strong>Sa lososom <\/strong>kao lako svarljivim izvorom \u017eivotinjskih proteina &#8211; Losos se tako\u0111e koristi kao lako svarljiv izvor proteina. Ovi proteini daju telu va\u0161eg psa dodatni okida\u010d za dodatni unos vode. Ovo poma\u017ee u gubitku te\u017eine ili odr\u017eavanju zdrave te\u017eine.<\/li>\n<li><strong>Visok sadr\u017eaj vlakana: 14% iz slatkog krompira i paradajza <\/strong>&#8211; Razlikuje se od ostalih ugljenih hidrata jer se vlakna fermenti\u0161u u debelom crevu i ne vare u tankom crevu kao skrob. Zbog toga je potrebno vi\u0161e vremena za varenje slo\u017eenih ugljenih hidrata.<\/li>\n<li>Kori\u0161c\u0301enje <strong>vlakana <\/strong>mo\u017ee pomoc\u0301i u kontroli te\u017eine va\u0161eg psa ili pomoc\u0301i u gubitku te\u017eine. To je zato \u0161to vlakna poma\u017eu psima da se osec\u0301aju sitim dok tro\u0161e manje kalorija.<\/li>\n<li><strong>Hladno presovano ispod 60\u00b0C<\/strong> &#8211; Proizvodnja do maksimalno 60\u00b0C \u010duva hranljive vrednosti, posebno proteine i arome sastojaka koji se koriste u ovom proizvodu<\/li>\n<li><strong>Bez \u017eitarica, bez glutena<\/strong> &#8211; Neki psi mogu patiti od problema sa varenjem ili bolova u stomaku zbog jedenja \u017eitarica ili glutena. Zato u ovom proizvodu koristimo druge izvore ugljenih hidrata iz povrc\u0301a.<\/li>\n<\/ul>\n<p>\u010cuvati na hladnom i suvom mestu.<\/p>\n<p>Sve\u017ea voda treba uvek biti dostupna.<\/p>\n<p>Proizvo\u0111a\u010d: Scholtus Special Products B.V.<br \/>\nZemlja porekla: Holandija<\/p>\n\n    <div class=\"xs_social_share_widget xs_share_url after_content \t\tmain_content  wslu-style-1 wslu-share-box-shaped wslu-fill-colored wslu-none wslu-share-horizontal wslu-theme-font-no wslu-main_content\">\n\n\t\t\n        <ul>\n\t\t\t        <\/ul>\n    <\/div>","protected":false},"excerpt":{"rendered":"<p>Boxby Poslastica Weight Support poslastica za gojazne pse<\/p>","protected":false},"featured_media":47821,"comment_status":"open","ping_status":"closed","template":"","meta":{"_acf_changed":false},"pwb-brand":[1530],"product_cat":[47,103],"product_tag":[],"class_list":{"0":"post-47820","1":"product","2":"type-product","3":"status-publish","4":"has-post-thumbnail","6":"pwb-brand-boxby","7":"product_cat-psi","8":"product_cat-poslastice-za-pse","10":"first","11":"outofstock","12":"taxable","13":"shipping-taxable","14":"purchasable","15":"product-type-simple"},"acf":[],"brands":[{"id":1530,"name":"Boxby","slug":"boxby"}],"_links":{"self":[{"href":"https:\/\/pawz.rs\/en\/wp-json\/wp\/v2\/product\/47820","targetHints":{"allow":["GET"]}}],"collection":[{"href":"https:\/\/pawz.rs\/en\/wp-json\/wp\/v2\/product"}],"about":[{"href":"https:\/\/pawz.rs\/en\/wp-json\/wp\/v2\/types\/product"}],"replies":[{"embeddable":true,"href":"https:\/\/pawz.rs\/en\/wp-json\/wp\/v2\/comments?post=47820"}],"wp:featuredmedia":[{"embeddable":true,"href":"https:\/\/pawz.rs\/en\/wp-json\/wp\/v2\/media\/47821"}],"wp:attachment":[{"href":"https:\/\/pawz.rs\/en\/wp-json\/wp\/v2\/media?parent=47820"}],"wp:term":[{"taxonomy":"pwb-brand","embeddable":true,"href":"https:\/\/pawz.rs\/en\/wp-json\/wp\/v2\/pwb-brand?post=47820"},{"taxonomy":"product_cat","embeddable":true,"href":"https:\/\/pawz.rs\/en\/wp-json\/wp\/v2\/product_cat?post=47820"},{"taxonomy":"product_tag","embeddable":true,"href":"https:\/\/pawz.rs\/en\/wp-json\/wp\/v2\/product_tag?post=47820"}],"curies":[{"name":"wp","href":"https:\/\/api.w.org\/{rel}","templated":true}]}}