{"id":47822,"date":"2025-10-03T11:03:30","date_gmt":"2025-10-03T09:03:30","guid":{"rendered":"https:\/\/pawz.rs\/?post_type=product&#038;p=47822"},"modified":"2026-05-04T19:44:45","modified_gmt":"2026-05-04T17:44:45","slug":"boxby-poslastica-sensitive-protein-100g","status":"publish","type":"product","link":"https:\/\/pawz.rs\/en\/boxby-poslastica-sensitive-protein-100g\/","title":{"rendered":"Boxby Poslastica Sensitive Protein 100g"},"content":{"rendered":"<p><strong>Boxby Poslastica Sensitive Protein 100g<\/strong><\/p>\n<p><strong>Minimalna kupovina 3 komada<\/strong><\/p>\n<p>Dopunska hrana za pse starije od 4 meseca. Funkcionalna poslastica koja sadr\u017ei hidrolizovane proteine iz ribe. U hrani u kojoj su proteini hidrolizovani, ne izazivaju alergijsku reakciju na ove proteine. Proteini se razla\u017eu na manje delove da bi se izbegla reakcija imunog sistema.<\/p>\n<ul>\n<li><strong>50% hidrolizovani losos<\/strong> &#8211; Hidroliza koristi vodu u kojoj se koriste razli\u010diti enzimi za hemijsko razbijanje proteinskih molekula na male komadic\u0301e: aminokiseline i peptide. Komadi su toliko mali da telo vi\u0161e ne mo\u017ee da prepozna proteine iz ishrane. Rezultat je da su ovi proteini lako svarljivi i stoga imaju bolje nutritivne profile od obi\u010dnih proteina.<\/li>\n<li><strong>Losos kao lako svarljiv izvor \u017eivotinjskih proteina <\/strong>\u2013 Losos je poznat po zdravim nezasic\u0301enim mastima i malo kalorija, pa se naziva posnim proteinom. Konzumiranje vitkih proteina daje va\u0161em psu vitamine i minerale potrebne za efikasan metabolizam.<\/li>\n<li><strong>Omega 3 i 6 masne kiseline<\/strong> &#8211; Omega 3 i omega 6 masne kiseline se dodaju da obezbede esencijalne aminokiseline potrebne za ko\u017eu i dlaku.<\/li>\n<li><strong>Krompir <\/strong>\u2013 Krompir je bogat hranljivim materijama za ja\u010danje i pobolj\u0161anje imunolo\u0161kog sistema i odr\u017eavanje zdrave ko\u017ee i kose.<\/li>\n<li><strong>Hladno presovano ispod 60\u00b0C <\/strong>&#8211; Proizvodnja do maksimalno 60\u00b0C \u010duva hranljive vrednosti, posebno proteine i arome sastojaka koji se koriste u ovom proizvodu<\/li>\n<li><strong>Bez p\u0161enice, bez soje<\/strong> &#8211; Neki psi mogu patiti od problema sa varenjem, bolova u stomaku, iritirane ko\u017ee ili krzna zbog jedenja proteina p\u0161enice ili soje. Zbog toga koristimo pirin\u010dano bra\u0161no kao \u017eitarice.<\/li>\n<\/ul>\n<p>\u010cuvajte na hladnom i suvom mestu.<\/p>\n<p>Sve\u017ea voda treba uvek biti dostupna.<\/p>\n<p>Proizvo\u0111a\u010d: Scholtus Special Products B.V.<br \/>\nZemlja porekla: Holandija<\/p>\n\n    <div class=\"xs_social_share_widget xs_share_url after_content \t\tmain_content  wslu-style-1 wslu-share-box-shaped wslu-fill-colored wslu-none wslu-share-horizontal wslu-theme-font-no wslu-main_content\">\n\n\t\t\n        <ul>\n\t\t\t        <\/ul>\n    <\/div>","protected":false},"excerpt":{"rendered":"<p>Boxby Poslastica Sensitive Protein poslastica za pse sa problemima varenja<\/p>","protected":false},"featured_media":47823,"comment_status":"open","ping_status":"closed","template":"","meta":{"_acf_changed":false},"pwb-brand":[1530],"product_cat":[47,103],"product_tag":[],"class_list":{"0":"post-47822","1":"product","2":"type-product","3":"status-publish","4":"has-post-thumbnail","6":"pwb-brand-boxby","7":"product_cat-psi","8":"product_cat-poslastice-za-pse","10":"first","11":"outofstock","12":"taxable","13":"shipping-taxable","14":"purchasable","15":"product-type-simple"},"acf":[],"brands":[{"id":1530,"name":"Boxby","slug":"boxby"}],"_links":{"self":[{"href":"https:\/\/pawz.rs\/en\/wp-json\/wp\/v2\/product\/47822","targetHints":{"allow":["GET"]}}],"collection":[{"href":"https:\/\/pawz.rs\/en\/wp-json\/wp\/v2\/product"}],"about":[{"href":"https:\/\/pawz.rs\/en\/wp-json\/wp\/v2\/types\/product"}],"replies":[{"embeddable":true,"href":"https:\/\/pawz.rs\/en\/wp-json\/wp\/v2\/comments?post=47822"}],"wp:featuredmedia":[{"embeddable":true,"href":"https:\/\/pawz.rs\/en\/wp-json\/wp\/v2\/media\/47823"}],"wp:attachment":[{"href":"https:\/\/pawz.rs\/en\/wp-json\/wp\/v2\/media?parent=47822"}],"wp:term":[{"taxonomy":"pwb-brand","embeddable":true,"href":"https:\/\/pawz.rs\/en\/wp-json\/wp\/v2\/pwb-brand?post=47822"},{"taxonomy":"product_cat","embeddable":true,"href":"https:\/\/pawz.rs\/en\/wp-json\/wp\/v2\/product_cat?post=47822"},{"taxonomy":"product_tag","embeddable":true,"href":"https:\/\/pawz.rs\/en\/wp-json\/wp\/v2\/product_tag?post=47822"}],"curies":[{"name":"wp","href":"https:\/\/api.w.org\/{rel}","templated":true}]}}