{"id":47824,"date":"2025-10-03T11:03:30","date_gmt":"2025-10-03T09:03:30","guid":{"rendered":"https:\/\/pawz.rs\/?post_type=product&#038;p=47824"},"modified":"2026-05-04T19:44:46","modified_gmt":"2026-05-04T17:44:46","slug":"boxby-poslastica-urinary-care-100g","status":"publish","type":"product","link":"https:\/\/pawz.rs\/en\/boxby-poslastica-urinary-care-100g\/","title":{"rendered":"Boxby Poslastica Urinary Care 100g"},"content":{"rendered":"<p><strong>Boxby Poslastica Urinary Care 100g<\/strong><\/p>\n<p><strong>Minimalna kupovina 2 komada<\/strong><\/p>\n<p>Dopunska hrana za pse starije od 4 meseca. Funkcionalna poslastica koja poma\u017ee u prevenciji i le\u010denju struvitnog peska i kamenca. Dodatak aminokiseline DL-metionin i amonijum hlorida poma\u017ee da se snizi pH vrednost, stvarajuc\u0301i manje po\u017eeljno okru\u017eenje za formiranje strukova.<\/p>\n<ul>\n<li><strong>Patka kao jedini izvor \u017eivotinjskih proteina <\/strong>&#8211; To je dobro prihvac\u0301en izvor proteina da bi se izbegle reakcije preosetljivosti kod pasa. Bogat je gvo\u017e\u0111em i obezbe\u0111uje psima mr\u0161av izvor proteina koji se lako vari.<\/li>\n<li><strong>Hladno presovano ispod 60\u00b0C <\/strong>&#8211; Proizvodnja do maksimalno 60\u00b0C \u010duva hranljive vrednosti, posebno proteine i arome sastojaka koji se koriste u ovom proizvodu<\/li>\n<li><strong>Bez \u017eitarica, bez glutena <\/strong>&#8211; Neki psi mogu patiti od problema sa varenjem ili bolova u stomaku zbog jedenja \u017eitarica ili glutena. Zato u ovom proizvodu koristimo druge izvore ugljenih hidrata iz povrc\u0301a.<\/li>\n<li><strong>Amino kiselina i DL metionin<\/strong> &#8211; DL-metionin je prirodna aminokiselina koja se koristi kao dodatak ishrani. Smanjuje pH vrednost urina kako bi spre\u010dio stvaranje struvitnog kamenja i stoga se koristi za le\u010denje i prevenciju infekcija be\u0161ike i kamena u be\u0161ici kod pasa.<\/li>\n<li><strong>Brusnica: razbija lo\u0161e bakterije<\/strong> &#8211; Brusnice su bogate antioksidansima i hranljivim materijama. Oni podr\u017eavaju imuni sistem va\u0161eg psa i smanjuju upalu.<\/li>\n<li><strong>Vitamin A, vitamin D3 i vitamin E <\/strong>&#8211; Vitamin A poma\u017ee telu va\u0161eg psa da se bori protiv virusa i bakterija. Vitamin D3 poma\u017ee u apsorpciji kalcijuma i fosfora. Vitamin E podr\u017eava rad c\u0301elija i metabolizam masti i va\u017ean je za rast mi\u0161ic\u0301a.<\/li>\n<\/ul>\n<p>\u010cuvati na hladnom i suvom mestu.<\/p>\n<p>Sve\u017ea voda treba uvek biti dostupna.<\/p>\n<p>Proizvo\u0111a\u010d: Scholtus Special Products B.V.<br \/>\nZemlja porekla: Holandija<\/p>\n\n    <div class=\"xs_social_share_widget xs_share_url after_content \t\tmain_content  wslu-style-1 wslu-share-box-shaped wslu-fill-colored wslu-none wslu-share-horizontal wslu-theme-font-no wslu-main_content\">\n\n\t\t\n        <ul>\n\t\t\t        <\/ul>\n    <\/div>","protected":false},"excerpt":{"rendered":"<p>Boxby Poslastica za pse koji poma\u017eu podsticaju urinarnog trakta<strong><br \/>\n<\/strong><\/p>","protected":false},"featured_media":47825,"comment_status":"open","ping_status":"closed","template":"","meta":{"_acf_changed":false},"pwb-brand":[1530],"product_cat":[47,103],"product_tag":[],"class_list":{"0":"post-47824","1":"product","2":"type-product","3":"status-publish","4":"has-post-thumbnail","6":"pwb-brand-boxby","7":"product_cat-psi","8":"product_cat-poslastice-za-pse","10":"first","11":"outofstock","12":"taxable","13":"shipping-taxable","14":"purchasable","15":"product-type-simple"},"acf":[],"brands":[{"id":1530,"name":"Boxby","slug":"boxby"}],"_links":{"self":[{"href":"https:\/\/pawz.rs\/en\/wp-json\/wp\/v2\/product\/47824","targetHints":{"allow":["GET"]}}],"collection":[{"href":"https:\/\/pawz.rs\/en\/wp-json\/wp\/v2\/product"}],"about":[{"href":"https:\/\/pawz.rs\/en\/wp-json\/wp\/v2\/types\/product"}],"replies":[{"embeddable":true,"href":"https:\/\/pawz.rs\/en\/wp-json\/wp\/v2\/comments?post=47824"}],"wp:featuredmedia":[{"embeddable":true,"href":"https:\/\/pawz.rs\/en\/wp-json\/wp\/v2\/media\/47825"}],"wp:attachment":[{"href":"https:\/\/pawz.rs\/en\/wp-json\/wp\/v2\/media?parent=47824"}],"wp:term":[{"taxonomy":"pwb-brand","embeddable":true,"href":"https:\/\/pawz.rs\/en\/wp-json\/wp\/v2\/pwb-brand?post=47824"},{"taxonomy":"product_cat","embeddable":true,"href":"https:\/\/pawz.rs\/en\/wp-json\/wp\/v2\/product_cat?post=47824"},{"taxonomy":"product_tag","embeddable":true,"href":"https:\/\/pawz.rs\/en\/wp-json\/wp\/v2\/product_tag?post=47824"}],"curies":[{"name":"wp","href":"https:\/\/api.w.org\/{rel}","templated":true}]}}