{"id":47826,"date":"2025-10-03T11:03:30","date_gmt":"2025-10-03T09:03:30","guid":{"rendered":"https:\/\/pawz.rs\/?post_type=product&#038;p=47826"},"modified":"2026-05-04T19:44:47","modified_gmt":"2026-05-04T17:44:47","slug":"boxby-poslastica-intestinal-care-100g","status":"publish","type":"product","link":"https:\/\/pawz.rs\/en\/boxby-poslastica-intestinal-care-100g\/","title":{"rendered":"Boxby Poslastica Intestinal Care 100g"},"content":{"rendered":"<p><strong>Boxby Poslastica Intestinal Care 100g<\/strong><br \/>\n<strong><br \/>\nMinimalna kupovina 2 komada<\/strong><\/p>\n<p>Dopunska hrana za pse starije od 4 meseca. Funkcionalna poslastica koja stimuli\u0161e varenje pasa u slu\u010daju lo\u0161eg varenja. Uz dodatak prebiotika (FOS, frukto-oligo-saharidi) koji podr\u017eavaju crevnu floru. Ova poslastica sadr\u017ei jagnjetinu kao jedini izvor \u017eivotinjskih proteina. Jagnjetina je dobro prihvac\u0301en izvor proteina koji spre\u010dava reakcije preosetljivosti &#8211; \u0161to ga \u010dini pogodnim za pse koji pate od netolerancije na sastojke i hranljive materije.<\/p>\n<ul>\n<li><strong>Prebiotik FOS podr\u017eava crevnu floru <\/strong>&#8211; Prebiotici su delimi\u010dno ugljeni hidrati (FOS). FOS je skrac\u0301enica od frukto-oligosaharida i predstavlja kompleks ugljenih hidrata zasnovan na molekulima fruktoze. Inulin je primer FOS-a. Nalazi se u velikom broju voc\u0301a, korena i \u017eitarica kao \u0161to su p\u0161enica, koren cikorije i je\u010dam i deluje na sledec\u0301i na\u010din: Neguje zdravu floru i spre\u010dava rast lo\u0161ih mikroorganizama Odr\u017eava normalnu ravnote\u017eu crevnih elektrolita Kontroli\u0161e ili smanjuje upalu Smanjuje rizik od crevnih problema<\/li>\n<li><strong>Krompir <\/strong>\u2013 Krompir je bogat hranljivim materijama za ja\u010danje i pobolj\u0161anje imunolo\u0161kog sistema i odr\u017eavanje zdrave ko\u017ee i kose.<\/li>\n<li><strong>Kokosovo ulje <\/strong>&#8211; Kokosovo ulje je kratkolan\u010dana masna kiselina i dobar je izvor energije za va\u0161eg psa i lako je svarljivo.<\/li>\n<li><strong>Pirina\u010d <\/strong>&#8211; Pirina\u010d je odabrana \u017eitarica jer je vrlo lako svarljiva. Pirina\u010d daje energiju. Neki psi mogu patiti od probavne smetnje, bolova u stomaku ili iritirane ko\u017ee ili krzna zbog jedenja p\u0161enice. Iz tog razloga koristimo pirina\u010d.<\/li>\n<li><strong>Hladno presovano ispod 60\u00b0C <\/strong>&#8211; Proizvodnja do maksimalno 60\u00b0C \u010duva hranljive vrednosti, posebno proteine i arome sastojaka koji se koriste u ovom proizvodu<\/li>\n<\/ul>\n<p>\u010cuvati na hladnom i suvom mestu.<\/p>\n<p>Sve\u017ea voda treba uvek biti dostupna.<\/p>\n<p>Proizvo\u0111a\u010d: Scholtus Special Products B.V.<br \/>\nZemlja porekla: Holandija<\/p>\n\n    <div class=\"xs_social_share_widget xs_share_url after_content \t\tmain_content  wslu-style-1 wslu-share-box-shaped wslu-fill-colored wslu-none wslu-share-horizontal wslu-theme-font-no wslu-main_content\">\n\n\t\t\n        <ul>\n\t\t\t        <\/ul>\n    <\/div>","protected":false},"excerpt":{"rendered":"<p>Boxby Poslastica Intestinal Care poslastica za o\u010duvanje digestivnog trakta<\/p>","protected":false},"featured_media":47827,"comment_status":"open","ping_status":"closed","template":"","meta":{"_acf_changed":false},"pwb-brand":[1530],"product_cat":[47,103],"product_tag":[],"class_list":{"0":"post-47826","1":"product","2":"type-product","3":"status-publish","4":"has-post-thumbnail","6":"pwb-brand-boxby","7":"product_cat-psi","8":"product_cat-poslastice-za-pse","10":"first","11":"outofstock","12":"taxable","13":"shipping-taxable","14":"purchasable","15":"product-type-simple"},"acf":[],"brands":[{"id":1530,"name":"Boxby","slug":"boxby"}],"_links":{"self":[{"href":"https:\/\/pawz.rs\/en\/wp-json\/wp\/v2\/product\/47826","targetHints":{"allow":["GET"]}}],"collection":[{"href":"https:\/\/pawz.rs\/en\/wp-json\/wp\/v2\/product"}],"about":[{"href":"https:\/\/pawz.rs\/en\/wp-json\/wp\/v2\/types\/product"}],"replies":[{"embeddable":true,"href":"https:\/\/pawz.rs\/en\/wp-json\/wp\/v2\/comments?post=47826"}],"wp:featuredmedia":[{"embeddable":true,"href":"https:\/\/pawz.rs\/en\/wp-json\/wp\/v2\/media\/47827"}],"wp:attachment":[{"href":"https:\/\/pawz.rs\/en\/wp-json\/wp\/v2\/media?parent=47826"}],"wp:term":[{"taxonomy":"pwb-brand","embeddable":true,"href":"https:\/\/pawz.rs\/en\/wp-json\/wp\/v2\/pwb-brand?post=47826"},{"taxonomy":"product_cat","embeddable":true,"href":"https:\/\/pawz.rs\/en\/wp-json\/wp\/v2\/product_cat?post=47826"},{"taxonomy":"product_tag","embeddable":true,"href":"https:\/\/pawz.rs\/en\/wp-json\/wp\/v2\/product_tag?post=47826"}],"curies":[{"name":"wp","href":"https:\/\/api.w.org\/{rel}","templated":true}]}}