{"id":47828,"date":"2025-10-03T11:03:30","date_gmt":"2025-10-03T09:03:30","guid":{"rendered":"https:\/\/pawz.rs\/?post_type=product&#038;p=47828"},"modified":"2026-05-04T19:44:48","modified_gmt":"2026-05-04T17:44:48","slug":"boxby-poslastica-joint-mobility-100g","status":"publish","type":"product","link":"https:\/\/pawz.rs\/en\/boxby-poslastica-joint-mobility-100g\/","title":{"rendered":"Boxby Poslastica Joint &#038; Mobility 100g"},"content":{"rendered":"<p><strong>Boxby Poslastica Joint &amp; Mobility 100g<\/strong><\/p>\n<p>Dopunska hrana za pse starije od 4 meseca.\u00a0Funkcionalna poslastica koja pru\u017ea podr\u0161ku psima koji pate od problema sa zglobovima i pokretljivo\u0161c\u0301u. Kalcijum fruktoborat pobolj\u0161ava pokretljivost zglobova, smanjuje bol i smanjuje inflamatorne markere. Glukozamin i hondroitin sulfat su gra\u0111evinski blokovi za proizvodnju matriksa hrskavice. Zelenousna \u0161koljka ima antiinflamatorno dejstvo.<\/p>\n<ul>\n<li><strong>Kalcijum fruktoborat <\/strong>&#8211; Kalcijum fruktoborat je jedinjenje koje se nalazi u odre\u0111enom voc\u0301u, ora\u0161astim plodovima i mahunarkama, a sastoji se od kalcijuma, fruktoze i bora. Pokazalo se da kalcijum fruktoborat nema \u0161tetne efekte i ima vi\u0161estruko blagotvorno dejstvo na ljude, uklju\u010dujuc\u0301i antioksidativna i antiinflamatorna svojstva, antitumorske efekte i sposobnost da smanji bol i pobolj\u0161a funkciju artriti\u010dnih zglobova.<\/li>\n<li><strong>Glukozamin<\/strong> &#8211; Obezbe\u0111uje gradivne blokove za proizvodnju matriksa hrskavice za popravku zglobne hrskavice va\u0161eg psa.<\/li>\n<li><strong>Hondroitin sulfat <\/strong>&#8211; Promovi\u0161e zadr\u017eavanje vode i elasti\u010dnost u hrskavici, podr\u017eavajuc\u0301i apsorpciju udara i negujuc\u0301i hrskavicu. Ima antiinflamatorni efekat i obezbe\u0111uje gradivne blokove za proizvodnju matriksa hrskavice.<\/li>\n<li><strong>Zelenousna \u0161koljka<\/strong> \u2013 Sadr\u017ei mnoge hranljive materije, uklju\u010dujuc\u0301i vitamine, minerale, omega-3 masne kiseline i glikozaminoglikane, i imaju antiinflamatornu funkciju koja poma\u017ee u popravljanju mi\u0161ic\u0301a i pobolj\u0161ava funkciju zglobova.<\/li>\n<li><strong>Vitamin D, vitamin E i biotin <\/strong>&#8211; Vitamin D poma\u017ee u balansiranju minerala poput fosfora i kalcijuma za zdrav rast kostiju. Vitamin E podr\u017eava rad c\u0301elija i metabolizam masti i va\u017ean je za rast mi\u0161ic\u0301a. Biotin podr\u017eava zdrav imuni sistem.<\/li>\n<li><strong>Metilsulfonilmetan (MSM)<\/strong> &#8211; Metilsulfonilmetan (MSM) je prirodni dodatak koji se koristi kao antioksidans i antiinflamatorno sredstvo za osteoartritis.<\/li>\n<li><strong>Patka<\/strong>: jedini izvor \u017eivotinjskih proteina &#8211; Patka je dobro prihvac\u0301en izvor proteina da bi se izbegle reakcije preosetljivosti kod pasa. Bogat je gvo\u017e\u0111em i obezbe\u0111uje psima mr\u0161av izvor proteina koji se lako vari.<\/li>\n<li><strong>Hladno presovano ispod 60\u00b0C <\/strong>&#8211; Proizvodnja do maksimalno 60\u00b0C \u010duva hranljive vrednosti, posebno proteine i arome sastojaka koji se koriste u ovom proizvodu<\/li>\n<li><strong>Bez \u017eitarica, bez glutena <\/strong>&#8211; Neki psi mogu patiti od problema sa varenjem ili bolova u stomaku zbog jedenja \u017eitarica ili glutena. Zato u ovom proizvodu koristimo druge izvore ugljenih hidrata iz povrc\u0301a.<\/li>\n<\/ul>\n<p>\u010cuvati na hladnom i suvom mestu.<\/p>\n<p>Sve\u017ea voda treba uvek biti dostupna.<\/p>\n<p>Proizvo\u0111a\u010d: Scholtus Special Products B.V.<br \/>\nZemlja porekla: Holandija<\/p>\n\n    <div class=\"xs_social_share_widget xs_share_url after_content \t\tmain_content  wslu-style-1 wslu-share-box-shaped wslu-fill-colored wslu-none wslu-share-horizontal wslu-theme-font-no wslu-main_content\">\n\n\t\t\n        <ul>\n\t\t\t        <\/ul>\n    <\/div>","protected":false},"excerpt":{"rendered":"<p>Boxby Poslastica Joint &amp; Mobility za o\u010duvanje zglobova<\/p>","protected":false},"featured_media":47829,"comment_status":"open","ping_status":"closed","template":"","meta":{"_acf_changed":false},"pwb-brand":[1530],"product_cat":[47,103],"product_tag":[],"class_list":{"0":"post-47828","1":"product","2":"type-product","3":"status-publish","4":"has-post-thumbnail","6":"pwb-brand-boxby","7":"product_cat-psi","8":"product_cat-poslastice-za-pse","10":"first","11":"outofstock","12":"taxable","13":"shipping-taxable","14":"purchasable","15":"product-type-simple"},"acf":[],"brands":[{"id":1530,"name":"Boxby","slug":"boxby"}],"_links":{"self":[{"href":"https:\/\/pawz.rs\/en\/wp-json\/wp\/v2\/product\/47828","targetHints":{"allow":["GET"]}}],"collection":[{"href":"https:\/\/pawz.rs\/en\/wp-json\/wp\/v2\/product"}],"about":[{"href":"https:\/\/pawz.rs\/en\/wp-json\/wp\/v2\/types\/product"}],"replies":[{"embeddable":true,"href":"https:\/\/pawz.rs\/en\/wp-json\/wp\/v2\/comments?post=47828"}],"wp:featuredmedia":[{"embeddable":true,"href":"https:\/\/pawz.rs\/en\/wp-json\/wp\/v2\/media\/47829"}],"wp:attachment":[{"href":"https:\/\/pawz.rs\/en\/wp-json\/wp\/v2\/media?parent=47828"}],"wp:term":[{"taxonomy":"pwb-brand","embeddable":true,"href":"https:\/\/pawz.rs\/en\/wp-json\/wp\/v2\/pwb-brand?post=47828"},{"taxonomy":"product_cat","embeddable":true,"href":"https:\/\/pawz.rs\/en\/wp-json\/wp\/v2\/product_cat?post=47828"},{"taxonomy":"product_tag","embeddable":true,"href":"https:\/\/pawz.rs\/en\/wp-json\/wp\/v2\/product_tag?post=47828"}],"curies":[{"name":"wp","href":"https:\/\/api.w.org\/{rel}","templated":true}]}}