{"id":47836,"date":"2025-10-03T11:03:30","date_gmt":"2025-10-03T09:03:30","guid":{"rendered":"https:\/\/pawz.rs\/?post_type=product&#038;p=47836"},"modified":"2026-05-04T19:44:52","modified_gmt":"2026-05-04T17:44:52","slug":"boxby-poslastica-dental-stick-puppy-small-320-g","status":"publish","type":"product","link":"https:\/\/pawz.rs\/en\/boxby-poslastica-dental-stick-puppy-small-320-g\/","title":{"rendered":"Boxby Poslastica Dental Stick Puppy\/Small 320 g"},"content":{"rendered":"<p><strong>Boxby Poslastica Dental Stick Puppy\/Small 320 g<\/strong><\/p>\n<p>Dopunska hrana za pse, za male rase &#8211; odrasle i \u0161tence. Poslastica bez \u0161e\u0107era, oboga\u0107ena sa SHMP-om (Natrijum heksametafosfatom) i zeolitom. Za oralnu negu pasa.<\/p>\n<p><strong>Uputstvo za upotrebu<\/strong>: Ne preporu\u010duje se za pse mla\u0111e od 4 meseca. Psi treba da budu pod nadzorom sve vreme tokom hranjenja. Voda mora da bude stalno dostupna.<\/p>\n<p>\u010cuvajte na hladnom i suvom mestu.<\/p>\n<p>Sve\u017ea voda treba uvek biti dostupna.<\/p>\n<p>Proizvo\u0111a\u010d: Scholtus Special Products B.V.<br \/>\nZemlja porekla: Holandija<\/p>\n\n    <div class=\"xs_social_share_widget xs_share_url after_content \t\tmain_content  wslu-style-1 wslu-share-box-shaped wslu-fill-colored wslu-none wslu-share-horizontal wslu-theme-font-no wslu-main_content\">\n\n\t\t\n        <ul>\n\t\t\t        <\/ul>\n    <\/div>","protected":false},"excerpt":{"rendered":"<p>Boxby Poslastica Dental Stick Puppy\/Small za \u0161tenca i pse malih rasa<\/p>","protected":false},"featured_media":47837,"comment_status":"open","ping_status":"closed","template":"","meta":{"_acf_changed":false},"pwb-brand":[1530],"product_cat":[47,103],"product_tag":[],"class_list":{"0":"post-47836","1":"product","2":"type-product","3":"status-publish","4":"has-post-thumbnail","6":"pwb-brand-boxby","7":"product_cat-psi","8":"product_cat-poslastice-za-pse","10":"first","11":"outofstock","12":"taxable","13":"shipping-taxable","14":"purchasable","15":"product-type-simple"},"acf":[],"brands":[{"id":1530,"name":"Boxby","slug":"boxby"}],"_links":{"self":[{"href":"https:\/\/pawz.rs\/en\/wp-json\/wp\/v2\/product\/47836","targetHints":{"allow":["GET"]}}],"collection":[{"href":"https:\/\/pawz.rs\/en\/wp-json\/wp\/v2\/product"}],"about":[{"href":"https:\/\/pawz.rs\/en\/wp-json\/wp\/v2\/types\/product"}],"replies":[{"embeddable":true,"href":"https:\/\/pawz.rs\/en\/wp-json\/wp\/v2\/comments?post=47836"}],"wp:featuredmedia":[{"embeddable":true,"href":"https:\/\/pawz.rs\/en\/wp-json\/wp\/v2\/media\/47837"}],"wp:attachment":[{"href":"https:\/\/pawz.rs\/en\/wp-json\/wp\/v2\/media?parent=47836"}],"wp:term":[{"taxonomy":"pwb-brand","embeddable":true,"href":"https:\/\/pawz.rs\/en\/wp-json\/wp\/v2\/pwb-brand?post=47836"},{"taxonomy":"product_cat","embeddable":true,"href":"https:\/\/pawz.rs\/en\/wp-json\/wp\/v2\/product_cat?post=47836"},{"taxonomy":"product_tag","embeddable":true,"href":"https:\/\/pawz.rs\/en\/wp-json\/wp\/v2\/product_tag?post=47836"}],"curies":[{"name":"wp","href":"https:\/\/api.w.org\/{rel}","templated":true}]}}