{"id":47878,"date":"2025-10-03T13:08:02","date_gmt":"2025-10-03T11:08:02","guid":{"rendered":"https:\/\/pawz.rs\/?post_type=product&#038;p=47878"},"modified":"2025-11-19T17:35:05","modified_gmt":"2025-11-19T16:35:05","slug":"trixie-kisni-mantil-za-pse-solid-xs-25cm","status":"publish","type":"product","link":"https:\/\/pawz.rs\/en\/trixie-kisni-mantil-za-pse-solid-xs-25cm\/","title":{"rendered":"Trixie Ki\u0161ni Mantil za Pse Solid XS 25cm"},"content":{"rendered":"<p><strong>Trixie Ki\u0161ni Mantil za Pse Solid XS 25cm<\/strong><\/p>\n<ul>\n<li>ki\u0161no odelo za pse<\/li>\n<li>veli\u010dina: XS<\/li>\n<li>du\u017eina: 25cm<\/li>\n<li>Obim stomaka: 32-60 cm<\/li>\n<li>boja: siva, narand\u017easta<\/li>\n<li>materijal: poliester<\/li>\n<li>mre\u017easta postava<\/li>\n<li>vodootporna, vetrootporna zahvaljuju\u0107i Teflon premazu<\/li>\n<li>podesiva traka za bolje prijanjanje oko struka<\/li>\n<li>visoka kragna<\/li>\n<li>Uzica za zatezanje kragne i zadnjeg dela<\/li>\n<li>otvor za vezivanje povoca na ogrlicu<\/li>\n<li>Pri\u010dvr\u0161\u0107ivanje porubljenim elasti\u010dnim trakama za zadnje noge<\/li>\n<li>sa reflektivnim elementima<\/li>\n<li>pranja na 30 stepeni<\/li>\n<\/ul>\n<p>Proizvo\u0111a\u010d: TRIXIE Pet Products, Inc<br \/>\nZemlja Porekla: Nema\u010dka<\/p>\n\n    <div class=\"xs_social_share_widget xs_share_url after_content \t\tmain_content  wslu-style-1 wslu-share-box-shaped wslu-fill-colored wslu-none wslu-share-horizontal wslu-theme-font-no wslu-main_content\">\n\n\t\t\n        <ul>\n\t\t\t        <\/ul>\n    <\/div>","protected":false},"excerpt":{"rendered":"<p>Trixie Ki\u0161ni Mantil za Pse Solid XS 25cm<\/p>","protected":false},"featured_media":47879,"comment_status":"open","ping_status":"closed","template":"","meta":{"_acf_changed":false},"pwb-brand":[465],"product_cat":[47,202,203],"product_tag":[1521],"class_list":{"0":"post-47878","1":"product","2":"type-product","3":"status-publish","4":"has-post-thumbnail","6":"pwb-brand-trixie","7":"product_cat-psi","8":"product_cat-oprema-za-pse","9":"product_cat-oprema-za-setnju","10":"product_tag-jesen-zima","12":"first","13":"instock","14":"taxable","15":"shipping-taxable","16":"purchasable","17":"product-type-simple"},"acf":[],"brands":[{"id":465,"name":"Trixie","slug":"trixie"}],"_links":{"self":[{"href":"https:\/\/pawz.rs\/en\/wp-json\/wp\/v2\/product\/47878","targetHints":{"allow":["GET"]}}],"collection":[{"href":"https:\/\/pawz.rs\/en\/wp-json\/wp\/v2\/product"}],"about":[{"href":"https:\/\/pawz.rs\/en\/wp-json\/wp\/v2\/types\/product"}],"replies":[{"embeddable":true,"href":"https:\/\/pawz.rs\/en\/wp-json\/wp\/v2\/comments?post=47878"}],"wp:featuredmedia":[{"embeddable":true,"href":"https:\/\/pawz.rs\/en\/wp-json\/wp\/v2\/media\/47879"}],"wp:attachment":[{"href":"https:\/\/pawz.rs\/en\/wp-json\/wp\/v2\/media?parent=47878"}],"wp:term":[{"taxonomy":"pwb-brand","embeddable":true,"href":"https:\/\/pawz.rs\/en\/wp-json\/wp\/v2\/pwb-brand?post=47878"},{"taxonomy":"product_cat","embeddable":true,"href":"https:\/\/pawz.rs\/en\/wp-json\/wp\/v2\/product_cat?post=47878"},{"taxonomy":"product_tag","embeddable":true,"href":"https:\/\/pawz.rs\/en\/wp-json\/wp\/v2\/product_tag?post=47878"}],"curies":[{"name":"wp","href":"https:\/\/api.w.org\/{rel}","templated":true}]}}