{"id":47884,"date":"2025-10-03T14:01:24","date_gmt":"2025-10-03T12:01:24","guid":{"rendered":"https:\/\/pawz.rs\/?post_type=product&#038;p=47884"},"modified":"2025-11-19T17:35:01","modified_gmt":"2025-11-19T16:35:01","slug":"trixie-kisno-odelce-za-pse-rouen","status":"publish","type":"product","link":"https:\/\/pawz.rs\/en\/trixie-kisno-odelce-za-pse-rouen\/","title":{"rendered":"Trixie Ki\u0161no Odelce za Pse Rouen"},"content":{"rendered":"<p><strong>Trixie Ki\u0161no Odelce za Pse Rouen<\/strong><\/p>\n<ul>\n<li>ki\u0161no odelo za pse<\/li>\n<li>idealno za pse gra\u0111e francuskog i engleskog buldoga i mopsa<\/li>\n<li>Boja: plava<\/li>\n<li>Materijal: polyester<\/li>\n<li>postava: mekani filc<\/li>\n<li>Otvor za ka\u010denje povoca<\/li>\n<li>Prijanja uz telo<\/li>\n<li>Pri\u010dvr\u0161\u0107ivanje elasti\u010dnim trakama za zadnje noge<\/li>\n<li>reflektivni obrub<\/li>\n<li>Pranje: ru\u010dno na 30 stepeni<\/li>\n<\/ul>\n<p>Dimenzije:<\/p>\n<div class=\"table-wrapper\">\n<table style=\"height: 205px\" border=\"1\" width=\"1243\">\n<tbody>\n<tr>\n<td width=\"246\">Naziv proizvoda<\/td>\n<td width=\"84\">Veli\u010dina<\/td>\n<td width=\"108\">Obim grudi<\/td>\n<td width=\"96\">Du\u017eina<\/td>\n<\/tr>\n<tr>\n<td width=\"246\">Trixie Ki\u0161no Odelce za Pse Rouen XS<\/td>\n<td width=\"84\">XXS<\/td>\n<td width=\"108\">45-60cm<\/td>\n<td width=\"96\">32cm<\/td>\n<\/tr>\n<tr>\n<td width=\"246\">Trixie Ki\u0161no Odelce za Pse Rouen S<\/td>\n<td width=\"84\">XS<\/td>\n<td width=\"108\">47-62 cm<\/td>\n<td width=\"96\">34cm<\/td>\n<\/tr>\n<tr>\n<td width=\"246\">Trixie Ki\u0161no Odelce za Pse Rouen S<\/td>\n<td width=\"84\">S<\/td>\n<td width=\"108\">50-70 cm<\/td>\n<td width=\"96\">36cm<\/td>\n<\/tr>\n<tr>\n<td width=\"246\">Trixie Ki\u0161no Odelce za Pse Rouen S<\/td>\n<td width=\"84\">S-M<\/td>\n<td width=\"108\">51-72 cm<\/td>\n<td width=\"96\">38cm<\/td>\n<\/tr>\n<tr>\n<td width=\"246\">Trixie Ki\u0161no Odelce za Pse Rouen S<\/td>\n<td width=\"84\">M<\/td>\n<td width=\"108\">54-76 cm<\/td>\n<td width=\"96\">40 cm<\/td>\n<\/tr>\n<tr>\n<td width=\"246\">Trixie Ki\u0161no Odelce za Pse Rouen M<\/td>\n<td width=\"84\">M-L<\/td>\n<td width=\"108\">60-84 cm<\/td>\n<td width=\"96\">43 cm<\/td>\n<\/tr>\n<tr>\n<td width=\"246\">Trixie Ki\u0161no Odelce za Pse Rouen M<\/td>\n<td width=\"84\">L<\/td>\n<td width=\"108\">60-84 cm<\/td>\n<td width=\"96\">48 cm<\/td>\n<\/tr>\n<tr>\n<td width=\"246\">Trixie Ki\u0161no Odelce za Pse Rouen M<\/td>\n<td width=\"84\">XL<\/td>\n<td width=\"108\">62-89 cm<\/td>\n<td width=\"96\">52 cm<\/td>\n<\/tr>\n<\/tbody>\n<\/table>\n<\/div>\n<p>Proizvo\u0111a\u010d: TRIXIE Pet Products, Inc<br \/>\nZemlja Porekla: Nema\u010dka<\/p>\n\n    <div class=\"xs_social_share_widget xs_share_url after_content \t\tmain_content  wslu-style-1 wslu-share-box-shaped wslu-fill-colored wslu-none wslu-share-horizontal wslu-theme-font-no wslu-main_content\">\n\n\t\t\n        <ul>\n\t\t\t        <\/ul>\n    <\/div>","protected":false},"excerpt":{"rendered":"<p>Trixie Ki\u0161no Odelce za Pse Rouen<\/p>","protected":false},"featured_media":47895,"comment_status":"open","ping_status":"closed","template":"","meta":{"_acf_changed":false},"pwb-brand":[465],"product_cat":[47,202,203],"product_tag":[1521],"class_list":{"0":"post-47884","1":"product","2":"type-product","3":"status-publish","4":"has-post-thumbnail","6":"pwb-brand-trixie","7":"product_cat-psi","8":"product_cat-oprema-za-pse","9":"product_cat-oprema-za-setnju","10":"product_tag-jesen-zima","12":"first","13":"instock","14":"taxable","15":"shipping-taxable","16":"purchasable","17":"product-type-variable","18":"has-default-attributes"},"acf":[],"brands":[{"id":465,"name":"Trixie","slug":"trixie"}],"_links":{"self":[{"href":"https:\/\/pawz.rs\/en\/wp-json\/wp\/v2\/product\/47884","targetHints":{"allow":["GET"]}}],"collection":[{"href":"https:\/\/pawz.rs\/en\/wp-json\/wp\/v2\/product"}],"about":[{"href":"https:\/\/pawz.rs\/en\/wp-json\/wp\/v2\/types\/product"}],"replies":[{"embeddable":true,"href":"https:\/\/pawz.rs\/en\/wp-json\/wp\/v2\/comments?post=47884"}],"wp:featuredmedia":[{"embeddable":true,"href":"https:\/\/pawz.rs\/en\/wp-json\/wp\/v2\/media\/47895"}],"wp:attachment":[{"href":"https:\/\/pawz.rs\/en\/wp-json\/wp\/v2\/media?parent=47884"}],"wp:term":[{"taxonomy":"pwb-brand","embeddable":true,"href":"https:\/\/pawz.rs\/en\/wp-json\/wp\/v2\/pwb-brand?post=47884"},{"taxonomy":"product_cat","embeddable":true,"href":"https:\/\/pawz.rs\/en\/wp-json\/wp\/v2\/product_cat?post=47884"},{"taxonomy":"product_tag","embeddable":true,"href":"https:\/\/pawz.rs\/en\/wp-json\/wp\/v2\/product_tag?post=47884"}],"curies":[{"name":"wp","href":"https:\/\/api.w.org\/{rel}","templated":true}]}}