{"id":47903,"date":"2025-10-03T14:01:25","date_gmt":"2025-10-03T12:01:25","guid":{"rendered":"https:\/\/pawz.rs\/?post_type=product&#038;p=47903"},"modified":"2025-11-19T17:35:00","modified_gmt":"2025-11-19T16:35:00","slug":"trixie-kisni-mantil-za-pse-helsinki","status":"publish","type":"product","link":"https:\/\/pawz.rs\/en\/trixie-kisni-mantil-za-pse-helsinki\/","title":{"rendered":"Trixie Ki\u0161ni Mantil za Pse Helsinki"},"content":{"rendered":"<p><strong>Trixie Ki\u0161ni Mantil za Pse Helsinki<\/strong><\/p>\n<ul>\n<li>ki\u0161ni mantil sa nogavicama<\/li>\n<li>veli\u010dina: L<\/li>\n<li>obim struka: 80cm<\/li>\n<li>du\u017eina: 55cm<\/li>\n<li>\u0161titi telo psa od vlage, hladno\u0107e i prljav\u0161tine<\/li>\n<li>posebno se preporu\u010duje za pse duge dlake<\/li>\n<li>vodootporan<\/li>\n<li>sa kvalitetnom postavom od flisa<\/li>\n<li>idealan izbor za pse kratke dlake<\/li>\n<li>vodootporan rajsfer\u0161lus<\/li>\n<li>sa reflektivnim trakama<\/li>\n<li>boja: siva, tamno siva<\/li>\n<li>sa \u010di\u010dak trakom i u\u010dkurama za bolje pristajanje<\/li>\n<\/ul>\n<p>Proizvo\u0111a\u010d: TRIXIE Pet Products, Inc<br \/>\nZemlja Porekla: Nema\u010dka<\/p>\n\n    <div class=\"xs_social_share_widget xs_share_url after_content \t\tmain_content  wslu-style-1 wslu-share-box-shaped wslu-fill-colored wslu-none wslu-share-horizontal wslu-theme-font-no wslu-main_content\">\n\n\t\t\n        <ul>\n\t\t\t        <\/ul>\n    <\/div>","protected":false},"excerpt":{"rendered":"<p>Trixie Ki\u0161ni Mantil za Pse Helsinki<\/p>","protected":false},"featured_media":47904,"comment_status":"open","ping_status":"closed","template":"","meta":{"_acf_changed":false},"pwb-brand":[465],"product_cat":[202,203,47],"product_tag":[1521],"class_list":{"0":"post-47903","1":"product","2":"type-product","3":"status-publish","4":"has-post-thumbnail","6":"pwb-brand-trixie","7":"product_cat-oprema-za-pse","8":"product_cat-oprema-za-setnju","9":"product_cat-psi","10":"product_tag-jesen-zima","12":"first","13":"instock","14":"taxable","15":"shipping-taxable","16":"purchasable","17":"product-type-simple"},"acf":[],"brands":[{"id":465,"name":"Trixie","slug":"trixie"}],"_links":{"self":[{"href":"https:\/\/pawz.rs\/en\/wp-json\/wp\/v2\/product\/47903","targetHints":{"allow":["GET"]}}],"collection":[{"href":"https:\/\/pawz.rs\/en\/wp-json\/wp\/v2\/product"}],"about":[{"href":"https:\/\/pawz.rs\/en\/wp-json\/wp\/v2\/types\/product"}],"replies":[{"embeddable":true,"href":"https:\/\/pawz.rs\/en\/wp-json\/wp\/v2\/comments?post=47903"}],"wp:featuredmedia":[{"embeddable":true,"href":"https:\/\/pawz.rs\/en\/wp-json\/wp\/v2\/media\/47904"}],"wp:attachment":[{"href":"https:\/\/pawz.rs\/en\/wp-json\/wp\/v2\/media?parent=47903"}],"wp:term":[{"taxonomy":"pwb-brand","embeddable":true,"href":"https:\/\/pawz.rs\/en\/wp-json\/wp\/v2\/pwb-brand?post=47903"},{"taxonomy":"product_cat","embeddable":true,"href":"https:\/\/pawz.rs\/en\/wp-json\/wp\/v2\/product_cat?post=47903"},{"taxonomy":"product_tag","embeddable":true,"href":"https:\/\/pawz.rs\/en\/wp-json\/wp\/v2\/product_tag?post=47903"}],"curies":[{"name":"wp","href":"https:\/\/api.w.org\/{rel}","templated":true}]}}